{"id":639413,"date":"2025-08-08T18:59:24","date_gmt":"2025-08-08T16:59:24","guid":{"rendered":"https:\/\/lucacastelli.com\/prodotto\/milwaukee-satz-ratschen-maulschluessel-max-bite-3\/"},"modified":"2025-08-08T18:59:24","modified_gmt":"2025-08-08T16:59:24","slug":"milwaukee-satz-ratschen-maulschluessel-max-bite-3","status":"publish","type":"product","link":"https:\/\/lucacastelli.com\/de\/produkt\/milwaukee-satz-ratschen-maulschluessel-max-bite-3\/","title":{"rendered":"MILWAUKEE Satz Ratschen-Maulschl\u00fcssel MAX BITE\u2122"},"content":{"rendered":"<p>7-teiliger Ratschen-Maulschl\u00fcsselsatz \u2013 1 St\u00fcck<br \/>\n144 Z\u00e4hne mit 2,5\u00b0 Neigung zum Arbeiten in engsten R\u00e4umen;Doppelter Sperrklinkenmechanismus f\u00fcr einen dauerhaften und widerstandsf\u00e4higen Mechanismus;Die MAX BITE\u2122-\u00d6ffnung reduziert das Abrunden und Abplatzen;Abgerundeter I-Beam-Griff f\u00fcr einen komfortablen Halt;Laser-Siebdruck mit Tinte f\u00fcr bessere Sichtbarkeit;Verchromte Oberfl\u00e4che<\/p>\n<p>4932464995<br \/>\n4058546229405<\/p>\n","protected":false},"excerpt":{"rendered":"<p>7-teiliger Ratschen-Maulschl\u00fcsselsatz \u2013 1 St\u00fcck<\/p>\n","protected":false},"featured_media":530560,"template":"","meta":{"_seopress_robots_primary_cat":"","_seopress_titles_title":"","_seopress_titles_desc":"","_seopress_robots_index":""},"product_brand":[3407],"product_cat":[5416,33],"product_tag":[3270],"class_list":{"0":"post-639413","1":"product","2":"type-product","3":"status-publish","4":"has-post-thumbnail","6":"product_brand-milwaukee","7":"product_cat-utensili-per-officina","8":"product_cat-attrezzature","9":"product_tag-import-milwau","10":"sws-conto-ricavi-merci-rivendita-macchinari-de","11":"sws-gruppo-iva-iva81-de","13":"first","14":"onbackorder","15":"sale","16":"shipping-taxable","17":"purchasable","18":"product-type-simple"},"_links":{"self":[{"href":"https:\/\/lucacastelli.com\/de\/wp-json\/wp\/v2\/product\/639413","targetHints":{"allow":["GET"]}}],"collection":[{"href":"https:\/\/lucacastelli.com\/de\/wp-json\/wp\/v2\/product"}],"about":[{"href":"https:\/\/lucacastelli.com\/de\/wp-json\/wp\/v2\/types\/product"}],"wp:featuredmedia":[{"embeddable":true,"href":"https:\/\/lucacastelli.com\/de\/wp-json\/wp\/v2\/media\/530560"}],"wp:attachment":[{"href":"https:\/\/lucacastelli.com\/de\/wp-json\/wp\/v2\/media?parent=639413"}],"wp:term":[{"taxonomy":"product_brand","embeddable":true,"href":"https:\/\/lucacastelli.com\/de\/wp-json\/wp\/v2\/product_brand?post=639413"},{"taxonomy":"product_cat","embeddable":true,"href":"https:\/\/lucacastelli.com\/de\/wp-json\/wp\/v2\/product_cat?post=639413"},{"taxonomy":"product_tag","embeddable":true,"href":"https:\/\/lucacastelli.com\/de\/wp-json\/wp\/v2\/product_tag?post=639413"}],"curies":[{"name":"wp","href":"https:\/\/api.w.org\/{rel}","templated":true}]}}