{"id":639407,"date":"2025-08-08T18:59:23","date_gmt":"2025-08-08T16:59:23","guid":{"rendered":"https:\/\/lucacastelli.com\/prodotto\/milwaukee-set-gelenkratschenschluessel-max-bite\/"},"modified":"2025-08-08T18:59:23","modified_gmt":"2025-08-08T16:59:23","slug":"milwaukee-set-gelenkratschenschluessel-max-bite","status":"publish","type":"product","link":"https:\/\/lucacastelli.com\/de\/produkt\/milwaukee-set-gelenkratschenschluessel-max-bite\/","title":{"rendered":"MILWAUKEE Set Gelenkratschenschl\u00fcssel MAX BITE\u2122"},"content":{"rendered":"<p>7-teiliges Maxbite Gelenkschl\u00fcssel-Set<br \/>\nGelenkiger Kopf, der bis zu 180\u00b0 dreht f\u00fcr maximalen Zugang zu engen R\u00e4umen;Die MAX BITE\u2122-\u00d6ffnung reduziert Verbiegen und Abplatzen;144 Ratschenz\u00e4hne mit 2,5\u00b0 Neigung f\u00fcr Arbeiten in engsten R\u00e4umen;Doppelter Sperrklinken-Mechanismus f\u00fcr langlebige und zeitbest\u00e4ndige Funktion;Abgerundeter I-Beam-Griff f\u00fcr komfortablen Halt;Laser-Siebdruck mit Tinte nachbearbeitet f\u00fcr bessere Sichtbarkeit;Verchromte Oberfl\u00e4che<\/p>\n<p>4932478557<br \/>\n4058546347505<\/p>\n","protected":false},"excerpt":{"rendered":"<p>7-teiliges Maxbite Gelenkschl\u00fcssel-Set<\/p>\n","protected":false},"featured_media":541100,"template":"","meta":{"_seopress_robots_primary_cat":"","_seopress_titles_title":"","_seopress_titles_desc":"","_seopress_robots_index":""},"product_brand":[3407],"product_cat":[5416,33],"product_tag":[3270],"class_list":{"0":"post-639407","1":"product","2":"type-product","3":"status-publish","4":"has-post-thumbnail","6":"product_brand-milwaukee","7":"product_cat-utensili-per-officina","8":"product_cat-attrezzature","9":"product_tag-import-milwau","10":"sws-conto-ricavi-merci-rivendita-macchinari-de","11":"sws-gruppo-iva-iva81-de","13":"first","14":"onbackorder","15":"sale","16":"shipping-taxable","17":"purchasable","18":"product-type-simple"},"_links":{"self":[{"href":"https:\/\/lucacastelli.com\/de\/wp-json\/wp\/v2\/product\/639407","targetHints":{"allow":["GET"]}}],"collection":[{"href":"https:\/\/lucacastelli.com\/de\/wp-json\/wp\/v2\/product"}],"about":[{"href":"https:\/\/lucacastelli.com\/de\/wp-json\/wp\/v2\/types\/product"}],"wp:featuredmedia":[{"embeddable":true,"href":"https:\/\/lucacastelli.com\/de\/wp-json\/wp\/v2\/media\/541100"}],"wp:attachment":[{"href":"https:\/\/lucacastelli.com\/de\/wp-json\/wp\/v2\/media?parent=639407"}],"wp:term":[{"taxonomy":"product_brand","embeddable":true,"href":"https:\/\/lucacastelli.com\/de\/wp-json\/wp\/v2\/product_brand?post=639407"},{"taxonomy":"product_cat","embeddable":true,"href":"https:\/\/lucacastelli.com\/de\/wp-json\/wp\/v2\/product_cat?post=639407"},{"taxonomy":"product_tag","embeddable":true,"href":"https:\/\/lucacastelli.com\/de\/wp-json\/wp\/v2\/product_tag?post=639407"}],"curies":[{"name":"wp","href":"https:\/\/api.w.org\/{rel}","templated":true}]}}