{"id":639404,"date":"2025-08-08T18:59:20","date_gmt":"2025-08-08T16:59:20","guid":{"rendered":"https:\/\/lucacastelli.com\/prodotto\/milwaukee-satz-ratschen-maulschluessel-max-bite-2\/"},"modified":"2025-08-08T18:59:20","modified_gmt":"2025-08-08T16:59:20","slug":"milwaukee-satz-ratschen-maulschluessel-max-bite-2","status":"publish","type":"product","link":"https:\/\/lucacastelli.com\/de\/produkt\/milwaukee-satz-ratschen-maulschluessel-max-bite-2\/","title":{"rendered":"MILWAUKEE Satz Ratschen-Maulschl\u00fcssel MAX BITE\u2122"},"content":{"rendered":"<p>SET SCHL\u00dcSSEL DOPP CRICCH 7 Stk. SerieMax 1 Stk.<br \/>\n144 Ratschenz\u00e4hne f\u00fcr bessere Zug\u00e4nglichkeit; Maximaler Komfort dank des abgerundeten Designs; Anzeige der mit Tinte gef\u00fcllten Ma\u00dfe f\u00fcr bessere Sichtbarkeit; 15\u00b0 Neigung f\u00fcr besseren Zugang w\u00e4hrend der Anwendung; Stahl mit Verchromung; Hergestellt aus extrem widerstandsf\u00e4higem und haltbarem Material<\/p>\n<p>4932464993<br \/>\n4058546229382<\/p>\n","protected":false},"excerpt":{"rendered":"<p>SET SCHL\u00dcSSEL DOPP CRICCH 7 Stk. SerieMax 1 Stk.<\/p>\n","protected":false},"featured_media":530518,"template":"","meta":{"_seopress_robots_primary_cat":"","_seopress_titles_title":"","_seopress_titles_desc":"","_seopress_robots_index":""},"product_brand":[3407],"product_cat":[5416,33],"product_tag":[3270],"class_list":{"0":"post-639404","1":"product","2":"type-product","3":"status-publish","4":"has-post-thumbnail","6":"product_brand-milwaukee","7":"product_cat-utensili-per-officina","8":"product_cat-attrezzature","9":"product_tag-import-milwau","10":"sws-conto-ricavi-merci-rivendita-macchinari-de","11":"sws-gruppo-iva-iva81-de","13":"first","14":"onbackorder","15":"sale","16":"shipping-taxable","17":"purchasable","18":"product-type-simple"},"_links":{"self":[{"href":"https:\/\/lucacastelli.com\/de\/wp-json\/wp\/v2\/product\/639404","targetHints":{"allow":["GET"]}}],"collection":[{"href":"https:\/\/lucacastelli.com\/de\/wp-json\/wp\/v2\/product"}],"about":[{"href":"https:\/\/lucacastelli.com\/de\/wp-json\/wp\/v2\/types\/product"}],"wp:featuredmedia":[{"embeddable":true,"href":"https:\/\/lucacastelli.com\/de\/wp-json\/wp\/v2\/media\/530518"}],"wp:attachment":[{"href":"https:\/\/lucacastelli.com\/de\/wp-json\/wp\/v2\/media?parent=639404"}],"wp:term":[{"taxonomy":"product_brand","embeddable":true,"href":"https:\/\/lucacastelli.com\/de\/wp-json\/wp\/v2\/product_brand?post=639404"},{"taxonomy":"product_cat","embeddable":true,"href":"https:\/\/lucacastelli.com\/de\/wp-json\/wp\/v2\/product_cat?post=639404"},{"taxonomy":"product_tag","embeddable":true,"href":"https:\/\/lucacastelli.com\/de\/wp-json\/wp\/v2\/product_tag?post=639404"}],"curies":[{"name":"wp","href":"https:\/\/api.w.org\/{rel}","templated":true}]}}