{"id":639400,"date":"2025-08-08T18:59:22","date_gmt":"2025-08-08T16:59:22","guid":{"rendered":"https:\/\/lucacastelli.com\/prodotto\/milwaukee-max-bite-gelenk-ratschen-kombinationsschluesselsatz\/"},"modified":"2025-08-08T18:59:22","modified_gmt":"2025-08-08T16:59:22","slug":"milwaukee-max-bite-gelenk-ratschen-kombinationsschluesselsatz","status":"publish","type":"product","link":"https:\/\/lucacastelli.com\/de\/produkt\/milwaukee-max-bite-gelenk-ratschen-kombinationsschluesselsatz\/","title":{"rendered":"MILWAUKEE MAX BITE\u2122 Gelenk-Ratschen-Kombinationsschl\u00fcsselsatz"},"content":{"rendered":"<p>15pc Maxbite Flex Head Spanner Set<br \/>\nGelenkkopf, der sich um bis zu 180\u00b0 drehen l\u00e4sst, f\u00fcr maximalen Zugang zu engen R\u00e4umen; Die MAX BITE\u2122-\u00d6ffnung reduziert das Durchbiegen und Abplatzen; 144 Ratschenz\u00e4hne mit 2,5\u00b0 Neigung f\u00fcr Arbeiten auf engstem Raum; Doppelklinke f\u00fcr einen langlebigen und widerstandsf\u00e4higen Mechanismus; Abgerundeter I-Beam-Griff f\u00fcr einen komfortablen Halt; Laser-Siebdruck mit Tinte nachbearbeitet f\u00fcr bessere Sichtbarkeit; Verchromte Oberfl\u00e4che<\/p>\n<p>4932478558<br \/>\n4058546347512<\/p>\n","protected":false},"excerpt":{"rendered":"<p>15pc Maxbite Flex Head Spanner Set<\/p>\n","protected":false},"featured_media":541100,"template":"","meta":{"_seopress_robots_primary_cat":"","_seopress_titles_title":"","_seopress_titles_desc":"","_seopress_robots_index":""},"product_brand":[3407],"product_cat":[5416,33],"product_tag":[3270],"class_list":{"0":"post-639400","1":"product","2":"type-product","3":"status-publish","4":"has-post-thumbnail","6":"product_brand-milwaukee","7":"product_cat-utensili-per-officina","8":"product_cat-attrezzature","9":"product_tag-import-milwau","10":"sws-conto-ricavi-merci-rivendita-macchinari-de","11":"sws-gruppo-iva-iva81-de","13":"first","14":"onbackorder","15":"sale","16":"shipping-taxable","17":"purchasable","18":"product-type-simple"},"_links":{"self":[{"href":"https:\/\/lucacastelli.com\/de\/wp-json\/wp\/v2\/product\/639400","targetHints":{"allow":["GET"]}}],"collection":[{"href":"https:\/\/lucacastelli.com\/de\/wp-json\/wp\/v2\/product"}],"about":[{"href":"https:\/\/lucacastelli.com\/de\/wp-json\/wp\/v2\/types\/product"}],"wp:featuredmedia":[{"embeddable":true,"href":"https:\/\/lucacastelli.com\/de\/wp-json\/wp\/v2\/media\/541100"}],"wp:attachment":[{"href":"https:\/\/lucacastelli.com\/de\/wp-json\/wp\/v2\/media?parent=639400"}],"wp:term":[{"taxonomy":"product_brand","embeddable":true,"href":"https:\/\/lucacastelli.com\/de\/wp-json\/wp\/v2\/product_brand?post=639400"},{"taxonomy":"product_cat","embeddable":true,"href":"https:\/\/lucacastelli.com\/de\/wp-json\/wp\/v2\/product_cat?post=639400"},{"taxonomy":"product_tag","embeddable":true,"href":"https:\/\/lucacastelli.com\/de\/wp-json\/wp\/v2\/product_tag?post=639400"}],"curies":[{"name":"wp","href":"https:\/\/api.w.org\/{rel}","templated":true}]}}