{"id":639399,"date":"2025-08-08T18:59:02","date_gmt":"2025-08-08T16:59:02","guid":{"rendered":"https:\/\/lucacastelli.com\/prodotto\/milwaukee-satz-ratschen-maulschluessel-max-bite\/"},"modified":"2025-08-08T18:59:02","modified_gmt":"2025-08-08T16:59:02","slug":"milwaukee-satz-ratschen-maulschluessel-max-bite","status":"publish","type":"product","link":"https:\/\/lucacastelli.com\/de\/produkt\/milwaukee-satz-ratschen-maulschluessel-max-bite\/","title":{"rendered":"MILWAUKEE Satz Ratschen-Maulschl\u00fcssel MAX BITE\u2122"},"content":{"rendered":"<p>SCHL\u00dcSSELSATZ DOPP RATSCHE 15tlg SerieMax 1Stk.<br \/>\n144 Z\u00e4hne mit Ratschenfunktion f\u00fcr bessere Zug\u00e4nglichkeit;Maximaler Komfort dank abgerundetem Design;Anzeige der mit Tinte gef\u00fcllten Ma\u00dfe f\u00fcr bessere Sichtbarkeit;15\u00b0 Neigung f\u00fcr besseren Zugang w\u00e4hrend der Anwendung;Verchromter Stahl;Hergestellt aus extrem widerstandsf\u00e4higem und langlebigem Material<\/p>\n<p>4932464994<br \/>\n4058546229399<\/p>\n","protected":false},"excerpt":{"rendered":"<p>SCHL\u00dcSSELSATZ DOPP RATSCHE 15tlg SerieMax 1Stk.<\/p>\n","protected":false},"featured_media":530527,"template":"","meta":{"_seopress_robots_primary_cat":"","_seopress_titles_title":"","_seopress_titles_desc":"","_seopress_robots_index":""},"product_brand":[3407],"product_cat":[5416,33],"product_tag":[3270],"class_list":{"0":"post-639399","1":"product","2":"type-product","3":"status-publish","4":"has-post-thumbnail","6":"product_brand-milwaukee","7":"product_cat-utensili-per-officina","8":"product_cat-attrezzature","9":"product_tag-import-milwau","10":"sws-conto-ricavi-merci-rivendita-macchinari-de","11":"sws-gruppo-iva-iva81-de","13":"first","14":"onbackorder","15":"sale","16":"shipping-taxable","17":"purchasable","18":"product-type-simple"},"_links":{"self":[{"href":"https:\/\/lucacastelli.com\/de\/wp-json\/wp\/v2\/product\/639399","targetHints":{"allow":["GET"]}}],"collection":[{"href":"https:\/\/lucacastelli.com\/de\/wp-json\/wp\/v2\/product"}],"about":[{"href":"https:\/\/lucacastelli.com\/de\/wp-json\/wp\/v2\/types\/product"}],"wp:featuredmedia":[{"embeddable":true,"href":"https:\/\/lucacastelli.com\/de\/wp-json\/wp\/v2\/media\/530527"}],"wp:attachment":[{"href":"https:\/\/lucacastelli.com\/de\/wp-json\/wp\/v2\/media?parent=639399"}],"wp:term":[{"taxonomy":"product_brand","embeddable":true,"href":"https:\/\/lucacastelli.com\/de\/wp-json\/wp\/v2\/product_brand?post=639399"},{"taxonomy":"product_cat","embeddable":true,"href":"https:\/\/lucacastelli.com\/de\/wp-json\/wp\/v2\/product_cat?post=639399"},{"taxonomy":"product_tag","embeddable":true,"href":"https:\/\/lucacastelli.com\/de\/wp-json\/wp\/v2\/product_tag?post=639399"}],"curies":[{"name":"wp","href":"https:\/\/api.w.org\/{rel}","templated":true}]}}