{"id":639394,"date":"2025-08-08T18:58:57","date_gmt":"2025-08-08T16:58:57","guid":{"rendered":"https:\/\/lucacastelli.com\/prodotto\/milwaukee-faltbarer-sechskantschluessel-satz-2\/"},"modified":"2025-08-08T18:58:57","modified_gmt":"2025-08-08T16:58:57","slug":"milwaukee-faltbarer-sechskantschluessel-satz-2","status":"publish","type":"product","link":"https:\/\/lucacastelli.com\/de\/produkt\/milwaukee-faltbarer-sechskantschluessel-satz-2\/","title":{"rendered":"Milwaukee Faltbarer Sechskantschl\u00fcssel-Satz"},"content":{"rendered":"<p>STECKSCHL\u00dcSSEL-SATZ INNENSECHSKANT GEBOGEN &#8211; 9TLG<br \/>\n8 Klappschl\u00fcssel f\u00fcr einfachen und sicheren Zugriff; Gr\u00f6\u00dfen in hohem Kontrast f\u00fcr eine schnelle und einfache Identifizierung; Ergonomischer Griff f\u00fcr bequemen und sicheren Halt; Metallgeh\u00e4use f\u00fcr erh\u00f6hte Widerstandsf\u00e4higkeit; Innensechskantgr\u00f6\u00dfen von 1,5 mm bis 8 mm  <\/p>\n<p>4932493614<br \/>\n4058546484859<\/p>\n","protected":false},"excerpt":{"rendered":"<p>STECKSCHL\u00dcSSEL-SATZ INNENSECHSKANT GEBOGEN &#8211; 9TLG  <\/p>\n","protected":false},"featured_media":562775,"template":"","meta":{"_seopress_robots_primary_cat":"","_seopress_titles_title":"","_seopress_titles_desc":"","_seopress_robots_index":""},"product_brand":[3407],"product_cat":[5416,33],"product_tag":[3270],"class_list":{"0":"post-639394","1":"product","2":"type-product","3":"status-publish","4":"has-post-thumbnail","6":"product_brand-milwaukee","7":"product_cat-utensili-per-officina","8":"product_cat-attrezzature","9":"product_tag-import-milwau","10":"sws-conto-ricavi-merci-rivendita-macchinari-de","11":"sws-gruppo-iva-iva81-de","13":"first","14":"onbackorder","15":"sale","16":"shipping-taxable","17":"purchasable","18":"product-type-simple"},"_links":{"self":[{"href":"https:\/\/lucacastelli.com\/de\/wp-json\/wp\/v2\/product\/639394","targetHints":{"allow":["GET"]}}],"collection":[{"href":"https:\/\/lucacastelli.com\/de\/wp-json\/wp\/v2\/product"}],"about":[{"href":"https:\/\/lucacastelli.com\/de\/wp-json\/wp\/v2\/types\/product"}],"wp:featuredmedia":[{"embeddable":true,"href":"https:\/\/lucacastelli.com\/de\/wp-json\/wp\/v2\/media\/562775"}],"wp:attachment":[{"href":"https:\/\/lucacastelli.com\/de\/wp-json\/wp\/v2\/media?parent=639394"}],"wp:term":[{"taxonomy":"product_brand","embeddable":true,"href":"https:\/\/lucacastelli.com\/de\/wp-json\/wp\/v2\/product_brand?post=639394"},{"taxonomy":"product_cat","embeddable":true,"href":"https:\/\/lucacastelli.com\/de\/wp-json\/wp\/v2\/product_cat?post=639394"},{"taxonomy":"product_tag","embeddable":true,"href":"https:\/\/lucacastelli.com\/de\/wp-json\/wp\/v2\/product_tag?post=639394"}],"curies":[{"name":"wp","href":"https:\/\/api.w.org\/{rel}","templated":true}]}}