{"id":639393,"date":"2025-08-08T18:59:00","date_gmt":"2025-08-08T16:59:00","guid":{"rendered":"https:\/\/lucacastelli.com\/prodotto\/milwaukee-doppel-maulschluesselsatz-fuer-armaturen\/"},"modified":"2025-08-08T18:59:00","modified_gmt":"2025-08-08T16:59:00","slug":"milwaukee-doppel-maulschluesselsatz-fuer-armaturen","status":"publish","type":"product","link":"https:\/\/lucacastelli.com\/de\/produkt\/milwaukee-doppel-maulschluesselsatz-fuer-armaturen\/","title":{"rendered":"MILWAUKEE Doppel-Maulschl\u00fcsselsatz f\u00fcr Armaturen"},"content":{"rendered":"<p>SATZ DOPPEL-MAULSCHL\u00dcSSEL F\u00dcR ARMATUREN 6-tlg.<br \/>\nOptimierte Kopfgeometrie f\u00fcr sicheren Halt an den Befestigungselementen und zur Reduzierung des \u00dcberdrehens der Muttern; Abgerundeter Griff f\u00fcr mehr Komfort bei der Anwendung; Mit Tinte aufgedruckte Ma\u00dfe f\u00fcr schnelle Erkennung; 15\u00b0 geneigter Kopf f\u00fcr bessere Zug\u00e4nglichkeit; Robustes Aufbewahrungsetui<\/p>\n<p>4932480636<br \/>\n4058546409210<\/p>\n","protected":false},"excerpt":{"rendered":"<p>SATZ DOPPEL-MAULSCHL\u00dcSSEL F\u00dcR ARMATUREN 6-tlg.<\/p>\n","protected":false},"featured_media":553010,"template":"","meta":{"_seopress_robots_primary_cat":"","_seopress_titles_title":"","_seopress_titles_desc":"","_seopress_robots_index":""},"product_brand":[3407],"product_cat":[5416,33],"product_tag":[3270],"class_list":{"0":"post-639393","1":"product","2":"type-product","3":"status-publish","4":"has-post-thumbnail","6":"product_brand-milwaukee","7":"product_cat-utensili-per-officina","8":"product_cat-attrezzature","9":"product_tag-import-milwau","10":"sws-conto-ricavi-merci-rivendita-macchinari-de","11":"sws-gruppo-iva-iva81-de","13":"first","14":"onbackorder","15":"sale","16":"shipping-taxable","17":"purchasable","18":"product-type-simple"},"_links":{"self":[{"href":"https:\/\/lucacastelli.com\/de\/wp-json\/wp\/v2\/product\/639393","targetHints":{"allow":["GET"]}}],"collection":[{"href":"https:\/\/lucacastelli.com\/de\/wp-json\/wp\/v2\/product"}],"about":[{"href":"https:\/\/lucacastelli.com\/de\/wp-json\/wp\/v2\/types\/product"}],"wp:featuredmedia":[{"embeddable":true,"href":"https:\/\/lucacastelli.com\/de\/wp-json\/wp\/v2\/media\/553010"}],"wp:attachment":[{"href":"https:\/\/lucacastelli.com\/de\/wp-json\/wp\/v2\/media?parent=639393"}],"wp:term":[{"taxonomy":"product_brand","embeddable":true,"href":"https:\/\/lucacastelli.com\/de\/wp-json\/wp\/v2\/product_brand?post=639393"},{"taxonomy":"product_cat","embeddable":true,"href":"https:\/\/lucacastelli.com\/de\/wp-json\/wp\/v2\/product_cat?post=639393"},{"taxonomy":"product_tag","embeddable":true,"href":"https:\/\/lucacastelli.com\/de\/wp-json\/wp\/v2\/product_tag?post=639393"}],"curies":[{"name":"wp","href":"https:\/\/api.w.org\/{rel}","templated":true}]}}