{"id":639385,"date":"2025-08-08T18:59:33","date_gmt":"2025-08-08T16:59:33","guid":{"rendered":"https:\/\/lucacastelli.com\/prodotto\/milwaukee-doppelhebel-scheren-set-3-teilig\/"},"modified":"2025-08-08T18:59:33","modified_gmt":"2025-08-08T16:59:33","slug":"milwaukee-doppelhebel-scheren-set-3-teilig","status":"publish","type":"product","link":"https:\/\/lucacastelli.com\/de\/produkt\/milwaukee-doppelhebel-scheren-set-3-teilig\/","title":{"rendered":"MILWAUKEE Doppelhebel-Scheren-Set &#8211; 3-teilig"},"content":{"rendered":"<p>Doppelhebel-Scheren-Set &#8211; 3-teilig<br \/>\nSCHEREN-SET 3-TLG.<br \/>\nKlingen mit mikroskopischer Verzahnung f\u00fcr den bestm\u00f6glichen Halt am Werkst\u00fcck;Ergonomischer Griff f\u00fcr hohen Bedienkomfort und erm\u00fcdungsfreies Arbeiten;Die Torsionsfeder \u00f6ffnet die Klingen beim Schneiden automatisch, um den Arbeitsfortschritt zu beschleunigen und die Erm\u00fcdung zu reduzieren;Optimales Hebelverh\u00e4ltnis zur Erleichterung des Arbeitsfortschritts bei dickeren Materialien;Einhand-Verriegelungsmechanismus zur Steigerung der Produktivit\u00e4t;Kompaktes Design zur Vereinfachung der Arbeitsausf\u00fchrung ohne Fehlausrichtung;Blechscheren: f\u00fcr kurze, gerade und modulare Schnitte. Ideal f\u00fcr enge Radien und kleine Kerben;Einfache Identifizierung der Schnittrichtung an der Spitze und am Griff sowie durch Farbcodierung;Ergonomischer Griff mit langlebiger Softgrip-Beschichtung f\u00fcr hohen Bedienkomfort. <\/p>\n<p>4932499020<br \/>\n4058546528898<\/p>\n","protected":false},"excerpt":{"rendered":"<p>SCHEREN-SET 3-TLG.<\/p>\n","protected":false},"featured_media":592313,"template":"","meta":{"_seopress_robots_primary_cat":"","_seopress_titles_title":"","_seopress_titles_desc":"","_seopress_robots_index":""},"product_brand":[3407],"product_cat":[5416,33],"product_tag":[3270],"class_list":{"0":"post-639385","1":"product","2":"type-product","3":"status-publish","4":"has-post-thumbnail","6":"product_brand-milwaukee","7":"product_cat-utensili-per-officina","8":"product_cat-attrezzature","9":"product_tag-import-milwau","10":"sws-conto-ricavi-merci-rivendita-macchinari-de","11":"sws-gruppo-iva-iva81-de","13":"first","14":"onbackorder","15":"sale","16":"shipping-taxable","17":"purchasable","18":"product-type-simple"},"_links":{"self":[{"href":"https:\/\/lucacastelli.com\/de\/wp-json\/wp\/v2\/product\/639385","targetHints":{"allow":["GET"]}}],"collection":[{"href":"https:\/\/lucacastelli.com\/de\/wp-json\/wp\/v2\/product"}],"about":[{"href":"https:\/\/lucacastelli.com\/de\/wp-json\/wp\/v2\/types\/product"}],"wp:featuredmedia":[{"embeddable":true,"href":"https:\/\/lucacastelli.com\/de\/wp-json\/wp\/v2\/media\/592313"}],"wp:attachment":[{"href":"https:\/\/lucacastelli.com\/de\/wp-json\/wp\/v2\/media?parent=639385"}],"wp:term":[{"taxonomy":"product_brand","embeddable":true,"href":"https:\/\/lucacastelli.com\/de\/wp-json\/wp\/v2\/product_brand?post=639385"},{"taxonomy":"product_cat","embeddable":true,"href":"https:\/\/lucacastelli.com\/de\/wp-json\/wp\/v2\/product_cat?post=639385"},{"taxonomy":"product_tag","embeddable":true,"href":"https:\/\/lucacastelli.com\/de\/wp-json\/wp\/v2\/product_tag?post=639385"}],"curies":[{"name":"wp","href":"https:\/\/api.w.org\/{rel}","templated":true}]}}