{"id":639254,"date":"2025-10-24T16:21:16","date_gmt":"2025-10-24T14:21:16","guid":{"rendered":"https:\/\/lucacastelli.com\/prodotto\/stihl-sha-140-mit-1-ap-20-akku-und-1-al-301-ladegeraet\/"},"modified":"2025-10-24T16:21:16","modified_gmt":"2025-10-24T14:21:16","slug":"stihl-sha-140-mit-1-ap-20-akku-und-1-al-301-ladegeraet","status":"publish","type":"product","link":"https:\/\/lucacastelli.com\/de\/produkt\/stihl-sha-140-mit-1-ap-20-akku-und-1-al-301-ladegeraet\/","title":{"rendered":"STIHL SHA 140 mit 1 AP 20 Akku und 1 AL 301 Ladeger\u00e4t"},"content":{"rendered":"<h2 class=\"product-details__title\">Akku-Saugh\u00e4cksler SHA 140: Gro\u00dfe Saugleistung f\u00fcr beste Reinigung<\/h2>\n<div class=\"product-details__description richtexteditor\">\n<p>Er ist ideal f\u00fcr Landschaftsg\u00e4rtner, Kommunalbetriebe und Reinigungsdienste. Er erm\u00f6glicht beispielsweise das effiziente Aufsaugen von Laub, Rasen- oder Heckenschnitt und zerkleinert diese direkt in der Maschine. Zudem ist er extrem leise, sodass Sie Ihre Reinigungsarbeiten ohne Geh\u00f6rschutz durchf\u00fchren k\u00f6nnen. Dank des variablen Steuerhebels k\u00f6nnen Sie die Saugleistung je nach Aufgabe stufenlos regulieren. Die Boost-Funktion, die Sie einfach \u00fcber den Steuerhebel aktivieren k\u00f6nnen, liefert Ihnen die maximale Leistung.    <\/p>\n<p>Das zerkleinerte Material wird direkt im 55 l Fangsack gesammelt. Der Sack kann dann sehr einfach ohne Werkzeug zum Entleeren abgenommen werden. Robuste und langlebige Metallschnallen erleichtern das \u00d6ffnen und Schlie\u00dfen.  <\/p>\n<p>Das STIHL Air Flow Management System bietet eine hohe und konstante Saugleistung, unabh\u00e4ngig davon, wie voll und verschmutzt der Fangsack ist.<\/p>\n<\/div>\n<p>Laufzeit mit 1 AP 20 Akku: 19 bis 30 Minuten<\/p>\n<p>Laufzeit mit 1 AP 30 Akku: 37 bis 58 Minuten<\/p>\n<p>&nbsp;<\/p>\n<p>Set bestehend aus:<\/p>\n<p>&nbsp;<\/p>\n<p>1 STIHL SHA 140 Akku-Saugh\u00e4cksler<\/p>\n<p>1 STIHL AL 301 Schnellladeger\u00e4t<\/p>\n<p>1 STIHL AP 20 Akku<\/p>\n","protected":false},"excerpt":{"rendered":"<p>Akku-Saugh\u00e4cksler SHA 140: Gro\u00dfe Saugleistung f\u00fcr beste Reinigung Er ist ideal f\u00fcr Landschaftsg\u00e4rtner, Kommunalbetriebe und Reinigungsdienste. Er erm\u00f6glicht beispielsweise das<\/p>\n","protected":false},"featured_media":639255,"template":"","meta":{"_seopress_robots_primary_cat":"none","_seopress_titles_title":"","_seopress_titles_desc":"","_seopress_robots_index":""},"product_brand":[3554],"product_cat":[1653,1641,169],"product_tag":[],"class_list":{"0":"post-639254","1":"product","2":"type-product","3":"status-publish","4":"has-post-thumbnail","6":"product_brand-stihl-de","7":"product_cat-aspirator-hacksler","8":"product_cat-geblase-und-staubsauger","9":"product_cat-maschinen","10":"sws-gruppo-macchinari-de","11":"sws-conto-ricavi-merci-rivendita-macchinari-de","12":"sws-gruppo-iva-iva81-de","14":"first","15":"instock","16":"sale","17":"shipping-taxable","18":"purchasable","19":"product-type-simple"},"_links":{"self":[{"href":"https:\/\/lucacastelli.com\/de\/wp-json\/wp\/v2\/product\/639254","targetHints":{"allow":["GET"]}}],"collection":[{"href":"https:\/\/lucacastelli.com\/de\/wp-json\/wp\/v2\/product"}],"about":[{"href":"https:\/\/lucacastelli.com\/de\/wp-json\/wp\/v2\/types\/product"}],"wp:featuredmedia":[{"embeddable":true,"href":"https:\/\/lucacastelli.com\/de\/wp-json\/wp\/v2\/media\/639255"}],"wp:attachment":[{"href":"https:\/\/lucacastelli.com\/de\/wp-json\/wp\/v2\/media?parent=639254"}],"wp:term":[{"taxonomy":"product_brand","embeddable":true,"href":"https:\/\/lucacastelli.com\/de\/wp-json\/wp\/v2\/product_brand?post=639254"},{"taxonomy":"product_cat","embeddable":true,"href":"https:\/\/lucacastelli.com\/de\/wp-json\/wp\/v2\/product_cat?post=639254"},{"taxonomy":"product_tag","embeddable":true,"href":"https:\/\/lucacastelli.com\/de\/wp-json\/wp\/v2\/product_tag?post=639254"}],"curies":[{"name":"wp","href":"https:\/\/api.w.org\/{rel}","templated":true}]}}