{"id":638991,"date":"2025-10-24T15:33:47","date_gmt":"2025-10-24T13:33:47","guid":{"rendered":"https:\/\/lucacastelli.com\/?post_type=product&#038;p=638991"},"modified":"2025-10-27T07:34:19","modified_gmt":"2025-10-27T06:34:19","slug":"stihl-bga-160-mit-2-stk-ap-30-und-ladegerat-al-301-copia","status":"publish","type":"product","link":"https:\/\/lucacastelli.com\/de\/produkt\/stihl-bga-160-mit-2-stk-ap-30-und-ladegerat-al-301-copia\/","title":{"rendered":"STIHL BGA 160 mit 1 Stk. AP 30 und Ladeger\u00e4t AL 301"},"content":{"rendered":"<h2 class=\"product-details__title\">Neues Spitzenmodell<\/h2>\n<div class=\"product-details__description richtexteditor\">\n<p>Leistungsstarkes Akku-Blasger\u00e4t f\u00fcr anspruchsvolle Anwendungen im privaten Bereich und f\u00fcr professionelle Reinigungsarbeiten, z.B. in der Geb\u00e4udeverwaltung. Durchgehend hohe Blasleistung \u00fcber die gesamte Akkulaufzeit. Kurzes, kompaktes Ger\u00e4t mit abgewinkeltem Blasrohr f\u00fcr au\u00dfergew\u00f6hnliche Handlichkeit und erm\u00fcdungsfreies Arbeiten.  <\/p>\n<p>STIHL Sound Engineering reduziert unangenehme Frequenzen. Bereit zur Vernetzung \u00fcber STIHL connected dank des Smart Connectors. <\/p>\n<\/div>\n<p>Set bestehend aus:<\/p>\n<p>1 Stk. STIHL Blasger\u00e4t BGA 160<\/p>\n<p>1 Stk. STIHL AP 30 Akku<\/p>\n<p>1 Stk. STIHL Schnellladeger\u00e4t AL 301<\/p>\n<p>&nbsp;<\/p>\n<p>Arbeitszeit mit 1 AP 30 Akku: 14 bis 106 Minuten<\/p>\n<p>&nbsp;<\/p>\n<p>&nbsp;<\/p>\n","protected":false},"excerpt":{"rendered":"<p>Neues Spitzenmodell Leistungsstarkes Akku-Blasger\u00e4t f\u00fcr anspruchsvolle Anwendungen im privaten Bereich und f\u00fcr professionelle Reinigungsarbeiten, z.B. in der Geb\u00e4udeverwaltung. Durchgehend hohe<\/p>\n","protected":false},"featured_media":638995,"template":"","meta":{"_seopress_robots_primary_cat":"none","_seopress_titles_title":"","_seopress_titles_desc":"","_seopress_robots_index":""},"product_brand":[3554],"product_cat":[1654,1641,169],"product_tag":[],"class_list":{"0":"post-638991","1":"product","2":"type-product","3":"status-publish","4":"has-post-thumbnail","6":"product_brand-stihl-de","7":"product_cat-akku-geblase","8":"product_cat-geblase-und-staubsauger","9":"product_cat-maschinen","10":"sws-gruppo-macchinari-de","11":"sws-conto-ricavi-merci-rivendita-macchinari-de","12":"sws-gruppo-iva-iva81-de","14":"first","15":"instock","16":"sale","17":"shipping-taxable","18":"purchasable","19":"product-type-simple"},"_links":{"self":[{"href":"https:\/\/lucacastelli.com\/de\/wp-json\/wp\/v2\/product\/638991","targetHints":{"allow":["GET"]}}],"collection":[{"href":"https:\/\/lucacastelli.com\/de\/wp-json\/wp\/v2\/product"}],"about":[{"href":"https:\/\/lucacastelli.com\/de\/wp-json\/wp\/v2\/types\/product"}],"wp:featuredmedia":[{"embeddable":true,"href":"https:\/\/lucacastelli.com\/de\/wp-json\/wp\/v2\/media\/638995"}],"wp:attachment":[{"href":"https:\/\/lucacastelli.com\/de\/wp-json\/wp\/v2\/media?parent=638991"}],"wp:term":[{"taxonomy":"product_brand","embeddable":true,"href":"https:\/\/lucacastelli.com\/de\/wp-json\/wp\/v2\/product_brand?post=638991"},{"taxonomy":"product_cat","embeddable":true,"href":"https:\/\/lucacastelli.com\/de\/wp-json\/wp\/v2\/product_cat?post=638991"},{"taxonomy":"product_tag","embeddable":true,"href":"https:\/\/lucacastelli.com\/de\/wp-json\/wp\/v2\/product_tag?post=638991"}],"curies":[{"name":"wp","href":"https:\/\/api.w.org\/{rel}","templated":true}]}}