{"id":638985,"date":"2025-08-08T18:59:41","date_gmt":"2025-08-08T16:59:41","guid":{"rendered":"https:\/\/lucacastelli.com\/prodotto\/milwaukee-steckschluesselsatz-3-8-zoll-8-teilig-lang\/"},"modified":"2025-08-08T18:59:41","modified_gmt":"2025-08-08T16:59:41","slug":"milwaukee-steckschluesselsatz-3-8-zoll-8-teilig-lang","status":"publish","type":"product","link":"https:\/\/lucacastelli.com\/de\/produkt\/milwaukee-steckschluesselsatz-3-8-zoll-8-teilig-lang\/","title":{"rendered":"MILWAUKEE STECKSCHL\u00dcSSELSATZ 3\/8 ZOLL 8-TEILIG &#8211; LANG"},"content":{"rendered":"<p>STECKSCHL\u00dcSSELSATZ 3\/8 ZOLL 8-TEILIG &#8211; LANG<br \/>\nDer SHOCKWAVE\u2122 IMPACT DUTY Stahl (Chrom-Molybd\u00e4n) ist eine hochwertige Stahllegierung, die maximale Festigkeit und Haltbarkeit bietet;6-Kant-Antrieb f\u00fcr h\u00f6chste Pr\u00e4zision;Abgerundete Kanten erm\u00f6glichen eine bessere Drehmoment\u00fcbertragung und vermeiden \u00fcberm\u00e4\u00dfige Belastung an den Ecken;Die lange Version erleichtert die Anwendung bei hervorstehenden Schrauben;Laserge\u00e4tzte und mit wei\u00dfer Tinte gef\u00fcllte Durchmesserangabe f\u00fcr einfaches Ablesen und maximale Langlebigkeit;Durchgangsbohrung und Nut zur Aufnahme von Sicherheitszubeh\u00f6r<\/p>\n<p>4932480455<br \/>\n4058546407407<\/p>\n","protected":false},"excerpt":{"rendered":"<p>STECKSCHL\u00dcSSELSATZ 3\/8 ZOLL 8-TEILIG &#8211; LANG<\/p>\n","protected":false},"featured_media":548552,"template":"","meta":{"_seopress_robots_primary_cat":"","_seopress_titles_title":"","_seopress_titles_desc":"","_seopress_robots_index":""},"product_brand":[3407],"product_cat":[5416,33],"product_tag":[3270],"class_list":{"0":"post-638985","1":"product","2":"type-product","3":"status-publish","4":"has-post-thumbnail","6":"product_brand-milwaukee","7":"product_cat-utensili-per-officina","8":"product_cat-attrezzature","9":"product_tag-import-milwau","10":"sws-conto-ricavi-merci-rivendita-macchinari-de","11":"sws-gruppo-iva-iva81-de","13":"first","14":"onbackorder","15":"sale","16":"shipping-taxable","17":"purchasable","18":"product-type-simple"},"_links":{"self":[{"href":"https:\/\/lucacastelli.com\/de\/wp-json\/wp\/v2\/product\/638985","targetHints":{"allow":["GET"]}}],"collection":[{"href":"https:\/\/lucacastelli.com\/de\/wp-json\/wp\/v2\/product"}],"about":[{"href":"https:\/\/lucacastelli.com\/de\/wp-json\/wp\/v2\/types\/product"}],"wp:featuredmedia":[{"embeddable":true,"href":"https:\/\/lucacastelli.com\/de\/wp-json\/wp\/v2\/media\/548552"}],"wp:attachment":[{"href":"https:\/\/lucacastelli.com\/de\/wp-json\/wp\/v2\/media?parent=638985"}],"wp:term":[{"taxonomy":"product_brand","embeddable":true,"href":"https:\/\/lucacastelli.com\/de\/wp-json\/wp\/v2\/product_brand?post=638985"},{"taxonomy":"product_cat","embeddable":true,"href":"https:\/\/lucacastelli.com\/de\/wp-json\/wp\/v2\/product_cat?post=638985"},{"taxonomy":"product_tag","embeddable":true,"href":"https:\/\/lucacastelli.com\/de\/wp-json\/wp\/v2\/product_tag?post=638985"}],"curies":[{"name":"wp","href":"https:\/\/api.w.org\/{rel}","templated":true}]}}