{"id":638972,"date":"2025-08-08T18:59:50","date_gmt":"2025-08-08T16:59:50","guid":{"rendered":"https:\/\/lucacastelli.com\/prodotto\/milwaukee-steckschluesselsatz-lang-3-8-zoll-weichmodul-leer\/"},"modified":"2025-08-08T18:59:50","modified_gmt":"2025-08-08T16:59:50","slug":"milwaukee-steckschluesselsatz-lang-3-8-zoll-weichmodul-leer","status":"publish","type":"product","link":"https:\/\/lucacastelli.com\/de\/produkt\/milwaukee-steckschluesselsatz-lang-3-8-zoll-weichmodul-leer\/","title":{"rendered":"MILWAUKEE STECKSCHL\u00dcSSELSATZ LANG 3\/8 ZOLL WEICHMODUL LEER"},"content":{"rendered":"<p>STECKSCHL\u00dcSSELSATZ LANG 3\/8 ZOLL WEICHMODUL LEER<br \/>\nDer SHOCKWAVE\u2122 IMPACT DUTY Stahl (Chrom-Molybd\u00e4n) ist eine hochwertige Stahllegierung, die maximale Festigkeit und Haltbarkeit bietet.   &lt;br&gt;  6 Angriffspunkte f\u00fcr maximale Pr\u00e4zision.&lt;br&gt;  Die abgeschr\u00e4gten Ecken erm\u00f6glichen eine bessere Drehmoment\u00fcbertragung und vermeiden \u00fcberm\u00e4\u00dfige Belastung in den Ecken&lt;br&gt;  Die lange Ausf\u00fchrung erleichtert die Anwendung bei vorstehenden Schrauben.&lt;br&gt;  Laserge\u00e4tzter und mit wei\u00dfer Tinte gef\u00fcllter Durchmesser erm\u00f6glicht einfaches Ablesen und maximale Langlebigkeit.&lt;br&gt;  Durchgangsbohrung und Nut zur Aufnahme von Sicherheitszubeh\u00f6r.<\/p>\n<p>4932493389<br \/>\n4058546482602<\/p>\n","protected":false},"excerpt":{"rendered":"<p>STECKSCHL\u00dcSSELSATZ LANG 3\/8 ZOLL WEICHMODUL LEER   <\/p>\n","protected":false},"featured_media":554569,"template":"","meta":{"_seopress_robots_primary_cat":"","_seopress_titles_title":"","_seopress_titles_desc":"","_seopress_robots_index":""},"product_brand":[3407],"product_cat":[5416,33],"product_tag":[3270],"class_list":{"0":"post-638972","1":"product","2":"type-product","3":"status-publish","4":"has-post-thumbnail","6":"product_brand-milwaukee","7":"product_cat-utensili-per-officina","8":"product_cat-attrezzature","9":"product_tag-import-milwau","10":"sws-conto-ricavi-merci-rivendita-macchinari-de","11":"sws-gruppo-iva-iva81-de","13":"first","14":"onbackorder","15":"sale","16":"shipping-taxable","17":"purchasable","18":"product-type-simple"},"_links":{"self":[{"href":"https:\/\/lucacastelli.com\/de\/wp-json\/wp\/v2\/product\/638972","targetHints":{"allow":["GET"]}}],"collection":[{"href":"https:\/\/lucacastelli.com\/de\/wp-json\/wp\/v2\/product"}],"about":[{"href":"https:\/\/lucacastelli.com\/de\/wp-json\/wp\/v2\/types\/product"}],"wp:featuredmedia":[{"embeddable":true,"href":"https:\/\/lucacastelli.com\/de\/wp-json\/wp\/v2\/media\/554569"}],"wp:attachment":[{"href":"https:\/\/lucacastelli.com\/de\/wp-json\/wp\/v2\/media?parent=638972"}],"wp:term":[{"taxonomy":"product_brand","embeddable":true,"href":"https:\/\/lucacastelli.com\/de\/wp-json\/wp\/v2\/product_brand?post=638972"},{"taxonomy":"product_cat","embeddable":true,"href":"https:\/\/lucacastelli.com\/de\/wp-json\/wp\/v2\/product_cat?post=638972"},{"taxonomy":"product_tag","embeddable":true,"href":"https:\/\/lucacastelli.com\/de\/wp-json\/wp\/v2\/product_tag?post=638972"}],"curies":[{"name":"wp","href":"https:\/\/api.w.org\/{rel}","templated":true}]}}