{"id":638964,"date":"2025-08-08T18:59:49","date_gmt":"2025-08-08T16:59:49","guid":{"rendered":"https:\/\/lucacastelli.com\/prodotto\/milwaukee-1%cb%9d-maschinensteckschluessel-set-2\/"},"modified":"2025-08-08T18:59:49","modified_gmt":"2025-08-08T16:59:49","slug":"milwaukee-1%cb%9d-maschinensteckschluessel-set-2","status":"publish","type":"product","link":"https:\/\/lucacastelli.com\/de\/produkt\/milwaukee-1%cb%9d-maschinensteckschluessel-set-2\/","title":{"rendered":"MILWAUKEE 1\u02dd Maschinensteckschl\u00fcssel-Set"},"content":{"rendered":"<p>MASCHINENSTECKSCHL\u00dcSSEL-SET 1 &#8211; LANG 5 STK<br \/>\nDer SHOCKWAVE\u2122 IMPACT DUTY Stahl (Chrom-Molybd\u00e4n) ist eine hochwertige Stahllegierung, die maximale Festigkeit und Langlebigkeit bietet;6-Kant-Antrieb f\u00fcr h\u00f6chste Pr\u00e4zision;Lasergravierter und wei\u00df eingef\u00e4rbter Durchmesser erm\u00f6glicht einfaches Ablesen und maximale Langlebigkeit;Durchgangsbohrung und Nut zur Aufnahme von Sicherheitszubeh\u00f6r<\/p>\n<p>4932498752<br \/>\n4058546526214<\/p>\n","protected":false},"excerpt":{"rendered":"<p>MASCHINENSTECKSCHL\u00dcSSEL-SET 1 &#8211; LANG 5 STK<\/p>\n","protected":false},"featured_media":567646,"template":"","meta":{"_seopress_robots_primary_cat":"","_seopress_titles_title":"","_seopress_titles_desc":"","_seopress_robots_index":""},"product_brand":[3407],"product_cat":[5416,33],"product_tag":[3270],"class_list":{"0":"post-638964","1":"product","2":"type-product","3":"status-publish","4":"has-post-thumbnail","6":"product_brand-milwaukee","7":"product_cat-utensili-per-officina","8":"product_cat-attrezzature","9":"product_tag-import-milwau","10":"sws-conto-ricavi-merci-rivendita-macchinari-de","11":"sws-gruppo-iva-iva81-de","13":"first","14":"onbackorder","15":"sale","16":"shipping-taxable","17":"purchasable","18":"product-type-simple"},"_links":{"self":[{"href":"https:\/\/lucacastelli.com\/de\/wp-json\/wp\/v2\/product\/638964","targetHints":{"allow":["GET"]}}],"collection":[{"href":"https:\/\/lucacastelli.com\/de\/wp-json\/wp\/v2\/product"}],"about":[{"href":"https:\/\/lucacastelli.com\/de\/wp-json\/wp\/v2\/types\/product"}],"wp:featuredmedia":[{"embeddable":true,"href":"https:\/\/lucacastelli.com\/de\/wp-json\/wp\/v2\/media\/567646"}],"wp:attachment":[{"href":"https:\/\/lucacastelli.com\/de\/wp-json\/wp\/v2\/media?parent=638964"}],"wp:term":[{"taxonomy":"product_brand","embeddable":true,"href":"https:\/\/lucacastelli.com\/de\/wp-json\/wp\/v2\/product_brand?post=638964"},{"taxonomy":"product_cat","embeddable":true,"href":"https:\/\/lucacastelli.com\/de\/wp-json\/wp\/v2\/product_cat?post=638964"},{"taxonomy":"product_tag","embeddable":true,"href":"https:\/\/lucacastelli.com\/de\/wp-json\/wp\/v2\/product_tag?post=638964"}],"curies":[{"name":"wp","href":"https:\/\/api.w.org\/{rel}","templated":true}]}}