{"id":638962,"date":"2025-08-08T19:00:12","date_gmt":"2025-08-08T17:00:12","guid":{"rendered":"https:\/\/lucacastelli.com\/prodotto\/milwaukee-satz-bus-masch-kurz-3-8-mod-morb-23-stk\/"},"modified":"2025-08-08T19:00:12","modified_gmt":"2025-08-08T17:00:12","slug":"milwaukee-satz-bus-masch-kurz-3-8-mod-morb-23-stk","status":"publish","type":"product","link":"https:\/\/lucacastelli.com\/de\/produkt\/milwaukee-satz-bus-masch-kurz-3-8-mod-morb-23-stk\/","title":{"rendered":"MILWAUKEE SATZ BUS. MASCH. KURZ. 3\/8 MOD.MORB.23 STK"},"content":{"rendered":"<p>SATZ BUS. MASCH. KURZ. 3\/8 MOD.MORB.23 STK<br \/>\nEinsatz f\u00fcr Werkzeugwagen 30 Zoll \/ 78 cm;SHOCKWAVE\u2122 IMPACT DUTY Stahl (Chrom-Molybd\u00e4n) ist eine hochwertige Stahllegierung, die maximale Festigkeit und Haltbarkeit bietet;6-Punkt-Aufnahme f\u00fcr h\u00f6chste Pr\u00e4zision;Die abgeschr\u00e4gten Ecken erm\u00f6glichen eine bessere Drehmoment\u00fcbertragung und vermeiden eine \u00fcberm\u00e4\u00dfige Belastung der Ecken;Die lange Ausf\u00fchrung erleichtert die Anwendung auf vorstehenden Bolzen;Lasergravierter Durchmesser mit wei\u00dfer Tinte gef\u00fcllt erm\u00f6glicht ein einfaches Ablesen und maximale Haltbarkeit im Laufe der Zeit;Design mit Durchgangsbohrung und Nut zur Aufnahme von Sicherheitszubeh\u00f6r    <\/p>\n<p>4932493388<br \/>\n4058546482596<\/p>\n","protected":false},"excerpt":{"rendered":"<p>SATZ BUS. MASCH. KURZ. 3\/8 MOD.MORB.23 STK    <\/p>\n","protected":false},"featured_media":562294,"template":"","meta":{"_seopress_robots_primary_cat":"","_seopress_titles_title":"","_seopress_titles_desc":"","_seopress_robots_index":""},"product_brand":[3407],"product_cat":[5416,33],"product_tag":[3270],"class_list":{"0":"post-638962","1":"product","2":"type-product","3":"status-publish","4":"has-post-thumbnail","6":"product_brand-milwaukee","7":"product_cat-utensili-per-officina","8":"product_cat-attrezzature","9":"product_tag-import-milwau","10":"sws-conto-ricavi-merci-rivendita-macchinari-de","11":"sws-gruppo-iva-iva81-de","13":"first","14":"onbackorder","15":"sale","16":"shipping-taxable","17":"purchasable","18":"product-type-simple"},"_links":{"self":[{"href":"https:\/\/lucacastelli.com\/de\/wp-json\/wp\/v2\/product\/638962","targetHints":{"allow":["GET"]}}],"collection":[{"href":"https:\/\/lucacastelli.com\/de\/wp-json\/wp\/v2\/product"}],"about":[{"href":"https:\/\/lucacastelli.com\/de\/wp-json\/wp\/v2\/types\/product"}],"wp:featuredmedia":[{"embeddable":true,"href":"https:\/\/lucacastelli.com\/de\/wp-json\/wp\/v2\/media\/562294"}],"wp:attachment":[{"href":"https:\/\/lucacastelli.com\/de\/wp-json\/wp\/v2\/media?parent=638962"}],"wp:term":[{"taxonomy":"product_brand","embeddable":true,"href":"https:\/\/lucacastelli.com\/de\/wp-json\/wp\/v2\/product_brand?post=638962"},{"taxonomy":"product_cat","embeddable":true,"href":"https:\/\/lucacastelli.com\/de\/wp-json\/wp\/v2\/product_cat?post=638962"},{"taxonomy":"product_tag","embeddable":true,"href":"https:\/\/lucacastelli.com\/de\/wp-json\/wp\/v2\/product_tag?post=638962"}],"curies":[{"name":"wp","href":"https:\/\/api.w.org\/{rel}","templated":true}]}}