{"id":638961,"date":"2025-08-08T18:59:40","date_gmt":"2025-08-08T16:59:40","guid":{"rendered":"https:\/\/lucacastelli.com\/prodotto\/milwaukee-schlagschrauber-steckschluesselsatz-3-8-8-teilig-kurz\/"},"modified":"2025-08-08T18:59:40","modified_gmt":"2025-08-08T16:59:40","slug":"milwaukee-schlagschrauber-steckschluesselsatz-3-8-8-teilig-kurz","status":"publish","type":"product","link":"https:\/\/lucacastelli.com\/de\/produkt\/milwaukee-schlagschrauber-steckschluesselsatz-3-8-8-teilig-kurz\/","title":{"rendered":"MILWAUKEE SCHLAGSCHRAUBER-STECKSCHL\u00dcSSELSATZ 3\/8 8-teilig &#8211; KURZ"},"content":{"rendered":"<p>SCHLAGSCHRAUBER-STECKSCHL\u00dcSSELSATZ 3\/8 8-teilig &#8211; KURZ<br \/>\nSHOCKWAVE\u2122 IMPACT DUTY Stahl (Chrom-Molybd\u00e4n) ist eine hochwertige Stahllegierung, die maximale Festigkeit und Haltbarkeit bietet; 6 Aufnahmepunkte f\u00fcr h\u00f6chste Pr\u00e4zision; Abgeschr\u00e4gte Kanten erm\u00f6glichen eine bessere Drehmoment\u00fcbertragung und vermeiden \u00fcberm\u00e4\u00dfige Belastung an den Ecken; Laserge\u00e4tzter und wei\u00df ausgef\u00fcllter Durchmesser erm\u00f6glicht einfaches Ablesen und maximale Haltbarkeit; Design mit Durchgangsloch und Nut zur Aufnahme von Sicherungszubeh\u00f6r<\/p>\n<p>4932480454<br \/>\n4058546407391<\/p>\n","protected":false},"excerpt":{"rendered":"<p>SCHLAGSCHRAUBER-STECKSCHL\u00dcSSELSATZ 3\/8 8-teilig &#8211; KURZ<\/p>\n","protected":false},"featured_media":548538,"template":"","meta":{"_seopress_robots_primary_cat":"","_seopress_titles_title":"","_seopress_titles_desc":"","_seopress_robots_index":""},"product_brand":[3407],"product_cat":[5416,33],"product_tag":[3270],"class_list":{"0":"post-638961","1":"product","2":"type-product","3":"status-publish","4":"has-post-thumbnail","6":"product_brand-milwaukee","7":"product_cat-utensili-per-officina","8":"product_cat-attrezzature","9":"product_tag-import-milwau","10":"sws-conto-ricavi-merci-rivendita-macchinari-de","11":"sws-gruppo-iva-iva81-de","13":"first","14":"onbackorder","15":"sale","16":"shipping-taxable","17":"purchasable","18":"product-type-simple"},"_links":{"self":[{"href":"https:\/\/lucacastelli.com\/de\/wp-json\/wp\/v2\/product\/638961","targetHints":{"allow":["GET"]}}],"collection":[{"href":"https:\/\/lucacastelli.com\/de\/wp-json\/wp\/v2\/product"}],"about":[{"href":"https:\/\/lucacastelli.com\/de\/wp-json\/wp\/v2\/types\/product"}],"wp:featuredmedia":[{"embeddable":true,"href":"https:\/\/lucacastelli.com\/de\/wp-json\/wp\/v2\/media\/548538"}],"wp:attachment":[{"href":"https:\/\/lucacastelli.com\/de\/wp-json\/wp\/v2\/media?parent=638961"}],"wp:term":[{"taxonomy":"product_brand","embeddable":true,"href":"https:\/\/lucacastelli.com\/de\/wp-json\/wp\/v2\/product_brand?post=638961"},{"taxonomy":"product_cat","embeddable":true,"href":"https:\/\/lucacastelli.com\/de\/wp-json\/wp\/v2\/product_cat?post=638961"},{"taxonomy":"product_tag","embeddable":true,"href":"https:\/\/lucacastelli.com\/de\/wp-json\/wp\/v2\/product_tag?post=638961"}],"curies":[{"name":"wp","href":"https:\/\/api.w.org\/{rel}","templated":true}]}}