{"id":638955,"date":"2025-08-08T18:59:36","date_gmt":"2025-08-08T16:59:36","guid":{"rendered":"https:\/\/lucacastelli.com\/prodotto\/milwaukee-set-lange-maschinensteckschluessel-3-4-in-weichschaummodul-4\/"},"modified":"2025-08-08T18:59:36","modified_gmt":"2025-08-08T16:59:36","slug":"milwaukee-set-lange-maschinensteckschluessel-3-4-in-weichschaummodul-4","status":"publish","type":"product","link":"https:\/\/lucacastelli.com\/de\/produkt\/milwaukee-set-lange-maschinensteckschluessel-3-4-in-weichschaummodul-4\/","title":{"rendered":"MILWAUKEE Set lange Maschinensteckschl\u00fcssel 3\/4&#8243; in Weichschaummodul"},"content":{"rendered":"<p>STECKSCHL\u00dcSSELSATZ KURZ 3\/4 ZOLL WEICHMODUL 12-TLG.<br \/>\nEinsatz f\u00fcr 30 Zoll \/ 78 cm Werkzeugwagen;SHOCKWAVE\u2122 IMPACT DUTY Stahl (Chrom-Molybd\u00e4n) ist eine hochwertige Stahllegierung f\u00fcr maximale Festigkeit und Langlebigkeit;6-Kant-Antrieb f\u00fcr h\u00f6chste Pr\u00e4zision;Abgerundete Kanten erm\u00f6glichen bessere Drehmoment\u00fcbertragung und vermeiden \u00fcberm\u00e4\u00dfige Belastung an den Ecken;Die lange Version erleichtert die Anwendung bei \u00fcberstehenden Schrauben;Laserge\u00e4tzte und wei\u00df ausgef\u00fcllte Gr\u00f6\u00dfenangabe f\u00fcr einfache Lesbarkeit und maximale Langlebigkeit;Durchgangsbohrung und Nut zur Aufnahme von Sicherheitszubeh\u00f6r    <\/p>\n<p>4932493396<br \/>\n4058546482671<\/p>\n","protected":false},"excerpt":{"rendered":"<p>STECKSCHL\u00dcSSELSATZ KURZ 3\/4 ZOLL WEICHMODUL 12-TLG.    <\/p>\n","protected":false},"featured_media":562326,"template":"","meta":{"_seopress_robots_primary_cat":"","_seopress_titles_title":"","_seopress_titles_desc":"","_seopress_robots_index":""},"product_brand":[3407],"product_cat":[5416,33],"product_tag":[3270],"class_list":{"0":"post-638955","1":"product","2":"type-product","3":"status-publish","4":"has-post-thumbnail","6":"product_brand-milwaukee","7":"product_cat-utensili-per-officina","8":"product_cat-attrezzature","9":"product_tag-import-milwau","10":"sws-conto-ricavi-merci-rivendita-macchinari-de","11":"sws-gruppo-iva-iva81-de","13":"first","14":"onbackorder","15":"sale","16":"shipping-taxable","17":"purchasable","18":"product-type-simple"},"_links":{"self":[{"href":"https:\/\/lucacastelli.com\/de\/wp-json\/wp\/v2\/product\/638955","targetHints":{"allow":["GET"]}}],"collection":[{"href":"https:\/\/lucacastelli.com\/de\/wp-json\/wp\/v2\/product"}],"about":[{"href":"https:\/\/lucacastelli.com\/de\/wp-json\/wp\/v2\/types\/product"}],"wp:featuredmedia":[{"embeddable":true,"href":"https:\/\/lucacastelli.com\/de\/wp-json\/wp\/v2\/media\/562326"}],"wp:attachment":[{"href":"https:\/\/lucacastelli.com\/de\/wp-json\/wp\/v2\/media?parent=638955"}],"wp:term":[{"taxonomy":"product_brand","embeddable":true,"href":"https:\/\/lucacastelli.com\/de\/wp-json\/wp\/v2\/product_brand?post=638955"},{"taxonomy":"product_cat","embeddable":true,"href":"https:\/\/lucacastelli.com\/de\/wp-json\/wp\/v2\/product_cat?post=638955"},{"taxonomy":"product_tag","embeddable":true,"href":"https:\/\/lucacastelli.com\/de\/wp-json\/wp\/v2\/product_tag?post=638955"}],"curies":[{"name":"wp","href":"https:\/\/api.w.org\/{rel}","templated":true}]}}