{"id":638953,"date":"2025-08-08T18:59:47","date_gmt":"2025-08-08T16:59:47","guid":{"rendered":"https:\/\/lucacastelli.com\/prodotto\/milwaukee-schlagschrauber-stecknuss-set-3-4%e2%80%b3-2\/"},"modified":"2025-08-08T18:59:47","modified_gmt":"2025-08-08T16:59:47","slug":"milwaukee-schlagschrauber-stecknuss-set-3-4%e2%80%b3-2","status":"publish","type":"product","link":"https:\/\/lucacastelli.com\/de\/produkt\/milwaukee-schlagschrauber-stecknuss-set-3-4%e2%80%b3-2\/","title":{"rendered":"MILWAUKEE Schlagschrauber-Stecknuss-Set 3\/4\u2033"},"content":{"rendered":"<p>MASCHINENSTECKSCHL\u00dcSSEL-SET 3\/4 &#8211; KURZ &#8211; 5-TLG.<br \/>\nSHOCKWAVE\u2122 IMPACT DUTY Stahl (Chrom-Molybd\u00e4n) ist eine hochwertige Stahllegierung, die maximale Festigkeit und Haltbarkeit bietet;6-Punkt-Griff f\u00fcr h\u00f6chste Pr\u00e4zision;Lasergravierter und mit wei\u00dfer Tinte gef\u00fcllter Durchmesser erm\u00f6glicht einfaches Ablesen und maximale Langlebigkeit;Durchgangsbohrung und Nut zur Aufnahme von Sicherheitszubeh\u00f6r<\/p>\n<p>4932498749<br \/>\n4058546526184<\/p>\n","protected":false},"excerpt":{"rendered":"<p>MASCHINENSTECKSCHL\u00dcSSEL-SET 3\/4 &#8211; KURZ &#8211; 5-TLG.<\/p>\n","protected":false},"featured_media":567631,"template":"","meta":{"_seopress_robots_primary_cat":"","_seopress_titles_title":"","_seopress_titles_desc":"","_seopress_robots_index":""},"product_brand":[3407],"product_cat":[5416,33],"product_tag":[3270],"class_list":{"0":"post-638953","1":"product","2":"type-product","3":"status-publish","4":"has-post-thumbnail","6":"product_brand-milwaukee","7":"product_cat-utensili-per-officina","8":"product_cat-attrezzature","9":"product_tag-import-milwau","10":"sws-conto-ricavi-merci-rivendita-macchinari-de","11":"sws-gruppo-iva-iva81-de","13":"first","14":"onbackorder","15":"sale","16":"shipping-taxable","17":"purchasable","18":"product-type-simple"},"_links":{"self":[{"href":"https:\/\/lucacastelli.com\/de\/wp-json\/wp\/v2\/product\/638953","targetHints":{"allow":["GET"]}}],"collection":[{"href":"https:\/\/lucacastelli.com\/de\/wp-json\/wp\/v2\/product"}],"about":[{"href":"https:\/\/lucacastelli.com\/de\/wp-json\/wp\/v2\/types\/product"}],"wp:featuredmedia":[{"embeddable":true,"href":"https:\/\/lucacastelli.com\/de\/wp-json\/wp\/v2\/media\/567631"}],"wp:attachment":[{"href":"https:\/\/lucacastelli.com\/de\/wp-json\/wp\/v2\/media?parent=638953"}],"wp:term":[{"taxonomy":"product_brand","embeddable":true,"href":"https:\/\/lucacastelli.com\/de\/wp-json\/wp\/v2\/product_brand?post=638953"},{"taxonomy":"product_cat","embeddable":true,"href":"https:\/\/lucacastelli.com\/de\/wp-json\/wp\/v2\/product_cat?post=638953"},{"taxonomy":"product_tag","embeddable":true,"href":"https:\/\/lucacastelli.com\/de\/wp-json\/wp\/v2\/product_tag?post=638953"}],"curies":[{"name":"wp","href":"https:\/\/api.w.org\/{rel}","templated":true}]}}