{"id":638951,"date":"2025-08-08T19:00:14","date_gmt":"2025-08-08T17:00:14","guid":{"rendered":"https:\/\/lucacastelli.com\/prodotto\/milwaukee-gipskartonsaege\/"},"modified":"2025-08-08T19:00:14","modified_gmt":"2025-08-08T17:00:14","slug":"milwaukee-gipskartonsaege","status":"publish","type":"product","link":"https:\/\/lucacastelli.com\/de\/produkt\/milwaukee-gipskartonsaege\/","title":{"rendered":"MILWAUKEE Gipskartons\u00e4ge"},"content":{"rendered":"<p>Rasping Jabsaw<br \/>\n150-mm-Blatt f\u00fcr Gipskarton: Sehr widerstandsf\u00e4hig und d\u00fcnn, erm\u00f6glicht ein einfaches Einf\u00fchren in die Gipskartonwand; Gummierung: Erh\u00f6ht den Komfort w\u00e4hrend der Nutzung; Erm\u00f6glicht das schnelle Vergr\u00f6\u00dfern des Lochs und das Abschr\u00e4gen rauer Kanten<\/p>\n<p>4932479783<br \/>\n4058546375775<\/p>\n","protected":false},"excerpt":{"rendered":"<p>Rasping Jabsaw<\/p>\n","protected":false},"featured_media":544689,"template":"","meta":{"_seopress_robots_primary_cat":"","_seopress_titles_title":"","_seopress_titles_desc":"","_seopress_robots_index":""},"product_brand":[3407],"product_cat":[5416,33],"product_tag":[3270],"class_list":{"0":"post-638951","1":"product","2":"type-product","3":"status-publish","4":"has-post-thumbnail","6":"product_brand-milwaukee","7":"product_cat-utensili-per-officina","8":"product_cat-attrezzature","9":"product_tag-import-milwau","10":"sws-conto-ricavi-merci-rivendita-macchinari-de","11":"sws-gruppo-iva-iva81-de","13":"first","14":"onbackorder","15":"sale","16":"shipping-taxable","17":"purchasable","18":"product-type-simple"},"_links":{"self":[{"href":"https:\/\/lucacastelli.com\/de\/wp-json\/wp\/v2\/product\/638951","targetHints":{"allow":["GET"]}}],"collection":[{"href":"https:\/\/lucacastelli.com\/de\/wp-json\/wp\/v2\/product"}],"about":[{"href":"https:\/\/lucacastelli.com\/de\/wp-json\/wp\/v2\/types\/product"}],"wp:featuredmedia":[{"embeddable":true,"href":"https:\/\/lucacastelli.com\/de\/wp-json\/wp\/v2\/media\/544689"}],"wp:attachment":[{"href":"https:\/\/lucacastelli.com\/de\/wp-json\/wp\/v2\/media?parent=638951"}],"wp:term":[{"taxonomy":"product_brand","embeddable":true,"href":"https:\/\/lucacastelli.com\/de\/wp-json\/wp\/v2\/product_brand?post=638951"},{"taxonomy":"product_cat","embeddable":true,"href":"https:\/\/lucacastelli.com\/de\/wp-json\/wp\/v2\/product_cat?post=638951"},{"taxonomy":"product_tag","embeddable":true,"href":"https:\/\/lucacastelli.com\/de\/wp-json\/wp\/v2\/product_tag?post=638951"}],"curies":[{"name":"wp","href":"https:\/\/api.w.org\/{rel}","templated":true}]}}