{"id":638943,"date":"2025-08-08T18:59:42","date_gmt":"2025-08-08T16:59:42","guid":{"rendered":"https:\/\/lucacastelli.com\/prodotto\/milwaukee-steckschluesselsatz-fuer-maschinen-kurz-%c2%bd%e2%80%b3-13-teilig\/"},"modified":"2025-08-08T18:59:42","modified_gmt":"2025-08-08T16:59:42","slug":"milwaukee-steckschluesselsatz-fuer-maschinen-kurz-%c2%bd%e2%80%b3-13-teilig","status":"publish","type":"product","link":"https:\/\/lucacastelli.com\/de\/produkt\/milwaukee-steckschluesselsatz-fuer-maschinen-kurz-%c2%bd%e2%80%b3-13-teilig\/","title":{"rendered":"MILWAUKEE Steckschl\u00fcsselsatz f\u00fcr Maschinen, kurz \u00bd\u2033, 13-teilig"},"content":{"rendered":"<p>STECKSCHL\u00dcSSELSATZ F\u00dcR MASCHINEN 1\/2 11-teilig &#8211; KURZ<br \/>\nSHOCKWAVE\u2122 IMPACT DUTY Stahl (Chrom-Molybd\u00e4n) ist eine hochwertige Stahllegierung, die maximale Festigkeit und Haltbarkeit bietet;6-Punkt-Aufnahme f\u00fcr h\u00f6chste Pr\u00e4zision;Die abgeschr\u00e4gten Kanten erm\u00f6glichen eine bessere Drehmoment\u00fcbertragung und vermeiden \u00fcberm\u00e4\u00dfige Belastung der Ecken;Der lasergravierte und mit wei\u00dfer Tinte gef\u00fcllte Durchmesser erm\u00f6glicht ein einfaches Ablesen und maximale Haltbarkeit im Laufe der Zeit;Design mit Durchgangsbohrung und Nut zur Aufnahme von Sicherheitszubeh\u00f6r<\/p>\n<p>4932480456<br \/>\n4058546407414<\/p>\n","protected":false},"excerpt":{"rendered":"<p>STECKSCHL\u00dcSSELSATZ F\u00dcR MASCHINEN 1\/2 11-teilig &#8211; KURZ<\/p>\n","protected":false},"featured_media":548557,"template":"","meta":{"_seopress_robots_primary_cat":"","_seopress_titles_title":"","_seopress_titles_desc":"","_seopress_robots_index":""},"product_brand":[3656],"product_cat":[5529,150],"product_tag":[3272],"class_list":{"0":"post-638943","1":"product","2":"type-product","3":"status-publish","4":"has-post-thumbnail","6":"product_brand-milwaukee-de","7":"product_cat-workshop-tools","8":"product_cat-ausrustung","9":"product_tag-import-milwau-de","10":"sws-conto-ricavi-merci-rivendita-macchinari-de","11":"sws-gruppo-iva-iva81-de","13":"first","14":"onbackorder","15":"sale","16":"shipping-taxable","17":"purchasable","18":"product-type-simple"},"_links":{"self":[{"href":"https:\/\/lucacastelli.com\/de\/wp-json\/wp\/v2\/product\/638943","targetHints":{"allow":["GET"]}}],"collection":[{"href":"https:\/\/lucacastelli.com\/de\/wp-json\/wp\/v2\/product"}],"about":[{"href":"https:\/\/lucacastelli.com\/de\/wp-json\/wp\/v2\/types\/product"}],"wp:featuredmedia":[{"embeddable":true,"href":"https:\/\/lucacastelli.com\/de\/wp-json\/wp\/v2\/media\/548557"}],"wp:attachment":[{"href":"https:\/\/lucacastelli.com\/de\/wp-json\/wp\/v2\/media?parent=638943"}],"wp:term":[{"taxonomy":"product_brand","embeddable":true,"href":"https:\/\/lucacastelli.com\/de\/wp-json\/wp\/v2\/product_brand?post=638943"},{"taxonomy":"product_cat","embeddable":true,"href":"https:\/\/lucacastelli.com\/de\/wp-json\/wp\/v2\/product_cat?post=638943"},{"taxonomy":"product_tag","embeddable":true,"href":"https:\/\/lucacastelli.com\/de\/wp-json\/wp\/v2\/product_tag?post=638943"}],"curies":[{"name":"wp","href":"https:\/\/api.w.org\/{rel}","templated":true}]}}