{"id":638932,"date":"2025-08-08T18:59:39","date_gmt":"2025-08-08T16:59:39","guid":{"rendered":"https:\/\/lucacastelli.com\/prodotto\/milwaukee-lange-maschinensteckschluessel-set-1-2-im-softmodul-2\/"},"modified":"2025-08-08T18:59:39","modified_gmt":"2025-08-08T16:59:39","slug":"milwaukee-lange-maschinensteckschluessel-set-1-2-im-softmodul-2","status":"publish","type":"product","link":"https:\/\/lucacastelli.com\/de\/produkt\/milwaukee-lange-maschinensteckschluessel-set-1-2-im-softmodul-2\/","title":{"rendered":"MILWAUKEE Lange Maschinensteckschl\u00fcssel-Set 1\/2&#8243; im Softmodul"},"content":{"rendered":"<p>SET MASCHINEN-STECKSCHL\u00dcSSEL KURZ 1\/2 ZOLL, LEERES WEICHSCHAUMMODUL<br \/>\nWeichschaum-Einlage zur Aufnahme von 1\/2-Zoll-Schlagschl\u00fcsseleins\u00e4tzen, lange Ausf\u00fchrung f\u00fcr 78 cm Werkstattwagen.    <\/p>\n<p>4932493391<br \/>\n4058546482626<\/p>\n","protected":false},"excerpt":{"rendered":"<p>SET MASCHINEN-STECKSCHL\u00dcSSEL KURZ 1\/2 ZOLL, LEERES WEICHSCHAUMMODUL   <\/p>\n","protected":false},"featured_media":562305,"template":"","meta":{"_seopress_robots_primary_cat":"","_seopress_titles_title":"","_seopress_titles_desc":"","_seopress_robots_index":""},"product_brand":[3407],"product_cat":[5416,33],"product_tag":[3270],"class_list":{"0":"post-638932","1":"product","2":"type-product","3":"status-publish","4":"has-post-thumbnail","6":"product_brand-milwaukee","7":"product_cat-utensili-per-officina","8":"product_cat-attrezzature","9":"product_tag-import-milwau","10":"sws-conto-ricavi-merci-rivendita-macchinari-de","11":"sws-gruppo-iva-iva81-de","13":"first","14":"onbackorder","15":"sale","16":"shipping-taxable","17":"purchasable","18":"product-type-simple"},"_links":{"self":[{"href":"https:\/\/lucacastelli.com\/de\/wp-json\/wp\/v2\/product\/638932","targetHints":{"allow":["GET"]}}],"collection":[{"href":"https:\/\/lucacastelli.com\/de\/wp-json\/wp\/v2\/product"}],"about":[{"href":"https:\/\/lucacastelli.com\/de\/wp-json\/wp\/v2\/types\/product"}],"wp:featuredmedia":[{"embeddable":true,"href":"https:\/\/lucacastelli.com\/de\/wp-json\/wp\/v2\/media\/562305"}],"wp:attachment":[{"href":"https:\/\/lucacastelli.com\/de\/wp-json\/wp\/v2\/media?parent=638932"}],"wp:term":[{"taxonomy":"product_brand","embeddable":true,"href":"https:\/\/lucacastelli.com\/de\/wp-json\/wp\/v2\/product_brand?post=638932"},{"taxonomy":"product_cat","embeddable":true,"href":"https:\/\/lucacastelli.com\/de\/wp-json\/wp\/v2\/product_cat?post=638932"},{"taxonomy":"product_tag","embeddable":true,"href":"https:\/\/lucacastelli.com\/de\/wp-json\/wp\/v2\/product_tag?post=638932"}],"curies":[{"name":"wp","href":"https:\/\/api.w.org\/{rel}","templated":true}]}}