{"id":638924,"date":"2025-08-08T19:00:16","date_gmt":"2025-08-08T17:00:16","guid":{"rendered":"https:\/\/lucacastelli.com\/prodotto\/milwaukee-doppelmaulschluessel-set\/"},"modified":"2025-08-08T19:00:16","modified_gmt":"2025-08-08T17:00:16","slug":"milwaukee-doppelmaulschluessel-set","status":"publish","type":"product","link":"https:\/\/lucacastelli.com\/de\/produkt\/milwaukee-doppelmaulschluessel-set\/","title":{"rendered":"MILWAUKEE Doppelmaulschl\u00fcssel-Set"},"content":{"rendered":"<p>DOPPELMAULSCHL\u00dcSSEL-SET 7-teilig<br \/>\nKompakter Kopf f\u00fcr den Zugang zu engen Bereichen.;Abgerundeter und ergonomischer Griff f\u00fcr maximales Drehmoment.;Lasermarkierung mit Tinte nachgezogen f\u00fcr bessere Durchmessersichtbarkeit.;Verchromte Oberfl\u00e4che.;Die Produkte werden in einem hochbelastbaren Etui geliefert.<\/p>\n<p>4932492713<br \/>\n4058546475840<\/p>\n","protected":false},"excerpt":{"rendered":"<p>DOPPELMAULSCHL\u00dcSSEL-SET 7-teilig<\/p>\n","protected":false},"featured_media":558091,"template":"","meta":{"_seopress_robots_primary_cat":"","_seopress_titles_title":"","_seopress_titles_desc":"","_seopress_robots_index":""},"product_brand":[3656],"product_cat":[5529,150],"product_tag":[3272],"class_list":{"0":"post-638924","1":"product","2":"type-product","3":"status-publish","4":"has-post-thumbnail","6":"product_brand-milwaukee-de","7":"product_cat-workshop-tools","8":"product_cat-ausrustung","9":"product_tag-import-milwau-de","10":"sws-conto-ricavi-merci-rivendita-macchinari-de","11":"sws-gruppo-iva-iva81-de","13":"first","14":"onbackorder","15":"sale","16":"shipping-taxable","17":"purchasable","18":"product-type-simple"},"_links":{"self":[{"href":"https:\/\/lucacastelli.com\/de\/wp-json\/wp\/v2\/product\/638924","targetHints":{"allow":["GET"]}}],"collection":[{"href":"https:\/\/lucacastelli.com\/de\/wp-json\/wp\/v2\/product"}],"about":[{"href":"https:\/\/lucacastelli.com\/de\/wp-json\/wp\/v2\/types\/product"}],"wp:featuredmedia":[{"embeddable":true,"href":"https:\/\/lucacastelli.com\/de\/wp-json\/wp\/v2\/media\/558091"}],"wp:attachment":[{"href":"https:\/\/lucacastelli.com\/de\/wp-json\/wp\/v2\/media?parent=638924"}],"wp:term":[{"taxonomy":"product_brand","embeddable":true,"href":"https:\/\/lucacastelli.com\/de\/wp-json\/wp\/v2\/product_brand?post=638924"},{"taxonomy":"product_cat","embeddable":true,"href":"https:\/\/lucacastelli.com\/de\/wp-json\/wp\/v2\/product_cat?post=638924"},{"taxonomy":"product_tag","embeddable":true,"href":"https:\/\/lucacastelli.com\/de\/wp-json\/wp\/v2\/product_tag?post=638924"}],"curies":[{"name":"wp","href":"https:\/\/api.w.org\/{rel}","templated":true}]}}