{"id":638910,"date":"2025-08-08T18:59:45","date_gmt":"2025-08-08T16:59:45","guid":{"rendered":"https:\/\/lucacastelli.com\/prodotto\/milwaukee-lange-maschinensteckschluessel-set-1-2-im-softmodul\/"},"modified":"2025-08-08T18:59:45","modified_gmt":"2025-08-08T16:59:45","slug":"milwaukee-lange-maschinensteckschluessel-set-1-2-im-softmodul","status":"publish","type":"product","link":"https:\/\/lucacastelli.com\/de\/produkt\/milwaukee-lange-maschinensteckschluessel-set-1-2-im-softmodul\/","title":{"rendered":"MILWAUKEE Lange Maschinensteckschl\u00fcssel-Set 1\/2&#8243; im Softmodul"},"content":{"rendered":"<p>KURZE MASCH. STECKSCHL. SET 1\/2 SOFTMOD. 32 TLG<br \/>\nEinsatz f\u00fcr 30 Zoll \/ 78 cm Werkzeugwagen;SHOCKWAVE\u2122 IMPACT DUTY Stahl (Chrom-Molybd\u00e4n) ist eine hochwertige Stahllegierung f\u00fcr maximale Festigkeit und Langlebigkeit;6-Kant-Antrieb f\u00fcr h\u00f6chste Pr\u00e4zision;Abgerundete Kanten erm\u00f6glichen eine bessere Drehmoment\u00fcbertragung und vermeiden \u00fcberm\u00e4\u00dfige Belastung an den Ecken;Die lange Version erleichtert die Anwendung bei \u00fcberstehenden Schrauben;Laserge\u00e4tzte und wei\u00df ausgef\u00fcllte Durchmesserangabe f\u00fcr einfache Lesbarkeit und maximale Langlebigkeit;Durchgangsbohrung und Nut zur Aufnahme von Sicherheitszubeh\u00f6r    <\/p>\n<p>4932493392<br \/>\n4058546482633<\/p>\n","protected":false},"excerpt":{"rendered":"<p>KURZE MASCH. STECKSCHL. SET 1\/2 SOFTMOD. 32 TLG    <\/p>\n","protected":false},"featured_media":562310,"template":"","meta":{"_seopress_robots_primary_cat":"","_seopress_titles_title":"","_seopress_titles_desc":"","_seopress_robots_index":""},"product_brand":[3407],"product_cat":[5416,33],"product_tag":[3270],"class_list":{"0":"post-638910","1":"product","2":"type-product","3":"status-publish","4":"has-post-thumbnail","6":"product_brand-milwaukee","7":"product_cat-utensili-per-officina","8":"product_cat-attrezzature","9":"product_tag-import-milwau","10":"sws-conto-ricavi-merci-rivendita-macchinari-de","11":"sws-gruppo-iva-iva81-de","13":"first","14":"onbackorder","15":"sale","16":"shipping-taxable","17":"purchasable","18":"product-type-simple"},"_links":{"self":[{"href":"https:\/\/lucacastelli.com\/de\/wp-json\/wp\/v2\/product\/638910","targetHints":{"allow":["GET"]}}],"collection":[{"href":"https:\/\/lucacastelli.com\/de\/wp-json\/wp\/v2\/product"}],"about":[{"href":"https:\/\/lucacastelli.com\/de\/wp-json\/wp\/v2\/types\/product"}],"wp:featuredmedia":[{"embeddable":true,"href":"https:\/\/lucacastelli.com\/de\/wp-json\/wp\/v2\/media\/562310"}],"wp:attachment":[{"href":"https:\/\/lucacastelli.com\/de\/wp-json\/wp\/v2\/media?parent=638910"}],"wp:term":[{"taxonomy":"product_brand","embeddable":true,"href":"https:\/\/lucacastelli.com\/de\/wp-json\/wp\/v2\/product_brand?post=638910"},{"taxonomy":"product_cat","embeddable":true,"href":"https:\/\/lucacastelli.com\/de\/wp-json\/wp\/v2\/product_cat?post=638910"},{"taxonomy":"product_tag","embeddable":true,"href":"https:\/\/lucacastelli.com\/de\/wp-json\/wp\/v2\/product_tag?post=638910"}],"curies":[{"name":"wp","href":"https:\/\/api.w.org\/{rel}","templated":true}]}}