{"id":638906,"date":"2025-08-09T19:52:31","date_gmt":"2025-08-09T17:52:31","guid":{"rendered":"https:\/\/lucacastelli.com\/prodotto\/milwaukee-packout-adapter-fuer-tassen-und-trinkflaschen\/"},"modified":"2025-08-09T19:52:31","modified_gmt":"2025-08-09T17:52:31","slug":"milwaukee-packout-adapter-fuer-tassen-und-trinkflaschen","status":"publish","type":"product","link":"https:\/\/lucacastelli.com\/de\/produkt\/milwaukee-packout-adapter-fuer-tassen-und-trinkflaschen\/","title":{"rendered":"MILWAUKEE PACKOUT\u2122 Adapter f\u00fcr Tassen und Trinkflaschen"},"content":{"rendered":"<p>PACKOUT ADAPTER F\u00dcR TRINKFLASCHEN\/TASSEN<br \/>\nPassend f\u00fcr alle PACKOUT\u2122 Tassen und Trinkflaschen auf ebenen Fl\u00e4chen;Befestigungssystem mit Schrauben oder Klebeband f\u00fcr ebene Fl\u00e4chen<\/p>\n<p>4932493469<br \/>\n4058546483401<\/p>\n","protected":false},"excerpt":{"rendered":"<p>PACKOUT ADAPTER F\u00dcR TRINKFLASCHEN\/TASSEN<\/p>\n","protected":false},"featured_media":562550,"template":"","meta":{"_seopress_robots_primary_cat":"","_seopress_titles_title":"","_seopress_titles_desc":"","_seopress_robots_index":""},"product_brand":[3407],"product_cat":[5416,33],"product_tag":[3270],"class_list":{"0":"post-638906","1":"product","2":"type-product","3":"status-publish","4":"has-post-thumbnail","6":"product_brand-milwaukee","7":"product_cat-utensili-per-officina","8":"product_cat-attrezzature","9":"product_tag-import-milwau","10":"sws-conto-ricavi-merci-rivendita-macchinari-de","11":"sws-gruppo-iva-iva81-de","13":"first","14":"onbackorder","15":"sale","16":"shipping-taxable","17":"purchasable","18":"product-type-simple"},"_links":{"self":[{"href":"https:\/\/lucacastelli.com\/de\/wp-json\/wp\/v2\/product\/638906","targetHints":{"allow":["GET"]}}],"collection":[{"href":"https:\/\/lucacastelli.com\/de\/wp-json\/wp\/v2\/product"}],"about":[{"href":"https:\/\/lucacastelli.com\/de\/wp-json\/wp\/v2\/types\/product"}],"wp:featuredmedia":[{"embeddable":true,"href":"https:\/\/lucacastelli.com\/de\/wp-json\/wp\/v2\/media\/562550"}],"wp:attachment":[{"href":"https:\/\/lucacastelli.com\/de\/wp-json\/wp\/v2\/media?parent=638906"}],"wp:term":[{"taxonomy":"product_brand","embeddable":true,"href":"https:\/\/lucacastelli.com\/de\/wp-json\/wp\/v2\/product_brand?post=638906"},{"taxonomy":"product_cat","embeddable":true,"href":"https:\/\/lucacastelli.com\/de\/wp-json\/wp\/v2\/product_cat?post=638906"},{"taxonomy":"product_tag","embeddable":true,"href":"https:\/\/lucacastelli.com\/de\/wp-json\/wp\/v2\/product_tag?post=638906"}],"curies":[{"name":"wp","href":"https:\/\/api.w.org\/{rel}","templated":true}]}}