{"id":638892,"date":"2025-08-09T11:25:27","date_gmt":"2025-08-09T09:25:27","guid":{"rendered":"https:\/\/lucacastelli.com\/prodotto\/milwaukee-multi-material-bohrer-18\/"},"modified":"2025-08-09T11:25:27","modified_gmt":"2025-08-09T09:25:27","slug":"milwaukee-multi-material-bohrer-18","status":"publish","type":"product","link":"https:\/\/lucacastelli.com\/de\/produkt\/milwaukee-multi-material-bohrer-18\/","title":{"rendered":"Milwaukee Multi-Material-Bohrer"},"content":{"rendered":"<p>MEHRZWECK-BOHRER 6X200 MM -1Stk.<br \/>\nEntwickelt f\u00fcr den Einsatz mit Schlagschraubern und Bohrmaschinen \/ Schraubern; Wolframcarbid-Schneide (TCT) erm\u00f6glicht das Bohren von Beton, Ziegel, Dachziegel, Zementbl\u00f6cke, d\u00fcnnes Metall, Keramikfliesen mit mittlerer bis weicher H\u00e4rte, alle Holzarten und PVC; Wei\u00dfe Farbmarkierung zur einfachen Identifizierung<\/p>\n<p>4932471098<br \/>\n4058546287269<\/p>\n","protected":false},"excerpt":{"rendered":"<p>MEHRZWECK-BOHRER 6X200 MM -1Stk.<\/p>\n","protected":false},"featured_media":530747,"template":"","meta":{"_seopress_robots_primary_cat":"","_seopress_titles_title":"","_seopress_titles_desc":"","_seopress_robots_index":""},"product_brand":[3407],"product_cat":[29,514,549,550],"product_tag":[3270],"class_list":{"0":"post-638892","1":"product","2":"type-product","3":"status-publish","4":"has-post-thumbnail","6":"product_brand-milwaukee","7":"product_cat-macchinari","8":"product_cat-altri-dispositivi","9":"product_cat-trapani-e-avvitatori","10":"product_cat-accessori-per-trapani-ed-avvitatori","11":"product_tag-import-milwau","12":"sws-conto-ricavi-merci-rivendita-macchinari-de","13":"sws-gruppo-iva-iva81-de","15":"first","16":"onbackorder","17":"sale","18":"shipping-taxable","19":"purchasable","20":"product-type-simple"},"_links":{"self":[{"href":"https:\/\/lucacastelli.com\/de\/wp-json\/wp\/v2\/product\/638892","targetHints":{"allow":["GET"]}}],"collection":[{"href":"https:\/\/lucacastelli.com\/de\/wp-json\/wp\/v2\/product"}],"about":[{"href":"https:\/\/lucacastelli.com\/de\/wp-json\/wp\/v2\/types\/product"}],"wp:featuredmedia":[{"embeddable":true,"href":"https:\/\/lucacastelli.com\/de\/wp-json\/wp\/v2\/media\/530747"}],"wp:attachment":[{"href":"https:\/\/lucacastelli.com\/de\/wp-json\/wp\/v2\/media?parent=638892"}],"wp:term":[{"taxonomy":"product_brand","embeddable":true,"href":"https:\/\/lucacastelli.com\/de\/wp-json\/wp\/v2\/product_brand?post=638892"},{"taxonomy":"product_cat","embeddable":true,"href":"https:\/\/lucacastelli.com\/de\/wp-json\/wp\/v2\/product_cat?post=638892"},{"taxonomy":"product_tag","embeddable":true,"href":"https:\/\/lucacastelli.com\/de\/wp-json\/wp\/v2\/product_tag?post=638892"}],"curies":[{"name":"wp","href":"https:\/\/api.w.org\/{rel}","templated":true}]}}