{"id":638879,"date":"2025-08-09T11:19:45","date_gmt":"2025-08-09T09:19:45","guid":{"rendered":"https:\/\/lucacastelli.com\/prodotto\/milwaukee-metall-kreissaege\/"},"modified":"2025-08-09T11:19:45","modified_gmt":"2025-08-09T09:19:45","slug":"milwaukee-metall-kreissaege","status":"publish","type":"product","link":"https:\/\/lucacastelli.com\/de\/produkt\/milwaukee-metall-kreissaege\/","title":{"rendered":"MILWAUKEE Metall-Kreiss\u00e4ge"},"content":{"rendered":"<p>M18 FMCS66-802C \/ KREISS\u00c4GEN<br \/>\nDie erste 18-V-Metallkreiss\u00e4ge mit 66 mm Schnitttiefe, die eine Schnittleistung von 1800 W bietet; H\u00f6here Schnittgeschwindigkeit als bei kabelgebundenen Werkzeugen; Mit MILWAUKEE\u00ae-Schienen (separat erh\u00e4ltlich) kompatible Basis f\u00fcr schnelle und pr\u00e4zise Schnitte; Leuchtende Druckanzeige; Elektrisches System, das das S\u00e4geblatt in weniger als 1 Sekunde stoppen kann; Metallsp\u00e4ne-Sammelbeh\u00e4lter f\u00fcr optimale Sicht; Kaltschnitt, reduziert Funken und garantiert schnelle und pr\u00e4zise Anwendungen; Sicherheitsschalter gegen versehentliches Starten; Werkzeuglose Schnitttiefeneinstellung und Hebel f\u00fcr Tauchschnitte; Schnellwechselsystem f\u00fcr S\u00e4gebl\u00e4tter und Sp\u00e4neentsorgung; Die FUEL\u2122-Technologie definiert Akku-Elektrowerkzeuge neu. Der b\u00fcrstenlose Motor, die REDLINK PLUS\u2122-Elektronik und der REDLITHIUM\u2122-Akku bieten \u00fcberlegene Leistung und Lebensdauer; Kompatibel mit allen M18\u2122-Akkus von MILWAUKEE\u00ae <\/p>\n<p>4933499243<br \/>\n4058546564070<\/p>\n","protected":false},"excerpt":{"rendered":"<p>M18 FMCS66-802C \/ KREISS\u00c4GEN<\/p>\n","protected":false},"featured_media":441277,"template":"","meta":{"_seopress_robots_primary_cat":"","_seopress_titles_title":"","_seopress_titles_desc":"","_seopress_robots_index":""},"product_brand":[3407],"product_cat":[29,514,558],"product_tag":[3270],"class_list":{"0":"post-638879","1":"product","2":"type-product","3":"status-publish","4":"has-post-thumbnail","6":"product_brand-milwaukee","7":"product_cat-macchinari","8":"product_cat-altri-dispositivi","9":"product_cat-seghe-accessori-vari","10":"product_tag-import-milwau","11":"sws-conto-ricavi-merci-rivendita-macchinari-de","12":"sws-gruppo-iva-iva81-de","14":"first","15":"onbackorder","16":"sale","17":"shipping-taxable","18":"purchasable","19":"product-type-simple"},"_links":{"self":[{"href":"https:\/\/lucacastelli.com\/de\/wp-json\/wp\/v2\/product\/638879","targetHints":{"allow":["GET"]}}],"collection":[{"href":"https:\/\/lucacastelli.com\/de\/wp-json\/wp\/v2\/product"}],"about":[{"href":"https:\/\/lucacastelli.com\/de\/wp-json\/wp\/v2\/types\/product"}],"wp:featuredmedia":[{"embeddable":true,"href":"https:\/\/lucacastelli.com\/de\/wp-json\/wp\/v2\/media\/441277"}],"wp:attachment":[{"href":"https:\/\/lucacastelli.com\/de\/wp-json\/wp\/v2\/media?parent=638879"}],"wp:term":[{"taxonomy":"product_brand","embeddable":true,"href":"https:\/\/lucacastelli.com\/de\/wp-json\/wp\/v2\/product_brand?post=638879"},{"taxonomy":"product_cat","embeddable":true,"href":"https:\/\/lucacastelli.com\/de\/wp-json\/wp\/v2\/product_cat?post=638879"},{"taxonomy":"product_tag","embeddable":true,"href":"https:\/\/lucacastelli.com\/de\/wp-json\/wp\/v2\/product_tag?post=638879"}],"curies":[{"name":"wp","href":"https:\/\/api.w.org\/{rel}","templated":true}]}}