{"id":638860,"date":"2025-08-09T19:52:32","date_gmt":"2025-08-09T17:52:32","guid":{"rendered":"https:\/\/lucacastelli.com\/prodotto\/milwaukee-packout-elektriker-rucksack-73-teilig\/"},"modified":"2025-08-09T19:52:32","modified_gmt":"2025-08-09T17:52:32","slug":"milwaukee-packout-elektriker-rucksack-73-teilig","status":"publish","type":"product","link":"https:\/\/lucacastelli.com\/de\/produkt\/milwaukee-packout-elektriker-rucksack-73-teilig\/","title":{"rendered":"MILWAUKEE PACKOUT ELEKTRIKER-RUCKSACK &#8211; 73-teilig"},"content":{"rendered":"<p>PACKOUT ELEKTRIKER-RUCKSACK &#8211; 73-teilig<br \/>\nPACKOUT\u2122 Rucksack;Integraler Bestandteil des modularen PACKOUT\u2122 Aufbewahrungssystems;Strapazierf\u00e4hige Konstruktion aus 1680D ballistischem Nylon;Hohe Ladekapazit\u00e4t &#8211; 48 Taschen;R\u00fcckenpolsterung, Brustgurt, Befestigungsgurt und gepolsterte Tr\u00e4ger f\u00fcr maximalen Komfort;;Pro-Compact 3 m nichtmagnetisches Rollbandma\u00df;Verbesserte Ergonomie, kompaktere Abmessungen;Best\u00e4ndig gegen extremste Bedingungen;Geh\u00e4use mit 5 Verst\u00e4rkungsschrauben;Mit Nylon beschichtetes Metallband f\u00fcr erh\u00f6hte Widerstandsf\u00e4higkeit;;Torpedo-Wasserwaage kompakt 45\u00b0 lang 17 cm magnetisch;Verst\u00e4rkte Magnete aus &#8221;seltenen Erden&#8221; f\u00fcr h\u00f6here magnetische Widerstandsf\u00e4higkeit;Hohe Sichtbarkeit der Blase mit Angabe der Neigung;Die verst\u00e4rkte Acrylglasampulle bietet maximale Haltbarkeit und Lesbarkeit;;Set mit INKZALL Permanentmarkern 4 St\u00fcck feine Spitze: schwarz;Extrem hohe Lebensdauer der Spitze, die auch unter hohem Druck des Benutzers nicht besch\u00e4digt wird \u2013 verhindert, dass die Spitze eine abgerundete Form annimmt.;Acrylspitze ideal f\u00fcr raue Oberfl\u00e4chen wie Beton oder Sperrholz.;Hohe Widerstandsf\u00e4higkeit der Spitze. Der Marker schreibt auch nach 72 Stunden Exposition an der Luft weiter.;F\u00fcr den Einsatz auf Beton, Holz, Metall, Gipskarton, Sperrholz, Kunststoff;;Set Fineliner INKZALL 2x schwarz, rot, blau;0,6 mm Spitze;Best\u00e4ndig gegen Verstopfungen;Hauptanwendungen: Markierung von Etiketten f\u00fcr elektrische Kabel, Hinzuf\u00fcgen von Kommentaren zu Projekten;;Kompaktes FASTBACK Universal-Klappmesser;Vereinfachte \u00d6ffnung durch die spezielle Taste;Klingenwechsel: Durch die Taste ist der Klingenwechsel schnell und einfach, f\u00fcr maximale Schneideffizienz;Kompakt und leicht erm\u00f6glicht eine einfache Aufbewahrung in den Taschen des Benutzers;G\u00fcrtelclip;Loch f\u00fcr Lanyard zur Vermeidung von Verlust;M\u00f6glichkeit zur Montage von Standardklingen;;Elektriker-Schere;Kabelschneidkerbe f\u00fcr mehr Hebelwirkung;Die abgerundete Nut erm\u00f6glicht ein einfaches Abisolieren des Drahtes;Crimpzange f\u00fcr Crimpungen bis 6 mm;Die einstellbare Klemmschraube erm\u00f6glicht die Einstellung des gew\u00fcnschten Widerstands;Etui zur einfachen Aufbewahrung;;Tri-Lobe Schraubendreher, VDE gepr\u00fcft;Gepr\u00fcft bis 10.000 V und garantiert bis 1.000 V;Schlanker Durchmesser f\u00fcr den Zugang zu Anwendungen in engen R\u00e4umen;Komfortabler Dreifachgriff, optimiert f\u00fcr maximalen Benutzerkomfort und Anwendungen mit hohem Drehmoment;Lasergravur auf der Oberseite zur schnellen Modellidentifizierung;Anti-Roll-Design mit 3 Facetten zur besseren Kraft\u00fcbertragung;Loch zum Einh\u00e4ngen des Schraubendrehers an Sicherheitsgurten;;Satz mit Ratschen, Steckn\u00fcssen und Bits 1\/4 Zoll 38-teilig;90-Z\u00e4hne-Design mit 4 Grad Drehbogen f\u00fcr maximalen Zugang zu engen R\u00e4umen;FOUR FLAT\u2122 Anti-Fall-Design;Auf der Seite aufgedruckte Durchmesser zur einfachen Erkennung;Komfortabler Griff f\u00fcr maximalen Komfort und Anwendungen mit hohem Drehmoment;SHOCKWAVE\u2122 Bit;;Zangensatz, 3-teilig, VDE gepr\u00fcft;Gepr\u00fcft bei 10.000 V und garantiert bei 1000 V, gepr\u00fcft bei -40\u00b0, DIN ISO 5746, DIN EN\/IEC 60900;Die Stahlklingen sind vollst\u00e4ndig geschmiedet, geh\u00e4rtet und angelassen f\u00fcr maximale Haltbarkeit. Die Oberfl\u00e4che in nicht reflektierendem Titangrau, maximale Korrosionsbest\u00e4ndigkeit;Induktionsgeh\u00e4rtete Schneiden zum Schneiden auch h\u00e4rtester Materialien;Pr\u00e4zises und flexibles Gelenk f\u00fcr maximale Kraft\u00fcbertragung f\u00fcr einfaches und m\u00fcheloses Arbeiten;Ergonomischer Griff mit Softgrip f\u00fcr mehr Komfort und Grip;;Satz mit 9 Innensechskantschl\u00fcsseln;Drehbares und arretierbares Geh\u00e4use f\u00fcr einfachen Zugriff auf die Schl\u00fcssel;Kugelende f\u00fcr einen Schraubenzugang bis zu 30\u00b0;Auf dem Geh\u00e4use aufgedruckte Durchmesser zur einfachen Identifizierung;Vorbereitung f\u00fcr Absturzsicherung;;Rollgabelschl\u00fcssel 250 mm;R\u00e4ndelrad f\u00fcr maximale Pr\u00e4zision und Halt. Die Backe geht nicht zur\u00fcck, sobald die Einstellung vorgenommen wurde;Verchromt f\u00fcr besseren Rostschutz;Ergonomisches Griffdesign. Abgerundet f\u00fcr maximalen Komfort bei der Anwendung;;Hickory Hammer f\u00fcr Schmiede 300 g;Stiel aus Hickory-Holz, der mehr Vibrationsfestigkeit bietet;Verst\u00e4rkter Kopf f\u00fcr l\u00e4ngere Lebensdauer;Perfekte Balance;DIN 1041<\/p>\n<p>4932498407<br \/>\n4058546522766<\/p>\n","protected":false},"excerpt":{"rendered":"<p>PACKOUT ELEKTRIKER-RUCKSACK &#8211; 73-teilig<\/p>\n","protected":false},"featured_media":567374,"template":"","meta":{"_seopress_robots_primary_cat":"","_seopress_titles_title":"","_seopress_titles_desc":"","_seopress_robots_index":""},"product_brand":[3407],"product_cat":[5416,33],"product_tag":[3270],"class_list":{"0":"post-638860","1":"product","2":"type-product","3":"status-publish","4":"has-post-thumbnail","6":"product_brand-milwaukee","7":"product_cat-utensili-per-officina","8":"product_cat-attrezzature","9":"product_tag-import-milwau","10":"sws-conto-ricavi-merci-rivendita-macchinari-de","11":"sws-gruppo-iva-iva81-de","13":"first","14":"onbackorder","15":"sale","16":"shipping-taxable","17":"purchasable","18":"product-type-simple"},"_links":{"self":[{"href":"https:\/\/lucacastelli.com\/de\/wp-json\/wp\/v2\/product\/638860","targetHints":{"allow":["GET"]}}],"collection":[{"href":"https:\/\/lucacastelli.com\/de\/wp-json\/wp\/v2\/product"}],"about":[{"href":"https:\/\/lucacastelli.com\/de\/wp-json\/wp\/v2\/types\/product"}],"wp:featuredmedia":[{"embeddable":true,"href":"https:\/\/lucacastelli.com\/de\/wp-json\/wp\/v2\/media\/567374"}],"wp:attachment":[{"href":"https:\/\/lucacastelli.com\/de\/wp-json\/wp\/v2\/media?parent=638860"}],"wp:term":[{"taxonomy":"product_brand","embeddable":true,"href":"https:\/\/lucacastelli.com\/de\/wp-json\/wp\/v2\/product_brand?post=638860"},{"taxonomy":"product_cat","embeddable":true,"href":"https:\/\/lucacastelli.com\/de\/wp-json\/wp\/v2\/product_cat?post=638860"},{"taxonomy":"product_tag","embeddable":true,"href":"https:\/\/lucacastelli.com\/de\/wp-json\/wp\/v2\/product_tag?post=638860"}],"curies":[{"name":"wp","href":"https:\/\/api.w.org\/{rel}","templated":true}]}}