{"id":638854,"date":"2025-08-09T19:52:30","date_gmt":"2025-08-09T17:52:30","guid":{"rendered":"https:\/\/lucacastelli.com\/prodotto\/milwaukee-packout-erste-hilfe-koffer-xl-1-stueck\/"},"modified":"2025-08-09T19:52:30","modified_gmt":"2025-08-09T17:52:30","slug":"milwaukee-packout-erste-hilfe-koffer-xl-1-stueck","status":"publish","type":"product","link":"https:\/\/lucacastelli.com\/de\/produkt\/milwaukee-packout-erste-hilfe-koffer-xl-1-stueck\/","title":{"rendered":"MILWAUKEE PACKOUT ERSTE-HILFE-KOFFER XL &#8211; 1 ST\u00dcCK"},"content":{"rendered":"<p>PACKOUT ERSTE-HILFE-KOFFER XL &#8211; 1 ST\u00dcCK<br \/>\nIm Notfall leicht erkennbar durch den rot gef\u00e4rbten PACKOUT\u2122-Organizer; Teil des modularen PACKOUT\u2122-Aufbewahrungssystems; hergestellt aus sto\u00dffestem Polymer f\u00fcr lange Haltbarkeit auf der Baustelle; Wetterschutz gem\u00e4\u00df IP65 zum Schutz vor Regen und Schmutz auf der Baustelle; das Innere enth\u00e4lt \u00fcber 10 herausnehmbare und montierbare F\u00e4cher; No-Travel-Schutz verhindert, dass der Inhalt w\u00e4hrend des Transports zwischen den Beh\u00e4ltern hin und her rutscht; Erste-Hilfe-Koffer gem\u00e4\u00df DIN 13157:2021-11<\/p>\n<p>4932492962<br \/>\n4058546478339<\/p>\n","protected":false},"excerpt":{"rendered":"<p>PACKOUT ERSTE-HILFE-KOFFER XL &#8211; 1 ST\u00dcCK<\/p>\n","protected":false},"featured_media":558936,"template":"","meta":{"_seopress_robots_primary_cat":"","_seopress_titles_title":"","_seopress_titles_desc":"","_seopress_robots_index":""},"product_brand":[3407],"product_cat":[5416,33],"product_tag":[3270],"class_list":{"0":"post-638854","1":"product","2":"type-product","3":"status-publish","4":"has-post-thumbnail","6":"product_brand-milwaukee","7":"product_cat-utensili-per-officina","8":"product_cat-attrezzature","9":"product_tag-import-milwau","10":"sws-conto-ricavi-merci-rivendita-macchinari-de","11":"sws-gruppo-iva-iva81-de","13":"first","14":"onbackorder","15":"sale","16":"shipping-taxable","17":"purchasable","18":"product-type-simple"},"_links":{"self":[{"href":"https:\/\/lucacastelli.com\/de\/wp-json\/wp\/v2\/product\/638854","targetHints":{"allow":["GET"]}}],"collection":[{"href":"https:\/\/lucacastelli.com\/de\/wp-json\/wp\/v2\/product"}],"about":[{"href":"https:\/\/lucacastelli.com\/de\/wp-json\/wp\/v2\/types\/product"}],"wp:featuredmedia":[{"embeddable":true,"href":"https:\/\/lucacastelli.com\/de\/wp-json\/wp\/v2\/media\/558936"}],"wp:attachment":[{"href":"https:\/\/lucacastelli.com\/de\/wp-json\/wp\/v2\/media?parent=638854"}],"wp:term":[{"taxonomy":"product_brand","embeddable":true,"href":"https:\/\/lucacastelli.com\/de\/wp-json\/wp\/v2\/product_brand?post=638854"},{"taxonomy":"product_cat","embeddable":true,"href":"https:\/\/lucacastelli.com\/de\/wp-json\/wp\/v2\/product_cat?post=638854"},{"taxonomy":"product_tag","embeddable":true,"href":"https:\/\/lucacastelli.com\/de\/wp-json\/wp\/v2\/product_tag?post=638854"}],"curies":[{"name":"wp","href":"https:\/\/api.w.org\/{rel}","templated":true}]}}