{"id":638852,"date":"2025-08-09T19:52:29","date_gmt":"2025-08-09T17:52:29","guid":{"rendered":"https:\/\/lucacastelli.com\/prodotto\/milwaukee-packout-koffer\/"},"modified":"2025-08-09T19:52:29","modified_gmt":"2025-08-09T17:52:29","slug":"milwaukee-packout-koffer","status":"publish","type":"product","link":"https:\/\/lucacastelli.com\/de\/produkt\/milwaukee-packout-koffer\/","title":{"rendered":"MILWAUKEE PACKOUT\u2122 Koffer"},"content":{"rendered":"<p>PACKOUT KOFFER<br \/>\nStapelbar auf Schubladenschr\u00e4nke und andere PACKOUT\u2122 Beh\u00e4lter;Einh\u00e4ngbar auf die PACKOUT\u2122 Lagerplatte;Einfach zu stapeln oder an der Wand zu befestigen;Front\u00f6ffnung f\u00fcr einfachen Zugang zu den im Koffer enthaltenen Werkzeugen;Tragf\u00e4higkeit von 22 kg;Aus schlagfesten Materialien gefertigt;Teil des modularen PACKOUT\u2122 Aufbewahrungssystems<\/p>\n<p>4932480623<br \/>\n4058546409081<\/p>\n","protected":false},"excerpt":{"rendered":"<p>PACKOUT KOFFER<\/p>\n","protected":false},"featured_media":552869,"template":"","meta":{"_seopress_robots_primary_cat":"","_seopress_titles_title":"","_seopress_titles_desc":"","_seopress_robots_index":""},"product_brand":[3407],"product_cat":[5416,33],"product_tag":[3270],"class_list":{"0":"post-638852","1":"product","2":"type-product","3":"status-publish","4":"has-post-thumbnail","6":"product_brand-milwaukee","7":"product_cat-utensili-per-officina","8":"product_cat-attrezzature","9":"product_tag-import-milwau","10":"sws-conto-ricavi-merci-rivendita-macchinari-de","11":"sws-gruppo-iva-iva81-de","13":"first","14":"onbackorder","15":"sale","16":"shipping-taxable","17":"purchasable","18":"product-type-simple"},"_links":{"self":[{"href":"https:\/\/lucacastelli.com\/de\/wp-json\/wp\/v2\/product\/638852","targetHints":{"allow":["GET"]}}],"collection":[{"href":"https:\/\/lucacastelli.com\/de\/wp-json\/wp\/v2\/product"}],"about":[{"href":"https:\/\/lucacastelli.com\/de\/wp-json\/wp\/v2\/types\/product"}],"wp:featuredmedia":[{"embeddable":true,"href":"https:\/\/lucacastelli.com\/de\/wp-json\/wp\/v2\/media\/552869"}],"wp:attachment":[{"href":"https:\/\/lucacastelli.com\/de\/wp-json\/wp\/v2\/media?parent=638852"}],"wp:term":[{"taxonomy":"product_brand","embeddable":true,"href":"https:\/\/lucacastelli.com\/de\/wp-json\/wp\/v2\/product_brand?post=638852"},{"taxonomy":"product_cat","embeddable":true,"href":"https:\/\/lucacastelli.com\/de\/wp-json\/wp\/v2\/product_cat?post=638852"},{"taxonomy":"product_tag","embeddable":true,"href":"https:\/\/lucacastelli.com\/de\/wp-json\/wp\/v2\/product_tag?post=638852"}],"curies":[{"name":"wp","href":"https:\/\/api.w.org\/{rel}","templated":true}]}}