{"id":638850,"date":"2025-08-09T19:52:26","date_gmt":"2025-08-09T17:52:26","guid":{"rendered":"https:\/\/lucacastelli.com\/prodotto\/milwaukee-packout-flaschen-3\/"},"modified":"2025-08-09T19:52:26","modified_gmt":"2025-08-09T17:52:26","slug":"milwaukee-packout-flaschen-3","status":"publish","type":"product","link":"https:\/\/lucacastelli.com\/de\/produkt\/milwaukee-packout-flaschen-3\/","title":{"rendered":"MILWAUKEE PACKOUT Flaschen"},"content":{"rendered":"<p>PACKOUT TRINKFLASCHE SCHWARZ 1065 ml<br \/>\nDoppelwandige Vakuumisolierung h\u00e4lt warm und kalt den ganzen Tag;Edelstahl 18\/8 f\u00fcr maximale Haltbarkeit;Sp\u00fclmaschinenfest;Verschl\u00fcsse sind mit allen PACKOUT\u2122 Trinkflaschen und Bechern kompatibel;Dreh- und Verriegelungsmechanismus f\u00fcr die Verbindung mit allen PACKOUT\u2122 Komponenten;Teil des PACKOUT\u2122 Systems<\/p>\n<p>4932493468<br \/>\n4058546483395<\/p>\n","protected":false},"excerpt":{"rendered":"<p>PACKOUT TRINKFLASCHE SCHWARZ 1065 ml<\/p>\n","protected":false},"featured_media":562529,"template":"","meta":{"_seopress_robots_primary_cat":"","_seopress_titles_title":"","_seopress_titles_desc":"","_seopress_robots_index":""},"product_brand":[3407],"product_cat":[5416,33],"product_tag":[3270],"class_list":{"0":"post-638850","1":"product","2":"type-product","3":"status-publish","4":"has-post-thumbnail","6":"product_brand-milwaukee","7":"product_cat-utensili-per-officina","8":"product_cat-attrezzature","9":"product_tag-import-milwau","10":"sws-conto-ricavi-merci-rivendita-macchinari-de","11":"sws-gruppo-iva-iva81-de","13":"first","14":"onbackorder","15":"sale","16":"shipping-taxable","17":"purchasable","18":"product-type-simple"},"_links":{"self":[{"href":"https:\/\/lucacastelli.com\/de\/wp-json\/wp\/v2\/product\/638850","targetHints":{"allow":["GET"]}}],"collection":[{"href":"https:\/\/lucacastelli.com\/de\/wp-json\/wp\/v2\/product"}],"about":[{"href":"https:\/\/lucacastelli.com\/de\/wp-json\/wp\/v2\/types\/product"}],"wp:featuredmedia":[{"embeddable":true,"href":"https:\/\/lucacastelli.com\/de\/wp-json\/wp\/v2\/media\/562529"}],"wp:attachment":[{"href":"https:\/\/lucacastelli.com\/de\/wp-json\/wp\/v2\/media?parent=638850"}],"wp:term":[{"taxonomy":"product_brand","embeddable":true,"href":"https:\/\/lucacastelli.com\/de\/wp-json\/wp\/v2\/product_brand?post=638850"},{"taxonomy":"product_cat","embeddable":true,"href":"https:\/\/lucacastelli.com\/de\/wp-json\/wp\/v2\/product_cat?post=638850"},{"taxonomy":"product_tag","embeddable":true,"href":"https:\/\/lucacastelli.com\/de\/wp-json\/wp\/v2\/product_tag?post=638850"}],"curies":[{"name":"wp","href":"https:\/\/api.w.org\/{rel}","templated":true}]}}