{"id":638818,"date":"2025-10-01T09:50:40","date_gmt":"2025-10-01T07:50:40","guid":{"rendered":"https:\/\/lucacastelli.com\/prodotto\/crazy-hemd-alpinstar-3\/"},"modified":"2026-04-14T00:12:45","modified_gmt":"2026-04-13T22:12:45","slug":"crazy-hemd-alpinstar-3","status":"publish","type":"product","link":"https:\/\/lucacastelli.com\/de\/produkt\/crazy-hemd-alpinstar-3\/","title":{"rendered":"CRAZY HEMD ALPINSTAR"},"content":{"rendered":"<p data-start=\"113\" data-end=\"126\"><strong data-start=\"113\" data-end=\"124\">BEGRIFF<\/strong><\/p>\n<ul data-start=\"127\" data-end=\"236\">\n<li data-start=\"127\" data-end=\"146\">\n<p data-start=\"129\" data-end=\"146\">Allover-Prints<\/p>\n<\/li>\n<li data-start=\"147\" data-end=\"178\">\n<p data-start=\"149\" data-end=\"178\">Kontrastierende flache N\u00e4hte<\/p>\n<\/li>\n<li data-start=\"179\" data-end=\"214\">\n<p data-start=\"181\" data-end=\"214\">Sch\u00fctzendes Nackenband<\/p>\n<\/li>\n<li data-start=\"215\" data-end=\"236\">\n<p data-start=\"217\" data-end=\"236\">Reflektierende Logos<\/p>\n<\/li>\n<\/ul>\n<p data-start=\"238\" data-end=\"375\"><strong data-start=\"238\" data-end=\"250\">EIGENSCHAFTEN<\/strong><br data-start=\"250\" data-end=\"253\">Das meistverkaufte T-Shirt der <strong data-start=\"293\" data-end=\"302\">Crazy<\/strong>-Kollektion kombiniert eine technische Konstruktion mit lebendigen und eindrucksvollen Prints.<\/p>\n<p data-start=\"377\" data-end=\"646\">Die bedruckten Paneele sind aus Polyester mit unterbrochener Wabenstruktur gefertigt, einem leichten und hochatmungsaktiven Gewebe. Die \u00c4rmel sind aus <strong data-start=\"548\" data-end=\"560\">Coolwave<\/strong>-Mikrofaser hergestellt, k\u00fchl, schnelltrocknend und mit der charakteristischen &#8220;Stripe&#8221;-Struktur. <\/p>\n<p data-start=\"648\" data-end=\"764\">Der weiche und leichte Halsabschluss ist f\u00fcr h\u00f6chsten Komfort auch bei technischen Eins\u00e4tzen konzipiert.<\/p>\n","protected":false},"excerpt":{"rendered":"<p>BEGRIFF Allover-Prints Kontrastierende flache N\u00e4hte Sch\u00fctzendes Nackenband Reflektierende Logos EIGENSCHAFTENDas meistverkaufte T-Shirt der Crazy-Kollektion kombiniert eine technische Konstruktion mit lebendigen<\/p>\n","protected":false},"featured_media":638820,"template":"","meta":{"_seopress_robots_primary_cat":"none","_seopress_titles_title":"","_seopress_titles_desc":"","_seopress_robots_index":""},"product_brand":[3614],"product_cat":[1388,974,82],"product_tag":[],"class_list":{"0":"post-638818","1":"product","2":"type-product","3":"status-publish","4":"has-post-thumbnail","6":"product_brand-crazy-de","7":"product_cat-damenbekleidung","8":"product_cat-freizeitkleidung","9":"product_cat-kleidung","10":"sws-gruppo-abb-libero-de","11":"sws-conto-ricavi-merci-rivendita-abbigliamento-de","12":"sws-gruppo-iva-iva81-de","14":"first","15":"instock","16":"sale","17":"shipping-taxable","18":"purchasable","19":"product-type-variable","20":"has-default-attributes"},"_links":{"self":[{"href":"https:\/\/lucacastelli.com\/de\/wp-json\/wp\/v2\/product\/638818","targetHints":{"allow":["GET"]}}],"collection":[{"href":"https:\/\/lucacastelli.com\/de\/wp-json\/wp\/v2\/product"}],"about":[{"href":"https:\/\/lucacastelli.com\/de\/wp-json\/wp\/v2\/types\/product"}],"wp:featuredmedia":[{"embeddable":true,"href":"https:\/\/lucacastelli.com\/de\/wp-json\/wp\/v2\/media\/638820"}],"wp:attachment":[{"href":"https:\/\/lucacastelli.com\/de\/wp-json\/wp\/v2\/media?parent=638818"}],"wp:term":[{"taxonomy":"product_brand","embeddable":true,"href":"https:\/\/lucacastelli.com\/de\/wp-json\/wp\/v2\/product_brand?post=638818"},{"taxonomy":"product_cat","embeddable":true,"href":"https:\/\/lucacastelli.com\/de\/wp-json\/wp\/v2\/product_cat?post=638818"},{"taxonomy":"product_tag","embeddable":true,"href":"https:\/\/lucacastelli.com\/de\/wp-json\/wp\/v2\/product_tag?post=638818"}],"curies":[{"name":"wp","href":"https:\/\/api.w.org\/{rel}","templated":true}]}}