{"id":638801,"date":"2025-09-30T17:37:12","date_gmt":"2025-09-30T15:37:12","guid":{"rendered":"https:\/\/lucacastelli.com\/prodotto\/hart-kappe-sosbun-c\/"},"modified":"2025-09-30T17:37:12","modified_gmt":"2025-09-30T15:37:12","slug":"hart-kappe-sosbun-c","status":"publish","type":"product","link":"https:\/\/lucacastelli.com\/de\/produkt\/hart-kappe-sosbun-c\/","title":{"rendered":"Hart Kappe Sosbun-C"},"content":{"rendered":"<p>Wasserabweisend. Formstabile Vorderseite und Schirm. Bel\u00fcftungs\u00f6ffnungen. Schwei\u00dfband. Verstellbar mit Klettverschluss. Reflektierende Eins\u00e4tze. Einheitsgr\u00f6\u00dfe.      <\/p>\n<p>Die Hart Kappe Sosbun-C ist perfekt f\u00fcr die Jagd. Sie sch\u00fctzt den Kopf wirksam vor starker Sonne und leichtem Regen. <\/p>\n<ul>\n<li>Wasserabweisend<\/li>\n<li>Formstabile Vorderseite und Schirm<\/li>\n<li>Bel\u00fcftungs\u00f6ffnungen<\/li>\n<li>Schwei\u00dfband<\/li>\n<li>Verstellbar mit Klettverschluss<\/li>\n<li>Reflektierende Eins\u00e4tze<\/li>\n<li>Einheitsgr\u00f6\u00dfe<\/li>\n<\/ul>\n","protected":false},"excerpt":{"rendered":"<p>Wasserabweisend. Formstabile Vorderseite und Schirm. Bel\u00fcftungs\u00f6ffnungen. Schwei\u00dfband. Verstellbar mit Klettverschluss. Reflektierende Eins\u00e4tze. Einheitsgr\u00f6\u00dfe. Die Hart Kappe Sosbun-C ist perfekt f\u00fcr<\/p>\n","protected":false},"featured_media":633622,"template":"","meta":{"_seopress_robots_primary_cat":"none","_seopress_titles_title":"","_seopress_titles_desc":"","_seopress_robots_index":""},"product_brand":[4255],"product_cat":[1391,974,82],"product_tag":[],"class_list":{"0":"post-638801","1":"product","2":"type-product","3":"status-publish","4":"has-post-thumbnail","6":"product_brand-hart-de","7":"product_cat-bekleidungs-accessoires","8":"product_cat-freizeitkleidung","9":"product_cat-kleidung","10":"sws-gruppo-abb-libero-de","11":"sws-conto-ricavi-merci-rivendita-abbigliamento-de","12":"sws-gruppo-iva-iva81-de","14":"first","15":"instock","16":"shipping-taxable","17":"purchasable","18":"product-type-variable","19":"has-default-attributes"},"_links":{"self":[{"href":"https:\/\/lucacastelli.com\/de\/wp-json\/wp\/v2\/product\/638801","targetHints":{"allow":["GET"]}}],"collection":[{"href":"https:\/\/lucacastelli.com\/de\/wp-json\/wp\/v2\/product"}],"about":[{"href":"https:\/\/lucacastelli.com\/de\/wp-json\/wp\/v2\/types\/product"}],"wp:featuredmedia":[{"embeddable":true,"href":"https:\/\/lucacastelli.com\/de\/wp-json\/wp\/v2\/media\/633622"}],"wp:attachment":[{"href":"https:\/\/lucacastelli.com\/de\/wp-json\/wp\/v2\/media?parent=638801"}],"wp:term":[{"taxonomy":"product_brand","embeddable":true,"href":"https:\/\/lucacastelli.com\/de\/wp-json\/wp\/v2\/product_brand?post=638801"},{"taxonomy":"product_cat","embeddable":true,"href":"https:\/\/lucacastelli.com\/de\/wp-json\/wp\/v2\/product_cat?post=638801"},{"taxonomy":"product_tag","embeddable":true,"href":"https:\/\/lucacastelli.com\/de\/wp-json\/wp\/v2\/product_tag?post=638801"}],"curies":[{"name":"wp","href":"https:\/\/api.w.org\/{rel}","templated":true}]}}