{"id":638778,"date":"2025-09-30T17:09:15","date_gmt":"2025-09-30T15:09:15","guid":{"rendered":"https:\/\/lucacastelli.com\/prodotto\/bahco-bandmass-15-meter\/"},"modified":"2025-09-30T17:09:15","modified_gmt":"2025-09-30T15:09:15","slug":"bahco-bandmass-15-meter","status":"publish","type":"product","link":"https:\/\/lucacastelli.com\/de\/produkt\/bahco-bandmass-15-meter\/","title":{"rendered":"BAHCO Bandma\u00df 15 Meter"},"content":{"rendered":"<p>Das Bahco Bandma\u00df mit robustem Kunststoffgeh\u00e4use verf\u00fcgt \u00fcber ein automatisches R\u00fcckholsystem und einen Stahlausl\u00f6sehaken. Es besteht aus einem Federgeh\u00e4use, einem Messband und einer Rolle. Der Mechanismus des Bandma\u00dfes ist mit drei wartungsarmen Planetengetrieben ausgestattet. Bei Bedarf kann das Bahco Bandma\u00df durch L\u00f6sen einer einzigen Schraube ohne zus\u00e4tzliches Werkzeug gespannt oder zerlegt werden. Gewicht 450 g. L\u00e4nge 15 m.     <\/p>\n","protected":false},"excerpt":{"rendered":"<p>Das Bahco Bandma\u00df mit robustem Kunststoffgeh\u00e4use verf\u00fcgt \u00fcber ein automatisches R\u00fcckholsystem und einen Stahlausl\u00f6sehaken. Es besteht aus einem Federgeh\u00e4use, einem<\/p>\n","protected":false},"featured_media":633605,"template":"","meta":{"_seopress_robots_primary_cat":"none","_seopress_titles_title":"","_seopress_titles_desc":"","_seopress_robots_index":""},"product_brand":[6122],"product_cat":[1700,169],"product_tag":[],"class_list":{"0":"post-638778","1":"product","2":"type-product","3":"status-publish","4":"has-post-thumbnail","6":"product_brand-bahco","7":"product_cat-forstwirtschaftliche-werkzeuge-und-zubehor","8":"product_cat-maschinen","9":"sws-gruppo-macchinari-de","10":"sws-conto-ricavi-merci-rivendita-macchinari-de","11":"sws-gruppo-iva-iva81-de","13":"first","14":"instock","15":"shipping-taxable","16":"purchasable","17":"product-type-simple"},"_links":{"self":[{"href":"https:\/\/lucacastelli.com\/de\/wp-json\/wp\/v2\/product\/638778","targetHints":{"allow":["GET"]}}],"collection":[{"href":"https:\/\/lucacastelli.com\/de\/wp-json\/wp\/v2\/product"}],"about":[{"href":"https:\/\/lucacastelli.com\/de\/wp-json\/wp\/v2\/types\/product"}],"wp:featuredmedia":[{"embeddable":true,"href":"https:\/\/lucacastelli.com\/de\/wp-json\/wp\/v2\/media\/633605"}],"wp:attachment":[{"href":"https:\/\/lucacastelli.com\/de\/wp-json\/wp\/v2\/media?parent=638778"}],"wp:term":[{"taxonomy":"product_brand","embeddable":true,"href":"https:\/\/lucacastelli.com\/de\/wp-json\/wp\/v2\/product_brand?post=638778"},{"taxonomy":"product_cat","embeddable":true,"href":"https:\/\/lucacastelli.com\/de\/wp-json\/wp\/v2\/product_cat?post=638778"},{"taxonomy":"product_tag","embeddable":true,"href":"https:\/\/lucacastelli.com\/de\/wp-json\/wp\/v2\/product_tag?post=638778"}],"curies":[{"name":"wp","href":"https:\/\/api.w.org\/{rel}","templated":true}]}}