{"id":638759,"date":"2025-09-29T16:19:37","date_gmt":"2025-09-29T14:19:37","guid":{"rendered":"https:\/\/lucacastelli.com\/prodotto\/helly-hansen-damen-lifa-merino-midweight-graphic-halbzip-baselayer\/"},"modified":"2026-03-02T15:11:08","modified_gmt":"2026-03-02T14:11:08","slug":"helly-hansen-damen-lifa-merino-midweight-graphic-halbzip-baselayer","status":"publish","type":"product","link":"https:\/\/lucacastelli.com\/de\/produkt\/helly-hansen-damen-lifa-merino-midweight-graphic-halbzip-baselayer\/","title":{"rendered":"HELLY HANSEN Damen LIFA\u00ae Merino Midweight Graphic Funktionsshirt mit halbem Rei\u00dfverschluss"},"content":{"rendered":"<p>Unsere LIFA\u00ae Merino Midweight Kollektion ist perfekt f\u00fcr jede Aktivit\u00e4t in der kalten Jahreszeit. Wir haben eine Schicht aus Merinowolle mit unserer bew\u00e4hrten LIFA\u00ae Stay Warm Technologie in einer 2-Lagen-Struktur kombiniert. LIFA\u00ae Merino Midweight bietet die gesamte W\u00e4rme und Atmungsaktivit\u00e4t von Merinowollfasern sowie die einzigartigen feuchtigkeitsregulierenden Eigenschaften der LIFA\u00ae Fasern. Wir haben dieses Modell mit originellen, modischen Grafiken aufgewertet, denn wir glauben, dass Basiskleidung nicht langweilig sein muss.   <\/p>\n<p>&nbsp;<\/p>\n<p>Faserzusammensetzung:<\/p>\n<div class=\"richtext_wrapper__eAHie blocks_root__vE_15\">Shell: 57 % Merinowolle, 43 % Polypropylen<\/div>\n<p>Pflegehinweise:<\/p>\n<div class=\"richtext_wrapper__eAHie blocks_root__vE_15\">Rei\u00dfverschl\u00fcsse vor dem Waschen schlie\u00dfen. Keinen Weichsp\u00fcler verwenden. Nicht verdrehen. Verwende Wollwaschmittel. Wasche sie von innen nach au\u00dfen.  <\/div>\n<div class=\"productDetails_productDetailsCols__K1qqI\">\n<div class=\"productDetails_productDetailsRow__bHp5_\">\n<div class=\"blocks_mobileInlineWrapper__N_Soc\">Gewicht: 220g<\/div>\n<\/div>\n<\/div>\n<div><\/div>\n<div>\n<ul>\n<li>\n<p class=\"body_default__CCmOa body_style--basic__T4X6_ body_style--basic__T4X6_\">LIFA\u00ae MERINO<\/p>\n<\/li>\n<li>\n<p class=\"body_default__CCmOa body_style--basic__T4X6_ body_style--basic__T4X6_\">Zweischichtige Konstruktion<\/p>\n<\/li>\n<li>\n<p class=\"body_default__CCmOa body_style--basic__T4X6_ body_style--basic__T4X6_\">Au\u00dfenmaterial: 100 % Merinowolle<\/p>\n<\/li>\n<li>\n<p class=\"body_default__CCmOa body_style--basic__T4X6_ body_style--basic__T4X6_\">Flatlock-N\u00e4hte f\u00fcr optimalen Komfort und Strapazierf\u00e4higkeit<\/p>\n<\/li>\n<li>\n<p class=\"body_default__CCmOa body_style--basic__T4X6_ body_style--basic__T4X6_\">Nicht reizendes Gewebe<\/p>\n<\/li>\n<li>\n<p class=\"body_default__CCmOa body_style--basic__T4X6_ body_style--basic__T4X6_\">ZQ Merino<\/p>\n<\/li>\n<\/ul>\n<\/div>\n","protected":false},"excerpt":{"rendered":"<p>Unsere LIFA\u00ae Merino Midweight Kollektion ist perfekt f\u00fcr jede Aktivit\u00e4t in der kalten Jahreszeit. Wir haben eine Schicht aus Merinowolle<\/p>\n","protected":false},"featured_media":638763,"template":"","meta":{"_seopress_robots_primary_cat":"none","_seopress_titles_title":"","_seopress_titles_desc":"","_seopress_robots_index":""},"product_brand":[3425],"product_cat":[21,189,200],"product_tag":[],"class_list":{"0":"post-638759","1":"product","2":"type-product","3":"status-publish","4":"has-post-thumbnail","6":"product_brand-helly-hansen","7":"product_cat-abbigliamento","8":"product_cat-abbigliamento-per-il-tempo-libero","9":"product_cat-abbigliamento-da-donna","10":"sws-gruppo-abb-libero-de","11":"sws-conto-ricavi-merci-rivendita-abbigliamento-de","12":"sws-gruppo-iva-iva81-de","14":"first","15":"instock","16":"sale","17":"shipping-taxable","18":"purchasable","19":"product-type-variable","20":"has-default-attributes"},"_links":{"self":[{"href":"https:\/\/lucacastelli.com\/de\/wp-json\/wp\/v2\/product\/638759","targetHints":{"allow":["GET"]}}],"collection":[{"href":"https:\/\/lucacastelli.com\/de\/wp-json\/wp\/v2\/product"}],"about":[{"href":"https:\/\/lucacastelli.com\/de\/wp-json\/wp\/v2\/types\/product"}],"wp:featuredmedia":[{"embeddable":true,"href":"https:\/\/lucacastelli.com\/de\/wp-json\/wp\/v2\/media\/638763"}],"wp:attachment":[{"href":"https:\/\/lucacastelli.com\/de\/wp-json\/wp\/v2\/media?parent=638759"}],"wp:term":[{"taxonomy":"product_brand","embeddable":true,"href":"https:\/\/lucacastelli.com\/de\/wp-json\/wp\/v2\/product_brand?post=638759"},{"taxonomy":"product_cat","embeddable":true,"href":"https:\/\/lucacastelli.com\/de\/wp-json\/wp\/v2\/product_cat?post=638759"},{"taxonomy":"product_tag","embeddable":true,"href":"https:\/\/lucacastelli.com\/de\/wp-json\/wp\/v2\/product_tag?post=638759"}],"curies":[{"name":"wp","href":"https:\/\/api.w.org\/{rel}","templated":true}]}}