{"id":638755,"date":"2025-09-30T15:36:53","date_gmt":"2025-09-30T13:36:53","guid":{"rendered":"https:\/\/lucacastelli.com\/prodotto\/crazy-hemden-schleudern-2\/"},"modified":"2026-04-14T02:48:44","modified_gmt":"2026-04-14T00:48:44","slug":"crazy-hemden-schleudern-2","status":"publish","type":"product","link":"https:\/\/lucacastelli.com\/de\/produkt\/crazy-hemden-schleudern-2\/","title":{"rendered":"CRAZY HEMDEN-SCHLEUDERN"},"content":{"rendered":"<p data-start=\"66\" data-end=\"79\"><strong data-start=\"66\" data-end=\"77\">BEGRIFF<\/strong><\/p>\n<ul data-start=\"80\" data-end=\"184\">\n<li data-start=\"80\" data-end=\"135\">\n<p data-start=\"82\" data-end=\"135\">Herausnehmbarer Innen-BH mit Mikro-Druckknopf<\/p>\n<\/li>\n<li data-start=\"136\" data-end=\"164\">\n<p data-start=\"138\" data-end=\"164\">Seitliche Netzeins\u00e4tze<\/p>\n<\/li>\n<li data-start=\"165\" data-end=\"184\">\n<p data-start=\"167\" data-end=\"184\">Allover-Prints<\/p>\n<\/li>\n<\/ul>\n<p data-start=\"186\" data-end=\"618\"><strong data-start=\"186\" data-end=\"198\">FEATURES<\/strong><br data-start=\"198\" data-end=\"201\">Modernes T-Shirt mit herausnehmbarem Innen-BH, entwickelt f\u00fcr Komfort und Funktionalit\u00e4t. \u00dcberzeugt an hei\u00dfen Tagen dank des <strong data-start=\"347\" data-end=\"361\">Hydro Cool<\/strong>-Gewebes, extrem leicht und atmungsaktiv, mit Jalousie-Struktur und seitlichen Netzeins\u00e4tzen f\u00fcr optimale Bel\u00fcftung.<br data-start=\"481\" data-end=\"484\">Der Innen-BH aus schnell trocknender Mikrofaser l\u00e4sst sich einfach per Druckknopf entfernen. <\/p>\n","protected":false},"excerpt":{"rendered":"<p>BEGRIFF Herausnehmbarer Innen-BH mit Mikro-Druckknopf Seitliche Netzeins\u00e4tze Allover-Prints FEATURESModernes T-Shirt mit herausnehmbarem Innen-BH, entwickelt f\u00fcr Komfort und Funktionalit\u00e4t. \u00dcberzeugt an<\/p>\n","protected":false},"featured_media":638756,"template":"","meta":{"_seopress_robots_primary_cat":"none","_seopress_titles_title":"","_seopress_titles_desc":"","_seopress_robots_index":""},"product_brand":[3413],"product_cat":[21,189,200],"product_tag":[],"class_list":{"0":"post-638755","1":"product","2":"type-product","3":"status-publish","4":"has-post-thumbnail","6":"product_brand-crazy","7":"product_cat-abbigliamento","8":"product_cat-abbigliamento-per-il-tempo-libero","9":"product_cat-abbigliamento-da-donna","10":"sws-gruppo-abb-libero-de","11":"sws-conto-ricavi-merci-rivendita-abbigliamento-de","12":"sws-gruppo-iva-iva81-de","14":"first","15":"instock","16":"sale","17":"shipping-taxable","18":"product-type-variable"},"_links":{"self":[{"href":"https:\/\/lucacastelli.com\/de\/wp-json\/wp\/v2\/product\/638755","targetHints":{"allow":["GET"]}}],"collection":[{"href":"https:\/\/lucacastelli.com\/de\/wp-json\/wp\/v2\/product"}],"about":[{"href":"https:\/\/lucacastelli.com\/de\/wp-json\/wp\/v2\/types\/product"}],"wp:featuredmedia":[{"embeddable":true,"href":"https:\/\/lucacastelli.com\/de\/wp-json\/wp\/v2\/media\/638756"}],"wp:attachment":[{"href":"https:\/\/lucacastelli.com\/de\/wp-json\/wp\/v2\/media?parent=638755"}],"wp:term":[{"taxonomy":"product_brand","embeddable":true,"href":"https:\/\/lucacastelli.com\/de\/wp-json\/wp\/v2\/product_brand?post=638755"},{"taxonomy":"product_cat","embeddable":true,"href":"https:\/\/lucacastelli.com\/de\/wp-json\/wp\/v2\/product_cat?post=638755"},{"taxonomy":"product_tag","embeddable":true,"href":"https:\/\/lucacastelli.com\/de\/wp-json\/wp\/v2\/product_tag?post=638755"}],"curies":[{"name":"wp","href":"https:\/\/api.w.org\/{rel}","templated":true}]}}