{"id":638743,"date":"2025-09-30T14:45:24","date_gmt":"2025-09-30T12:45:24","guid":{"rendered":"https:\/\/lucacastelli.com\/prodotto\/crazy-shirt-wonder-magic\/"},"modified":"2026-04-14T02:49:21","modified_gmt":"2026-04-14T00:49:21","slug":"crazy-shirt-wonder-magic","status":"publish","type":"product","link":"https:\/\/lucacastelli.com\/de\/produkt\/crazy-shirt-wonder-magic\/","title":{"rendered":"CRAZY SHIRT WONDER MAGIC"},"content":{"rendered":"<p data-start=\"118\" data-end=\"131\"><strong data-start=\"118\" data-end=\"129\">BEGRIFF<\/strong><\/p>\n<ul data-start=\"132\" data-end=\"219\">\n<li data-start=\"132\" data-end=\"167\">\n<p data-start=\"134\" data-end=\"167\">Sch\u00fctzendes Nackenband<\/p>\n<\/li>\n<li data-start=\"168\" data-end=\"199\">\n<p data-start=\"170\" data-end=\"199\">Kontrastierende flache N\u00e4hte<\/p>\n<\/li>\n<li data-start=\"200\" data-end=\"219\">\n<p data-start=\"202\" data-end=\"219\">Allover-Prints<\/p>\n<\/li>\n<li data-start=\"200\" data-end=\"219\">\n<\/li>\n<\/ul>\n<p data-start=\"221\" data-end=\"597\"><strong data-start=\"221\" data-end=\"233\">EIGENSCHAFTEN<\/strong><br data-start=\"233\" data-end=\"236\">Unser T-Shirt ist f\u00fcr aktive Tage im Freien konzipiert, eignet sich dank der originellen Prints und des nat\u00fcrlichen, weichen und angenehmen Tencel-Gewebes aber auch perfekt f\u00fcr den t\u00e4glichen Gebrauch.<br data-start=\"442\" data-end=\"445\">Leicht und funktional, ist es pflegeleicht und bietet hervorragende Feuchtigkeitsaufnahme, die in jeder Situation Frische und Komfort garantiert.<\/p>\n","protected":false},"excerpt":{"rendered":"<p>BEGRIFF Sch\u00fctzendes Nackenband Kontrastierende flache N\u00e4hte Allover-Prints EIGENSCHAFTENUnser T-Shirt ist f\u00fcr aktive Tage im Freien konzipiert, eignet sich dank der<\/p>\n","protected":false},"featured_media":638744,"template":"","meta":{"_seopress_robots_primary_cat":"none","_seopress_titles_title":"","_seopress_titles_desc":"","_seopress_robots_index":""},"product_brand":[3413],"product_cat":[21,189,200],"product_tag":[],"class_list":{"0":"post-638743","1":"product","2":"type-product","3":"status-publish","4":"has-post-thumbnail","6":"product_brand-crazy","7":"product_cat-abbigliamento","8":"product_cat-abbigliamento-per-il-tempo-libero","9":"product_cat-abbigliamento-da-donna","10":"sws-gruppo-abb-libero-de","11":"sws-conto-ricavi-merci-rivendita-abbigliamento-de","12":"sws-gruppo-iva-iva81-de","14":"first","15":"instock","16":"sale","17":"shipping-taxable","18":"purchasable","19":"product-type-variable","20":"has-default-attributes"},"_links":{"self":[{"href":"https:\/\/lucacastelli.com\/de\/wp-json\/wp\/v2\/product\/638743","targetHints":{"allow":["GET"]}}],"collection":[{"href":"https:\/\/lucacastelli.com\/de\/wp-json\/wp\/v2\/product"}],"about":[{"href":"https:\/\/lucacastelli.com\/de\/wp-json\/wp\/v2\/types\/product"}],"wp:featuredmedia":[{"embeddable":true,"href":"https:\/\/lucacastelli.com\/de\/wp-json\/wp\/v2\/media\/638744"}],"wp:attachment":[{"href":"https:\/\/lucacastelli.com\/de\/wp-json\/wp\/v2\/media?parent=638743"}],"wp:term":[{"taxonomy":"product_brand","embeddable":true,"href":"https:\/\/lucacastelli.com\/de\/wp-json\/wp\/v2\/product_brand?post=638743"},{"taxonomy":"product_cat","embeddable":true,"href":"https:\/\/lucacastelli.com\/de\/wp-json\/wp\/v2\/product_cat?post=638743"},{"taxonomy":"product_tag","embeddable":true,"href":"https:\/\/lucacastelli.com\/de\/wp-json\/wp\/v2\/product_tag?post=638743"}],"curies":[{"name":"wp","href":"https:\/\/api.w.org\/{rel}","templated":true}]}}