{"id":638725,"date":"2025-09-29T16:08:12","date_gmt":"2025-09-29T14:08:12","guid":{"rendered":"https:\/\/lucacastelli.com\/prodotto\/stihl-hsa-150-r-75-cm\/"},"modified":"2025-10-27T07:42:24","modified_gmt":"2025-10-27T06:42:24","slug":"stihl-hsa-150-r-75-cm","status":"publish","type":"product","link":"https:\/\/lucacastelli.com\/de\/produkt\/stihl-hsa-150-r-75-cm\/","title":{"rendered":"STIHL HSA 150 R 75 cm"},"content":{"rendered":"","protected":false},"excerpt":{"rendered":"<h2 class=\"product-details__title\">F\u00fcr einen robusten und effizienten Heckenschnitt.<\/h2>\n<div class=\"product-details__description richtexteditor\">\n<p>Die leistungsstarke und robuste Akku-Heckenschere STIHL HSA 150 R erm\u00f6glicht Ihnen anspruchsvolle Arbeiten in der <a href=\"https:\/\/www.stihl.it\/it\/diy-stihl\/giardino-fai-da-te\/cura-delle-siepi\"><strong>professionellen Garten- und Landschaftspflege<\/strong><\/a> sowie in Kommunalbetrieben. Die einseitige Messerleiste mit montiertem Sammelblech erm\u00f6glicht einen gro\u00dfvolumigen Heckenschnitt. Dank der niedrigen Messergeschwindigkeit und dem doppelseitig geschliffenen Messer in der Schneidvariante mit gr\u00f6\u00dferem Zahnabstand werden auch st\u00e4rkere \u00c4ste und Zweige effizient mit konstanter Geschwindigkeit geschnitten. Der EC-Motor sorgt f\u00fcr gleichbleibende Leistung und lange Lebensdauer. Sie k\u00f6nnen die Geschwindigkeit in 3 Stufen (2.600, 3.000 und 3.400 H\u00fcbe\/Minute) direkt am einseitigen Griff einstellen.    <\/p>\n<p>Die Akku-Heckenschere STIHL HSA 150 R ist dank des herausnehmbaren Lithium-Ionen-Akkus des <a href=\"https:\/\/www.stihl.it\/it\/tecnologia-stihl\/carica-batteria-stihl\/stihl-sistema-ap\"><strong>STIHL AP-Systems<\/strong><\/a> \u00e4u\u00dferst flexibel. Ihre niedrigen Ger\u00e4usch- und Vibrationswerte erm\u00f6glichen das Schneiden von Hecken auch ohne Geh\u00f6rschutz und in l\u00e4rmempfindlichen Bereichen. Die reibungsoptimierten Messer erm\u00f6glichen eine l\u00e4ngere Akkulaufzeit und eine h\u00f6here Lebensdauer. Die angeschraubten Schnitt- und F\u00fchrungsschutzvorrichtungen erh\u00f6hen Ihre Sicherheit und sch\u00fctzen die Schneidgarnitur.   <\/p>\n<p>Die Akku-Heckenschere STIHL HSA 150 R ist in der Schnittl\u00e4nge von 75 cm erh\u00e4ltlich.<\/p>\n<p>Sie ist f\u00fcr die Verwendung mit dem optional erh\u00e4ltlichen <a href=\"https:\/\/www.stihl.it\/it\/p\/connettivita-prodotti-smart-smart-connector2a-135009#smart-connector-2-a-135009\"><strong>STIHL Smart Connector 2 A<\/strong><\/a> vorbereitet.<\/p>\n<p>In unserer <a href=\"https:\/\/www.stihl.it\/it\/tecnologia-stihl\/carica-batteria-stihl\/durata-batterie-stihl\"><strong>\u00dcbersicht zu den Lauf- und Ladezeiten der STIHL Akkus<\/strong><\/a> k\u00f6nnen Sie sehen, wie lange Sie mit Ihrer Akku-Heckenschere STIHL HSA 150 R arbeiten k\u00f6nnen und wie lange der Akku zum Aufladen ben\u00f6tigt.<\/p>\n<p>Alle Akku-Ger\u00e4te des STIHL AP-Systems sind f\u00fcr den regelm\u00e4\u00dfigen professionellen Einsatz auch bei widrigen Wetterbedingungen konzipiert. Daher verf\u00fcgen sie \u00fcber einen gepr\u00fcften Spritzwasserschutz. Die Wirksamkeit wird durch strenge interne Tests nachgewiesen. Der Spritzwassertest basiert unter anderem auf dem Standard IPX4.   <\/p>\n<p>F\u00fcr die STIHL HSA 150 R wurde der bereits in internen Tests nachgewiesene Spritzwasserschutz zus\u00e4tzlich nach der Schutzklasse IPX4 zertifiziert.<\/p>\n<p>F\u00fcr eine optimale Nutzung beachten Sie bitte unsere <a href=\"https:\/\/www.stihl.it\/it\/tecnologia-stihl\/carica-batteria-stihl\/compatibilita-batterie\">\u00dcbersicht zur Akku-Kompatibilit\u00e4t<\/a>.<\/p>\n<\/div>\n<p>&nbsp;<\/p>\n<p>&nbsp;<\/p>\n<table data-test-id=\"pdp-spec-tech-table\">\n<tbody>\n<tr>\n<td>Nennspannung<\/td>\n<td>36 V<\/td>\n<\/tr>\n<tr>\n<td>Leistungsaufnahme<\/td>\n<td>0,65 kW<\/td>\n<\/tr>\n<tr>\n<td>Leistung<\/td>\n<td>0,46 kW <sup>1<!-- -->)<\/sup><\/td>\n<\/tr>\n<tr>\n<td>Akkusystem<\/td>\n<td>AP<\/td>\n<\/tr>\n<tr>\n<td>Empfohlener Akku<\/td>\n<td>AP 200 S<\/td>\n<\/tr>\n<tr>\n<td>Hubzahl<\/td>\n<td>2600 U\/Min<\/td>\n<\/tr>\n<tr>\n<td>Hubzahl Stufe 2<\/td>\n<td>3000 U\/Min<\/td>\n<\/tr>\n<tr>\n<td>Hubzahl Stufe 3<\/td>\n<td>3400 U\/Min<\/td>\n<\/tr>\n<tr>\n<td>Ger\u00e4tegewicht ohne Akku<\/td>\n<td>4,3 kg <sup>2)<\/sup><\/td>\n<\/tr>\n<tr>\n<td>Schnittl\u00e4nge<\/td>\n<td>75 cm<\/td>\n<\/tr>\n<tr>\n<td>Zahnabstand<\/td>\n<td>38 mm<\/td>\n<\/tr>\n<tr>\n<td>IP-Schutzart<\/td>\n<td>IPX4<\/td>\n<\/tr>\n<tr>\n<td>Minimale Laufzeit Akku AP 100<\/td>\n<td>60 Min. <sup>3)<\/sup><\/td>\n<\/tr>\n<tr>\n<td>Maximale Laufzeit Akku AP 100<\/td>\n<td>80 Min. <sup>3)<\/sup><\/td>\n<\/tr>\n<tr>\n<td>Laufzeit Akku AP 200<\/td>\n<td>100 Min. <sup>3)<\/sup><\/td>\n<\/tr>\n<tr>\n<td>Maximale Laufzeit Akku AP 200<\/td>\n<td>150 Min. <sup>3)<\/sup><\/td>\n<\/tr>\n<tr>\n<td>Minimale Laufzeit Akku AP 200 S<\/td>\n<td>100 Min. <sup>3)<\/sup><\/td>\n<\/tr>\n<tr>\n<td>Maximale Laufzeit Akku AP 200 S<\/td>\n<td>150 Min. <sup>3)<\/sup><\/td>\n<\/tr>\n<tr>\n<td>Minimale Laufzeit Akku AP 300<\/td>\n<td>140 Min. <sup>3)<\/sup><\/td>\n<\/tr>\n<tr>\n<td>Maximale Laufzeit Akku AP 300<\/td>\n<td>195 Min. <sup>3)<\/sup><\/td>\n<\/tr>\n<tr>\n<td>Minimale Laufzeit Akku AP 300 S<\/td>\n<td>175 Min. <sup>3)<\/sup><\/td>\n<\/tr>\n<tr>\n<td>Maximale Laufzeit Akku AP 300 S<\/td>\n<td>245 Min. <sup>3)<\/sup><\/td>\n<\/tr>\n<tr>\n<td>Minimale Laufzeit Akku AP 500 S<\/td>\n<td>210 Min. <sup>3)<\/sup><\/td>\n<\/tr>\n<tr>\n<td>Maximale Laufzeit Akku AP 500 S<\/td>\n<td>290 Min. <sup>3)<\/sup><\/td>\n<\/tr>\n<tr>\n<td>Minimale Laufzeit Akku AR 2000 L<\/td>\n<td>670 Min. <sup>3)<\/sup><\/td>\n<\/tr>\n<tr>\n<td>Maximale Laufzeit Akku AR 2000 L<\/td>\n<td>935 Min. <sup>3)<\/sup><\/td>\n<\/tr>\n<tr>\n<td>Minimale Laufzeit Akku AR 3000 L<\/td>\n<td>1005 Min. <sup>3)<\/sup><\/td>\n<\/tr>\n<tr>\n<td>Maximale Laufzeit Akku AR 3000 L<\/td>\n<td>1405 Min. <sup>3)<\/sup><\/td>\n<\/tr>\n<tr>\n<td>Ger\u00e4tel\u00e4nge mit Messer<\/td>\n<td>124 cm<\/td>\n<\/tr>\n<tr>\n<td>Schalldruckpegel<\/td>\n<td>83 dB(A) <sup>4)<\/sup><\/td>\n<\/tr>\n<tr>\n<td>Schallleistungspegel<\/td>\n<td>91 dB(A) <sup>4)<\/sup><\/td>\n<\/tr>\n<tr>\n<td>Vibrationswert links<\/td>\n<td>1,9 m\/s\u00b2 <sup>5)<\/sup><\/td>\n<\/tr>\n<tr>\n<td>Vibrationswert rechts<\/td>\n<td>1,9 m\/s\u00b2 <sup>5)<\/sup><\/td>\n<\/tr>\n<\/tbody>\n<\/table>\n","protected":false},"featured_media":633356,"template":"","meta":{"_seopress_robots_primary_cat":"none","_seopress_titles_title":"","_seopress_titles_desc":"","_seopress_robots_index":""},"product_brand":[3554],"product_cat":[1629,1695,169],"product_tag":[],"class_list":{"0":"post-638725","1":"product","2":"type-product","3":"status-publish","4":"has-post-thumbnail","6":"product_brand-stihl-de","7":"product_cat-akku-heckenscheren-und-astscheren","8":"product_cat-heckenscheren-und-astscheren","9":"product_cat-maschinen","10":"sws-gruppo-macchinari-de","11":"sws-conto-ricavi-merci-rivendita-macchinari-de","12":"sws-gruppo-iva-iva81-de","14":"first","15":"instock","16":"shipping-taxable","17":"purchasable","18":"product-type-simple"},"_links":{"self":[{"href":"https:\/\/lucacastelli.com\/de\/wp-json\/wp\/v2\/product\/638725","targetHints":{"allow":["GET"]}}],"collection":[{"href":"https:\/\/lucacastelli.com\/de\/wp-json\/wp\/v2\/product"}],"about":[{"href":"https:\/\/lucacastelli.com\/de\/wp-json\/wp\/v2\/types\/product"}],"wp:featuredmedia":[{"embeddable":true,"href":"https:\/\/lucacastelli.com\/de\/wp-json\/wp\/v2\/media\/633356"}],"wp:attachment":[{"href":"https:\/\/lucacastelli.com\/de\/wp-json\/wp\/v2\/media?parent=638725"}],"wp:term":[{"taxonomy":"product_brand","embeddable":true,"href":"https:\/\/lucacastelli.com\/de\/wp-json\/wp\/v2\/product_brand?post=638725"},{"taxonomy":"product_cat","embeddable":true,"href":"https:\/\/lucacastelli.com\/de\/wp-json\/wp\/v2\/product_cat?post=638725"},{"taxonomy":"product_tag","embeddable":true,"href":"https:\/\/lucacastelli.com\/de\/wp-json\/wp\/v2\/product_tag?post=638725"}],"curies":[{"name":"wp","href":"https:\/\/api.w.org\/{rel}","templated":true}]}}