{"id":638715,"date":"2025-08-10T13:01:41","date_gmt":"2025-08-10T11:01:41","guid":{"rendered":"https:\/\/lucacastelli.com\/prodotto\/milwaukee-wassersammelbehaelter-fuer-nassbohrungen-zur-verwendung-mit-kronen-bis-o-152-mm-universell-einsetzbar-mit-diamantbohrwerkzeugen-nur-fuer-kernbohrungen-in-boeden-und-waenden-geeignet\/"},"modified":"2025-08-10T13:01:41","modified_gmt":"2025-08-10T11:01:41","slug":"milwaukee-wassersammelbehaelter-fuer-nassbohrungen-zur-verwendung-mit-kronen-bis-o-152-mm-universell-einsetzbar-mit-diamantbohrwerkzeugen-nur-fuer-kernbohrungen-in-boeden-und-waenden-geeignet","status":"publish","type":"product","link":"https:\/\/lucacastelli.com\/de\/produkt\/milwaukee-wassersammelbehaelter-fuer-nassbohrungen-zur-verwendung-mit-kronen-bis-o-152-mm-universell-einsetzbar-mit-diamantbohrwerkzeugen-nur-fuer-kernbohrungen-in-boeden-und-waenden-geeignet\/","title":{"rendered":"MILWAUKEE Wassersammelbeh\u00e4lter f\u00fcr Nassbohrungen, zur Verwendung mit Kronen bis \u00d8 152 mm. Universell einsetzbar mit Diamantbohrwerkzeugen. Nur f\u00fcr Kernbohrungen in B\u00f6den und W\u00e4nden geeignet."},"content":{"rendered":"<p>COLL.WASSERAUFFANG DD3 152<br \/>\nWassersammelring zur universellen Verwendung mit Diamantkernbohrmaschinen, geeignet f\u00fcr Diamantbohrkronen bis max. 152 mm Durchmesser<\/p>\n<p>4932478073<br \/>\n4058546340063<\/p>\n","protected":false},"excerpt":{"rendered":"<p>COLL.WASSERAUFFANG DD3 152<\/p>\n","protected":false},"featured_media":539869,"template":"","meta":{"_seopress_robots_primary_cat":"","_seopress_titles_title":"","_seopress_titles_desc":"","_seopress_robots_index":""},"product_brand":[3407],"product_cat":[5531,29],"product_tag":[3270],"class_list":{"0":"post-638715","1":"product","2":"type-product","3":"status-publish","4":"has-post-thumbnail","6":"product_brand-milwaukee","7":"product_cat-vari-macchinari-milwaukee","8":"product_cat-macchinari","9":"product_tag-import-milwau","10":"sws-conto-ricavi-merci-rivendita-macchinari-de","11":"sws-gruppo-iva-iva81-de","13":"first","14":"onbackorder","15":"sale","16":"shipping-taxable","17":"purchasable","18":"product-type-simple"},"_links":{"self":[{"href":"https:\/\/lucacastelli.com\/de\/wp-json\/wp\/v2\/product\/638715","targetHints":{"allow":["GET"]}}],"collection":[{"href":"https:\/\/lucacastelli.com\/de\/wp-json\/wp\/v2\/product"}],"about":[{"href":"https:\/\/lucacastelli.com\/de\/wp-json\/wp\/v2\/types\/product"}],"wp:featuredmedia":[{"embeddable":true,"href":"https:\/\/lucacastelli.com\/de\/wp-json\/wp\/v2\/media\/539869"}],"wp:attachment":[{"href":"https:\/\/lucacastelli.com\/de\/wp-json\/wp\/v2\/media?parent=638715"}],"wp:term":[{"taxonomy":"product_brand","embeddable":true,"href":"https:\/\/lucacastelli.com\/de\/wp-json\/wp\/v2\/product_brand?post=638715"},{"taxonomy":"product_cat","embeddable":true,"href":"https:\/\/lucacastelli.com\/de\/wp-json\/wp\/v2\/product_cat?post=638715"},{"taxonomy":"product_tag","embeddable":true,"href":"https:\/\/lucacastelli.com\/de\/wp-json\/wp\/v2\/product_tag?post=638715"}],"curies":[{"name":"wp","href":"https:\/\/api.w.org\/{rel}","templated":true}]}}