{"id":638708,"date":"2025-08-09T20:02:20","date_gmt":"2025-08-09T18:02:20","guid":{"rendered":"https:\/\/lucacastelli.com\/prodotto\/milwaukee-kugelstosshammer-2\/"},"modified":"2025-08-09T20:02:20","modified_gmt":"2025-08-09T18:02:20","slug":"milwaukee-kugelstosshammer-2","status":"publish","type":"product","link":"https:\/\/lucacastelli.com\/de\/produkt\/milwaukee-kugelstosshammer-2\/","title":{"rendered":"Milwaukee Kugelsto\u00dfhammer"},"content":{"rendered":"<p>HAMMER MIT KUGELFINNE 680g<br \/>\nSto\u00dfd\u00e4mpfender SHOCKSHIELD\u2122-Griff zur Reduzierung von Spitzenvibrationen;Pr\u00e4zise Ausgewogenheit f\u00fcr bessere Kontrolle;Die I-Beam-Form des Griffs widersteht dem Biegen bei Abbrucharbeiten;Widerstandsf\u00e4higes Metall an Kopf und Finne zur Vermeidung von Absplitterungen;Rutschfestes Design am Griff<\/p>\n<p>4932492347<br \/>\n4058546417147<\/p>\n","protected":false},"excerpt":{"rendered":"<p>HAMMER MIT KUGELFINNE 680g<\/p>\n","protected":false},"featured_media":555935,"template":"","meta":{"_seopress_robots_primary_cat":"","_seopress_titles_title":"","_seopress_titles_desc":"","_seopress_robots_index":""},"product_brand":[3407],"product_cat":[5416,33],"product_tag":[3270],"class_list":{"0":"post-638708","1":"product","2":"type-product","3":"status-publish","4":"has-post-thumbnail","6":"product_brand-milwaukee","7":"product_cat-utensili-per-officina","8":"product_cat-attrezzature","9":"product_tag-import-milwau","10":"sws-conto-ricavi-merci-rivendita-macchinari-de","11":"sws-gruppo-iva-iva81-de","13":"first","14":"onbackorder","15":"sale","16":"shipping-taxable","17":"purchasable","18":"product-type-simple"},"_links":{"self":[{"href":"https:\/\/lucacastelli.com\/de\/wp-json\/wp\/v2\/product\/638708","targetHints":{"allow":["GET"]}}],"collection":[{"href":"https:\/\/lucacastelli.com\/de\/wp-json\/wp\/v2\/product"}],"about":[{"href":"https:\/\/lucacastelli.com\/de\/wp-json\/wp\/v2\/types\/product"}],"wp:featuredmedia":[{"embeddable":true,"href":"https:\/\/lucacastelli.com\/de\/wp-json\/wp\/v2\/media\/555935"}],"wp:attachment":[{"href":"https:\/\/lucacastelli.com\/de\/wp-json\/wp\/v2\/media?parent=638708"}],"wp:term":[{"taxonomy":"product_brand","embeddable":true,"href":"https:\/\/lucacastelli.com\/de\/wp-json\/wp\/v2\/product_brand?post=638708"},{"taxonomy":"product_cat","embeddable":true,"href":"https:\/\/lucacastelli.com\/de\/wp-json\/wp\/v2\/product_cat?post=638708"},{"taxonomy":"product_tag","embeddable":true,"href":"https:\/\/lucacastelli.com\/de\/wp-json\/wp\/v2\/product_tag?post=638708"}],"curies":[{"name":"wp","href":"https:\/\/api.w.org\/{rel}","templated":true}]}}