{"id":638707,"date":"2025-08-09T20:02:22","date_gmt":"2025-08-09T18:02:22","guid":{"rendered":"https:\/\/lucacastelli.com\/prodotto\/milwaukee-zimmermannshammer-mit-glasfaserstiel-2\/"},"modified":"2025-08-09T20:02:22","modified_gmt":"2025-08-09T18:02:22","slug":"milwaukee-zimmermannshammer-mit-glasfaserstiel-2","status":"publish","type":"product","link":"https:\/\/lucacastelli.com\/de\/produkt\/milwaukee-zimmermannshammer-mit-glasfaserstiel-2\/","title":{"rendered":"Milwaukee Zimmermannshammer mit Glasfaserstiel"},"content":{"rendered":"<p>ZIMMERMANNSHAMMER GLASFASERGRIFF 450g<br \/>\nVerst\u00e4rkter Glasfasergriff;Langlebiger Griff mit maximalem Halt;Die gebogene Klaue reduziert Besch\u00e4digungen beim Nagelziehen;Magnetischer Nagelhalter f\u00fcr maximale Sicherheit;Perfekte Balance<\/p>\n<p>4932478657<br \/>\n4058546348502<\/p>\n","protected":false},"excerpt":{"rendered":"<p>ZIMMERMANNSHAMMER GLASFASERGRIFF 450g<\/p>\n","protected":false},"featured_media":541523,"template":"","meta":{"_seopress_robots_primary_cat":"","_seopress_titles_title":"","_seopress_titles_desc":"","_seopress_robots_index":""},"product_brand":[3407],"product_cat":[5416,33],"product_tag":[3270],"class_list":{"0":"post-638707","1":"product","2":"type-product","3":"status-publish","4":"has-post-thumbnail","6":"product_brand-milwaukee","7":"product_cat-utensili-per-officina","8":"product_cat-attrezzature","9":"product_tag-import-milwau","10":"sws-conto-ricavi-merci-rivendita-macchinari-de","11":"sws-gruppo-iva-iva81-de","13":"first","14":"onbackorder","15":"sale","16":"shipping-taxable","17":"purchasable","18":"product-type-simple"},"_links":{"self":[{"href":"https:\/\/lucacastelli.com\/de\/wp-json\/wp\/v2\/product\/638707","targetHints":{"allow":["GET"]}}],"collection":[{"href":"https:\/\/lucacastelli.com\/de\/wp-json\/wp\/v2\/product"}],"about":[{"href":"https:\/\/lucacastelli.com\/de\/wp-json\/wp\/v2\/types\/product"}],"wp:featuredmedia":[{"embeddable":true,"href":"https:\/\/lucacastelli.com\/de\/wp-json\/wp\/v2\/media\/541523"}],"wp:attachment":[{"href":"https:\/\/lucacastelli.com\/de\/wp-json\/wp\/v2\/media?parent=638707"}],"wp:term":[{"taxonomy":"product_brand","embeddable":true,"href":"https:\/\/lucacastelli.com\/de\/wp-json\/wp\/v2\/product_brand?post=638707"},{"taxonomy":"product_cat","embeddable":true,"href":"https:\/\/lucacastelli.com\/de\/wp-json\/wp\/v2\/product_cat?post=638707"},{"taxonomy":"product_tag","embeddable":true,"href":"https:\/\/lucacastelli.com\/de\/wp-json\/wp\/v2\/product_tag?post=638707"}],"curies":[{"name":"wp","href":"https:\/\/api.w.org\/{rel}","templated":true}]}}