{"id":638704,"date":"2025-09-30T16:08:41","date_gmt":"2025-09-30T14:08:41","guid":{"rendered":"https:\/\/lucacastelli.com\/prodotto\/crazy-shirt-oxygen\/"},"modified":"2026-04-14T02:48:37","modified_gmt":"2026-04-14T00:48:37","slug":"crazy-shirt-oxygen","status":"publish","type":"product","link":"https:\/\/lucacastelli.com\/de\/produkt\/crazy-shirt-oxygen\/","title":{"rendered":"CRAZY SHIRT OXYGEN"},"content":{"rendered":"<p data-start=\"93\" data-end=\"106\"><strong data-start=\"93\" data-end=\"104\">BEGRIFF<\/strong><\/p>\n<ul data-start=\"107\" data-end=\"288\">\n<li data-start=\"107\" data-end=\"126\">\n<p data-start=\"109\" data-end=\"126\">Allover-Prints<\/p>\n<\/li>\n<li data-start=\"127\" data-end=\"170\">\n<p data-start=\"129\" data-end=\"170\">3D-Netzeins\u00e4tze an den Seiten und \u00c4rmeln<\/p>\n<\/li>\n<li data-start=\"171\" data-end=\"215\">\n<p data-start=\"173\" data-end=\"215\">Lasergeschnittener Einsatz in der R\u00fcckenmitte<\/p>\n<\/li>\n<li data-start=\"216\" data-end=\"234\">\n<p data-start=\"218\" data-end=\"234\">Geklebter Saum<\/p>\n<\/li>\n<li data-start=\"235\" data-end=\"266\">\n<p data-start=\"237\" data-end=\"266\">Kontrastierende flache N\u00e4hte<\/p>\n<\/li>\n<li data-start=\"267\" data-end=\"288\">\n<p data-start=\"269\" data-end=\"288\">Reflektierende Logos<\/p>\n<\/li>\n<\/ul>\n<p data-start=\"290\" data-end=\"471\"><strong data-start=\"290\" data-end=\"302\">FEATURES<\/strong><br data-start=\"302\" data-end=\"305\">Unser technischstes T-Shirt, Ergebnis einer bis ins kleinste Detail durchdachten Konstruktion, vereint Funktionalit\u00e4t und Eleganz, ohne auf eine feminine und moderne Passform zu verzichten.<\/p>\n<p data-start=\"473\" data-end=\"726\">Entwickelt f\u00fcr intensive Aktivit\u00e4ten, auch im Hochgebirge, integriert es innovative L\u00f6sungen wie Stoffe mit unterschiedlicher Struktur und einen lasergeschnittenen Netzstreifen in der Mitte des R\u00fcckens, der die Atmungsaktivit\u00e4t beim Tragen eines Rucksacks optimiert.<\/p>\n<p data-start=\"728\" data-end=\"950\">Die bedruckten Paneele sind aus Polyester mit diskontinuierlicher Wabenstruktur gefertigt: ein leichter, \u00e4u\u00dferst atmungsaktiver, elastischer und schnelltrocknender Stoff, ideal f\u00fcr H\u00f6chstleistungen unter allen Bedingungen.<\/p>\n","protected":false},"excerpt":{"rendered":"<p>BEGRIFF Allover-Prints 3D-Netzeins\u00e4tze an den Seiten und \u00c4rmeln Lasergeschnittener Einsatz in der R\u00fcckenmitte Geklebter Saum Kontrastierende flache N\u00e4hte Reflektierende Logos<\/p>\n","protected":false},"featured_media":638705,"template":"","meta":{"_seopress_robots_primary_cat":"","_seopress_titles_title":"","_seopress_titles_desc":"","_seopress_robots_index":""},"product_brand":[3614],"product_cat":[1388,974,82],"product_tag":[],"class_list":{"0":"post-638704","1":"product","2":"type-product","3":"status-publish","4":"has-post-thumbnail","6":"product_brand-crazy-de","7":"product_cat-damenbekleidung","8":"product_cat-freizeitkleidung","9":"product_cat-kleidung","10":"sws-gruppo-abb-libero-de","11":"sws-conto-ricavi-merci-rivendita-abbigliamento-de","12":"sws-gruppo-iva-iva81-de","14":"first","15":"instock","16":"sale","17":"shipping-taxable","18":"purchasable","19":"product-type-variable"},"_links":{"self":[{"href":"https:\/\/lucacastelli.com\/de\/wp-json\/wp\/v2\/product\/638704","targetHints":{"allow":["GET"]}}],"collection":[{"href":"https:\/\/lucacastelli.com\/de\/wp-json\/wp\/v2\/product"}],"about":[{"href":"https:\/\/lucacastelli.com\/de\/wp-json\/wp\/v2\/types\/product"}],"wp:featuredmedia":[{"embeddable":true,"href":"https:\/\/lucacastelli.com\/de\/wp-json\/wp\/v2\/media\/638705"}],"wp:attachment":[{"href":"https:\/\/lucacastelli.com\/de\/wp-json\/wp\/v2\/media?parent=638704"}],"wp:term":[{"taxonomy":"product_brand","embeddable":true,"href":"https:\/\/lucacastelli.com\/de\/wp-json\/wp\/v2\/product_brand?post=638704"},{"taxonomy":"product_cat","embeddable":true,"href":"https:\/\/lucacastelli.com\/de\/wp-json\/wp\/v2\/product_cat?post=638704"},{"taxonomy":"product_tag","embeddable":true,"href":"https:\/\/lucacastelli.com\/de\/wp-json\/wp\/v2\/product_tag?post=638704"}],"curies":[{"name":"wp","href":"https:\/\/api.w.org\/{rel}","templated":true}]}}