{"id":638650,"date":"2025-08-15T14:49:18","date_gmt":"2025-08-15T12:49:18","guid":{"rendered":"https:\/\/lucacastelli.com\/prodotto\/protos-pet-ersatz-schutzscheiben\/"},"modified":"2026-03-16T13:24:12","modified_gmt":"2026-03-16T12:24:12","slug":"protos-pet-ersatz-schutzscheiben","status":"publish","type":"product","link":"https:\/\/lucacastelli.com\/de\/produkt\/protos-pet-ersatz-schutzscheiben\/","title":{"rendered":"Protos\u00ae PET Ersatz Schutzscheiben"},"content":{"rendered":"<p>Set mit 5 Ersatz-PET-Visieren. Die ge\u00e4tzten Metallvisiere lassen sich im Handumdrehen in geschlossene Visiere umwandeln (z. B. f\u00fcr Freischneidearbeiten). Sie bieten auch Schutz f\u00fcr das klare Visier (z.B. vor Kratzern) und k\u00f6nnen einfach ausgetauscht werden.<br \/>\nInformationen<br \/>\nBefestigungsstifte m\u00fcssen separat unter der Artikelnummer 204073 oder als kompletter Satz unter der Artikelnummer 204072 bestellt werden.  <\/p>\n<p>Dicke des Ersatzvisiers: 0,4 mm<\/p>\n","protected":false},"excerpt":{"rendered":"<p>Set mit 5 Ersatz-PET-Visieren. Die ge\u00e4tzten Metallvisiere lassen sich im Handumdrehen in geschlossene Visiere umwandeln (z. B. f\u00fcr Freischneidearbeiten). Sie<\/p>\n","protected":false},"featured_media":610202,"template":"","meta":{"_seopress_robots_primary_cat":"none","_seopress_titles_title":"","_seopress_titles_desc":"","_seopress_robots_index":""},"product_brand":[3458,4381],"product_cat":[33,537,815],"product_tag":[],"class_list":{"0":"post-638650","1":"product","2":"type-product","3":"status-publish","4":"has-post-thumbnail","6":"product_brand-pfanner","7":"product_brand-protos","8":"product_cat-attrezzature","9":"product_cat-attrezzatura-da-lavoro","10":"product_cat-caschi","11":"sws-gruppo-no-gruppo-de","12":"sws-conto-ricavi-merci-rivendita-abbigliamento-de","13":"sws-gruppo-iva-iva81-de","15":"first","16":"instock","17":"shipping-taxable","18":"purchasable","19":"product-type-simple"},"_links":{"self":[{"href":"https:\/\/lucacastelli.com\/de\/wp-json\/wp\/v2\/product\/638650","targetHints":{"allow":["GET"]}}],"collection":[{"href":"https:\/\/lucacastelli.com\/de\/wp-json\/wp\/v2\/product"}],"about":[{"href":"https:\/\/lucacastelli.com\/de\/wp-json\/wp\/v2\/types\/product"}],"wp:featuredmedia":[{"embeddable":true,"href":"https:\/\/lucacastelli.com\/de\/wp-json\/wp\/v2\/media\/610202"}],"wp:attachment":[{"href":"https:\/\/lucacastelli.com\/de\/wp-json\/wp\/v2\/media?parent=638650"}],"wp:term":[{"taxonomy":"product_brand","embeddable":true,"href":"https:\/\/lucacastelli.com\/de\/wp-json\/wp\/v2\/product_brand?post=638650"},{"taxonomy":"product_cat","embeddable":true,"href":"https:\/\/lucacastelli.com\/de\/wp-json\/wp\/v2\/product_cat?post=638650"},{"taxonomy":"product_tag","embeddable":true,"href":"https:\/\/lucacastelli.com\/de\/wp-json\/wp\/v2\/product_tag?post=638650"}],"curies":[{"name":"wp","href":"https:\/\/api.w.org\/{rel}","templated":true}]}}