{"id":638638,"date":"2025-08-15T14:25:07","date_gmt":"2025-08-15T12:25:07","guid":{"rendered":"https:\/\/lucacastelli.com\/prodotto\/protos-maclip-light-links\/"},"modified":"2026-04-14T03:30:19","modified_gmt":"2026-04-14T01:30:19","slug":"protos-maclip-light-links","status":"publish","type":"product","link":"https:\/\/lucacastelli.com\/de\/produkt\/protos-maclip-light-links\/","title":{"rendered":"Protos\u00ae Maclip Light (links)"},"content":{"rendered":"<p>Die Maclip Light ist eine LED-Sicherheitslampe, die aussen links oder rechts am Protos\u00ae montiert werden kann. Diese Lampe ist DEKRA-zertifiziert und nicht leitf\u00e4hig. Zudem ist sie explosionsgesch\u00fctzt gem\u00e4ss ATEX-Zonen 1 und 21. Mit einem Lichtstrom von ~120 Lumen erzeugt die Lampe ausreichend Helligkeit f\u00fcr die meisten T\u00e4tigkeiten. Die Maclip Light wird mittels Magnetsystem am Protos\u00ae befestigt. Dieses System eignet sich auch f\u00fcr die G\u00fcrtelhalterung.<br \/>\nDie Protos\u00ae Maclip Light hat 120 Lumen, ist zu 100% wasserdicht und kann auf beiden Seiten verwendet werden. Zudem ist die Protos\u00ae Maclip Light explosionsgesch\u00fctzt gem\u00e4ss ATEX-Zone 1 und DEKRA-zertifiziert.<br \/>\nInformationen<br \/>\nDie Montage der Maclip Light Protos\u00ae Halterung (204076) am Protos\u00ae darf ausschliesslich durch Fachpersonal erfolgen. Bei Neubestellung eines Protos\u00ae Integral kann diese direkt ab Werk bestellt werden. Zubeh\u00f6r und Lampen k\u00f6nnen als Ersatzteile erworben werden.      <\/p>\n<p>&nbsp;<\/p>\n<p>&nbsp;<\/p>\n<p>Material: 100% Polycarbonat<br \/>\nBatterien: 4x Alkali AA<br \/>\nSicherheitszonen: ATEX Zone 1, Staub EX Zone 21<br \/>\nLichtstrom: 120 Lumen<br \/>\nLeuchtweite: ca. 150 m<br \/>\nSchutzgrad: II 2G Ex ib IIB T4 Gb<br \/>\nLichtquelle: CREE-LED XT-E (5W)<\/p>\n","protected":false},"excerpt":{"rendered":"<p>Die Maclip Light ist eine LED-Sicherheitslampe, die aussen links oder rechts am Protos\u00ae montiert werden kann. Diese Lampe ist DEKRA-zertifiziert<\/p>\n","protected":false},"featured_media":610165,"template":"","meta":{"_seopress_robots_primary_cat":"none","_seopress_titles_title":"","_seopress_titles_desc":"","_seopress_robots_index":""},"product_brand":[3670,4720],"product_cat":[1396,150,1404],"product_tag":[],"class_list":{"0":"post-638638","1":"product","2":"type-product","3":"status-publish","4":"has-post-thumbnail","6":"product_brand-pfanner-de","7":"product_brand-protos-de","8":"product_cat-arbeitsausrustung","9":"product_cat-ausrustung","10":"product_cat-helme","11":"sws-gruppo-no-gruppo-de","12":"sws-conto-ricavi-merci-rivendita-abbigliamento-de","13":"sws-gruppo-iva-iva81-de","15":"first","16":"instock","17":"shipping-taxable","18":"purchasable","19":"product-type-simple"},"_links":{"self":[{"href":"https:\/\/lucacastelli.com\/de\/wp-json\/wp\/v2\/product\/638638","targetHints":{"allow":["GET"]}}],"collection":[{"href":"https:\/\/lucacastelli.com\/de\/wp-json\/wp\/v2\/product"}],"about":[{"href":"https:\/\/lucacastelli.com\/de\/wp-json\/wp\/v2\/types\/product"}],"wp:featuredmedia":[{"embeddable":true,"href":"https:\/\/lucacastelli.com\/de\/wp-json\/wp\/v2\/media\/610165"}],"wp:attachment":[{"href":"https:\/\/lucacastelli.com\/de\/wp-json\/wp\/v2\/media?parent=638638"}],"wp:term":[{"taxonomy":"product_brand","embeddable":true,"href":"https:\/\/lucacastelli.com\/de\/wp-json\/wp\/v2\/product_brand?post=638638"},{"taxonomy":"product_cat","embeddable":true,"href":"https:\/\/lucacastelli.com\/de\/wp-json\/wp\/v2\/product_cat?post=638638"},{"taxonomy":"product_tag","embeddable":true,"href":"https:\/\/lucacastelli.com\/de\/wp-json\/wp\/v2\/product_tag?post=638638"}],"curies":[{"name":"wp","href":"https:\/\/api.w.org\/{rel}","templated":true}]}}