{"id":638614,"date":"2025-08-10T18:24:55","date_gmt":"2025-08-10T16:24:55","guid":{"rendered":"https:\/\/lucacastelli.com\/prodotto\/milwaukee-isolierte-schraubendreher-1000v-31\/"},"modified":"2025-08-10T18:24:55","modified_gmt":"2025-08-10T16:24:55","slug":"milwaukee-isolierte-schraubendreher-1000v-31","status":"publish","type":"product","link":"https:\/\/lucacastelli.com\/de\/produkt\/milwaukee-isolierte-schraubendreher-1000v-31\/","title":{"rendered":"Milwaukee Isolierte Schraubendreher 1000V"},"content":{"rendered":"<p>Tri-Lobe VDE Schraubendreher 1.0X5.5X125<br \/>\nGetestet bis 10.000V und garantiert bis 1.000V;Schlanker Durchmesser f\u00fcr Zugang zu Anwendungen in engen R\u00e4umen;Komfortabler 3-seitiger Griff optimiert f\u00fcr maximalen Benutzerkomfort und hohe Drehmomentanwendungen;Lasergravur oben f\u00fcr schnelle Mustererkennung;3-seitiges Anti-Roll-Design f\u00fcr bessere Kraft\u00fcbertragung;Loch zum Befestigen des Schraubendrehers an Sicherheitsleinen<\/p>\n<p>4932478716<br \/>\n4058546349097<\/p>\n","protected":false},"excerpt":{"rendered":"<p>Dreilappiger VDE-Schraubendreher 1.0X5.5X125<\/p>\n","protected":false},"featured_media":0,"template":"","meta":{"_seopress_robots_primary_cat":"","_seopress_titles_title":"","_seopress_titles_desc":"","_seopress_robots_index":""},"product_brand":[],"product_cat":[21],"product_tag":[],"class_list":{"0":"post-638614","1":"product","2":"type-product","3":"status-publish","5":"product_cat-abbigliamento","7":"first","8":"instock","9":"shipping-taxable","10":"product-type-simple"},"_links":{"self":[{"href":"https:\/\/lucacastelli.com\/de\/wp-json\/wp\/v2\/product\/638614","targetHints":{"allow":["GET"]}}],"collection":[{"href":"https:\/\/lucacastelli.com\/de\/wp-json\/wp\/v2\/product"}],"about":[{"href":"https:\/\/lucacastelli.com\/de\/wp-json\/wp\/v2\/types\/product"}],"wp:attachment":[{"href":"https:\/\/lucacastelli.com\/de\/wp-json\/wp\/v2\/media?parent=638614"}],"wp:term":[{"taxonomy":"product_brand","embeddable":true,"href":"https:\/\/lucacastelli.com\/de\/wp-json\/wp\/v2\/product_brand?post=638614"},{"taxonomy":"product_cat","embeddable":true,"href":"https:\/\/lucacastelli.com\/de\/wp-json\/wp\/v2\/product_cat?post=638614"},{"taxonomy":"product_tag","embeddable":true,"href":"https:\/\/lucacastelli.com\/de\/wp-json\/wp\/v2\/product_tag?post=638614"}],"curies":[{"name":"wp","href":"https:\/\/api.w.org\/{rel}","templated":true}]}}