{"id":638608,"date":"2025-08-10T15:12:20","date_gmt":"2025-08-10T13:12:20","guid":{"rendered":"https:\/\/lucacastelli.com\/prodotto\/diamanttrennscheibe-milwaukee-hudd-harte-werkstoffe\/"},"modified":"2025-08-10T15:12:20","modified_gmt":"2025-08-10T13:12:20","slug":"diamanttrennscheibe-milwaukee-hudd-harte-werkstoffe","status":"publish","type":"product","link":"https:\/\/lucacastelli.com\/de\/produkt\/diamanttrennscheibe-milwaukee-hudd-harte-werkstoffe\/","title":{"rendered":"Diamanttrennscheibe Milwaukee HUDD &#8211; HARTE WERKSTOFFE"},"content":{"rendered":"<p>DIAMANT-SPEEDCROSS-SCHEIBE HUDD 300MM<br \/>\nDie HUDD-Scheiben eignen sich besonders f\u00fcr harte und mittelharte Baumaterialien; je widerstandsf\u00e4higer das Material, desto h\u00f6her die Leistung.;Universalklinge f\u00fcr eine Vielzahl von Materialien.;Unterscheidung in zwei Kategorien f\u00fcr maximale Haltbarkeit.;H\u00f6he von 10 mm f\u00fcr zus\u00e4tzliche Haltbarkeit. Die hohe Diamantkonzentration in Kombination mit der speziellen Geometrie der Klinge sorgt f\u00fcr \u00fcberlegene Schnittleistung. Die lasergeschwei\u00dften Segmente garantieren professionelle Qualit\u00e4t.;Lasergeschwei\u00dfte Segmente.;Geringe Vibrationen. Die Vorspannung der Klinge eliminiert Schwingungen und reduziert Vibrationen erheblich.;Anwendungsbereich. Die Diamanttrennscheiben Speedcross sind f\u00fcr alle Bauprofis konzipiert, die h\u00f6chste Leistung auch bei anspruchsvollsten Arbeiten fordern.;Die HUDD-Scheiben eignen sich besonders f\u00fcr harte und mittelharte Baumaterialien; je widerstandsf\u00e4higer das Material, desto h\u00f6her die Leistung.;Die AUDD-Scheiben sind bei mittleren, weichen und abrasiven Materialien vorzuziehen.<\/p>\n<p>4932493298<br \/>\n4058546481698<\/p>\n","protected":false},"excerpt":{"rendered":"<p>DIAMANT-SPEEDCROSS-SCHEIBE HUDD 300MM<\/p>\n","protected":false},"featured_media":0,"template":"","meta":{"_seopress_robots_primary_cat":"","_seopress_titles_title":"","_seopress_titles_desc":"","_seopress_robots_index":""},"product_brand":[],"product_cat":[21],"product_tag":[],"class_list":{"0":"post-638608","1":"product","2":"type-product","3":"status-publish","5":"product_cat-abbigliamento","7":"first","8":"instock","9":"shipping-taxable","10":"product-type-simple"},"_links":{"self":[{"href":"https:\/\/lucacastelli.com\/de\/wp-json\/wp\/v2\/product\/638608","targetHints":{"allow":["GET"]}}],"collection":[{"href":"https:\/\/lucacastelli.com\/de\/wp-json\/wp\/v2\/product"}],"about":[{"href":"https:\/\/lucacastelli.com\/de\/wp-json\/wp\/v2\/types\/product"}],"wp:attachment":[{"href":"https:\/\/lucacastelli.com\/de\/wp-json\/wp\/v2\/media?parent=638608"}],"wp:term":[{"taxonomy":"product_brand","embeddable":true,"href":"https:\/\/lucacastelli.com\/de\/wp-json\/wp\/v2\/product_brand?post=638608"},{"taxonomy":"product_cat","embeddable":true,"href":"https:\/\/lucacastelli.com\/de\/wp-json\/wp\/v2\/product_cat?post=638608"},{"taxonomy":"product_tag","embeddable":true,"href":"https:\/\/lucacastelli.com\/de\/wp-json\/wp\/v2\/product_tag?post=638608"}],"curies":[{"name":"wp","href":"https:\/\/api.w.org\/{rel}","templated":true}]}}