{"id":638581,"date":"2025-08-09T20:02:14","date_gmt":"2025-08-09T18:02:14","guid":{"rendered":"https:\/\/lucacastelli.com\/prodotto\/milwaukee-stahlhammer-mit-gebogener-klaue-2\/"},"modified":"2025-08-09T20:02:14","modified_gmt":"2025-08-09T18:02:14","slug":"milwaukee-stahlhammer-mit-gebogener-klaue-2","status":"publish","type":"product","link":"https:\/\/lucacastelli.com\/de\/produkt\/milwaukee-stahlhammer-mit-gebogener-klaue-2\/","title":{"rendered":"Milwaukee Stahlhammer mit gebogener Klaue"},"content":{"rendered":"<p>Gekr\u00fcmmter Stahlklauenhammer 20oz \/ 570g<br \/>\nSHOCKSHIELD\u2122 sto\u00dfd\u00e4mpfender Griff zur Reduzierung von Vibrationen an der Spitze;Gekr\u00fcmmte Klaue reduziert Sch\u00e4den beim Nagelextrahieren;Magnetischer Nagelgriff f\u00fcr maximale Sicherheit;Seitlicher Nagelextraktor;I-Beam-Form des Griffs widersteht dem Verbiegen w\u00e4hrend der Entnahmearbeiten;Perfekte Balance<\/p>\n<p>4932478656<br \/>\n4058546348496<\/p>\n","protected":false},"excerpt":{"rendered":"<p>Gebogener Klauenhammer aus Stahl 20oz \/ 570g<\/p>\n","protected":false},"featured_media":541427,"template":"","meta":{"_seopress_robots_primary_cat":"","_seopress_titles_title":"","_seopress_titles_desc":"","_seopress_robots_index":""},"product_brand":[3407],"product_cat":[5416,33],"product_tag":[3270],"class_list":{"0":"post-638581","1":"product","2":"type-product","3":"status-publish","4":"has-post-thumbnail","6":"product_brand-milwaukee","7":"product_cat-utensili-per-officina","8":"product_cat-attrezzature","9":"product_tag-import-milwau","10":"sws-conto-ricavi-merci-rivendita-macchinari-de","11":"sws-gruppo-iva-iva81-de","13":"first","14":"onbackorder","15":"sale","16":"shipping-taxable","17":"purchasable","18":"product-type-simple"},"_links":{"self":[{"href":"https:\/\/lucacastelli.com\/de\/wp-json\/wp\/v2\/product\/638581","targetHints":{"allow":["GET"]}}],"collection":[{"href":"https:\/\/lucacastelli.com\/de\/wp-json\/wp\/v2\/product"}],"about":[{"href":"https:\/\/lucacastelli.com\/de\/wp-json\/wp\/v2\/types\/product"}],"wp:featuredmedia":[{"embeddable":true,"href":"https:\/\/lucacastelli.com\/de\/wp-json\/wp\/v2\/media\/541427"}],"wp:attachment":[{"href":"https:\/\/lucacastelli.com\/de\/wp-json\/wp\/v2\/media?parent=638581"}],"wp:term":[{"taxonomy":"product_brand","embeddable":true,"href":"https:\/\/lucacastelli.com\/de\/wp-json\/wp\/v2\/product_brand?post=638581"},{"taxonomy":"product_cat","embeddable":true,"href":"https:\/\/lucacastelli.com\/de\/wp-json\/wp\/v2\/product_cat?post=638581"},{"taxonomy":"product_tag","embeddable":true,"href":"https:\/\/lucacastelli.com\/de\/wp-json\/wp\/v2\/product_tag?post=638581"}],"curies":[{"name":"wp","href":"https:\/\/api.w.org\/{rel}","templated":true}]}}