{"id":638567,"date":"2025-08-09T19:52:39","date_gmt":"2025-08-09T17:52:39","guid":{"rendered":"https:\/\/lucacastelli.com\/prodotto\/milwaukee-nicht-anzeigen\/"},"modified":"2025-08-09T19:52:39","modified_gmt":"2025-08-09T17:52:39","slug":"milwaukee-nicht-anzeigen","status":"publish","type":"product","link":"https:\/\/lucacastelli.com\/de\/produkt\/milwaukee-nicht-anzeigen\/","title":{"rendered":"MILWAUKEE NICHT ANZEIGEN"},"content":{"rendered":"<p>TOOLGUARD Gef\u00fcllte 30in\/78CM SRC STD<br \/>\nSchubladen mit gepolstertem Verschluss mit 45 kg Tragf\u00e4higkeit. Untere Schublade mit 90 kg Tragf\u00e4higkeit;Einzelverriegelung der Schubladen verhindert unbeabsichtigtes \u00d6ffnen;125-mm-R\u00e4der (2 fest, 2 drehbar mit Feststellbremse);5 Schubladen mit den wichtigsten Werkzeugen f\u00fcr g\u00e4ngige Wartungsarbeiten;119-teiliger 1\/4-Zoll-, 3\/8-Zoll- und 1\/2-Zoll-Ratschen- und Steckschl\u00fcsselsatz mit Weichschaumeinlage, 27-teiliger MAXBITE-Kombischl\u00fcsselsatz mit Weichschaumeinlage, 4-teiliger Zangensatz mit Weichschaumeinlage, 5-teiliger MAXBITE-Knarren-Kombischl\u00fcsselsatz mit Weichschaumeinlage 10-teiliger Doppelmaulschl\u00fcssel-Satz mit weicher Schaumstoffeinlage, 23-teiliger Trilobe-Schraubendreher-Satz mit Schaumstoffeinlage, 3-teiliger Sicherungsringzangen-Satz mit Schaumstoffeinlage, 2-teiliger Hammer-Satz mit Schaumstoffeinlage, 3-teiliger Schneid- und Messsatz mit Schaumstoffeinlage, 30-Zoll-TOOLGUARD\u2122-Werkstattwagen <\/p>\n<p>4932498185<br \/>\n4058546520540<\/p>\n","protected":false},"excerpt":{"rendered":"<p>TOOLGUARD Gef\u00fcllt 30in\/78CM SRC STD<\/p>\n","protected":false},"featured_media":566521,"template":"","meta":{"_seopress_robots_primary_cat":"","_seopress_titles_title":"","_seopress_titles_desc":"","_seopress_robots_index":""},"product_brand":[3407],"product_cat":[5416,33],"product_tag":[3270],"class_list":{"0":"post-638567","1":"product","2":"type-product","3":"status-publish","4":"has-post-thumbnail","6":"product_brand-milwaukee","7":"product_cat-utensili-per-officina","8":"product_cat-attrezzature","9":"product_tag-import-milwau","10":"sws-conto-ricavi-merci-rivendita-macchinari-de","11":"sws-gruppo-iva-iva81-de","13":"first","14":"onbackorder","15":"sale","16":"shipping-taxable","17":"purchasable","18":"product-type-simple"},"_links":{"self":[{"href":"https:\/\/lucacastelli.com\/de\/wp-json\/wp\/v2\/product\/638567","targetHints":{"allow":["GET"]}}],"collection":[{"href":"https:\/\/lucacastelli.com\/de\/wp-json\/wp\/v2\/product"}],"about":[{"href":"https:\/\/lucacastelli.com\/de\/wp-json\/wp\/v2\/types\/product"}],"wp:featuredmedia":[{"embeddable":true,"href":"https:\/\/lucacastelli.com\/de\/wp-json\/wp\/v2\/media\/566521"}],"wp:attachment":[{"href":"https:\/\/lucacastelli.com\/de\/wp-json\/wp\/v2\/media?parent=638567"}],"wp:term":[{"taxonomy":"product_brand","embeddable":true,"href":"https:\/\/lucacastelli.com\/de\/wp-json\/wp\/v2\/product_brand?post=638567"},{"taxonomy":"product_cat","embeddable":true,"href":"https:\/\/lucacastelli.com\/de\/wp-json\/wp\/v2\/product_cat?post=638567"},{"taxonomy":"product_tag","embeddable":true,"href":"https:\/\/lucacastelli.com\/de\/wp-json\/wp\/v2\/product_tag?post=638567"}],"curies":[{"name":"wp","href":"https:\/\/api.w.org\/{rel}","templated":true}]}}