{"id":638466,"date":"2026-03-14T19:34:21","date_gmt":"2026-03-14T18:34:21","guid":{"rendered":"https:\/\/lucacastelli.com\/prodotto\/ortovox-150-cool-mtn-mission-ts\/"},"modified":"2026-04-01T01:51:40","modified_gmt":"2026-03-31T23:51:40","slug":"ortovox-150-cool-mtn-mission-ts","status":"publish","type":"product","link":"https:\/\/lucacastelli.com\/de\/produkt\/ortovox-150-cool-mtn-mission-ts\/","title":{"rendered":"ORTOVOX TRACE SHORTS"},"content":{"rendered":"<h3>MAXIMALE LEICHTIGKEIT UND BEWEGUNGSFREIHEIT<\/h3>\n<p>Extrem leichte Shorts mit viel Bewegungsfreiheit f\u00fcr schnelle H\u00f6henmeter<\/p>\n<h4>Highlights<\/h4>\n<div class=\"product__detail-highlights\">\n<ul>\n<li>Extrem leicht<\/li>\n<li>Feuchtigkeitsregulierender Merino-Bund f\u00fcr maximalen Komfort<\/li>\n<li>Lockerer Schnitt<\/li>\n<\/ul>\n<\/div>\n<div class=\"product-detail-description-text\">\n<p>Ultraleicht, noch schneller. Vielseitig und minimalistisch: Die TRACE SHORTS sind f\u00fcr alle konzipiert, die alles geben wollen. Das ultraleichte SHIELD ULTRA LIGHT Material ist so d\u00fcnn und flexibel, dass man es kaum sp\u00fcrt. Dieses hoch atmungsaktive, robuste Gewebe trocknet schnell und ist ideal f\u00fcr anspruchsvolle Touren an hei\u00dfen Tagen. Das 4-Wege-Stretch-Material und der lockere Schnitt bieten volle Bewegungsfreiheit, w\u00e4hrend der elastische Merino-Bund weich auf der Haut liegt und die K\u00f6rpertemperatur nat\u00fcrlich reguliert. Mehr Freiheit, weniger Gewicht.     <\/p>\n<\/div>\n<div id=\"acc_product_features_collapse\" class=\"accordion-collapse cms-element-acris-accordion-content collapse show\" aria-labelledby=\"acc_product_features_heading\" data-bs-parent=\"#acc_properties\">\n<div class=\"accordion-body\">\n<div id=\"acc_product_features_collapse\" class=\"accordion-collapse cms-element-acris-accordion-content collapse show\" aria-labelledby=\"acc_product_features_heading\" data-bs-parent=\"#acc_properties\">\n<div class=\"accordion-body\">\n<p>Eigenschaften<br \/>\nElastischer Merino-Saum<br \/>\nRegulierbarer Bund mit Kordelzug<br \/>\n2 Seitentaschen<br \/>\n1 verdeckte Rei\u00dfverschlusstasche<\/p>\n<\/div>\n<p>Material<br \/>\nHAUPTMATERIAL: 85 % Polyamid (recycelt) + 15 % Elasthan, BUND: 67 % Schurwolle (MERINO) + 20 % Polyester + 13 % Elasthan<\/p>\n<\/div>\n<\/div>\n<\/div>\n","protected":false},"excerpt":{"rendered":"<p>MAXIMALE LEICHTIGKEIT UND BEWEGUNGSFREIHEIT Extrem leichte Shorts mit viel Bewegungsfreiheit f\u00fcr schnelle H\u00f6henmeter Highlights Extrem leicht Feuchtigkeitsregulierender Merino-Bund f\u00fcr maximalen<\/p>\n","protected":false},"featured_media":799143,"template":"","meta":{"_seopress_robots_primary_cat":"","_seopress_titles_title":"","_seopress_titles_desc":"","_seopress_robots_index":""},"product_brand":[3280],"product_cat":[21,189,190],"product_tag":[],"class_list":{"0":"post-638466","1":"product","2":"type-product","3":"status-publish","4":"has-post-thumbnail","6":"product_brand-ortovox","7":"product_cat-abbigliamento","8":"product_cat-abbigliamento-per-il-tempo-libero","9":"product_cat-abbigliamento-da-uomo","10":"sws-gruppo-abb-libero-de","11":"sws-conto-ricavi-merci-rivendita-abbigliamento-de","12":"sws-gruppo-iva-iva81-de","14":"first","15":"instock","16":"shipping-taxable","17":"purchasable","18":"product-type-variable","19":"has-default-attributes"},"_links":{"self":[{"href":"https:\/\/lucacastelli.com\/de\/wp-json\/wp\/v2\/product\/638466","targetHints":{"allow":["GET"]}}],"collection":[{"href":"https:\/\/lucacastelli.com\/de\/wp-json\/wp\/v2\/product"}],"about":[{"href":"https:\/\/lucacastelli.com\/de\/wp-json\/wp\/v2\/types\/product"}],"wp:featuredmedia":[{"embeddable":true,"href":"https:\/\/lucacastelli.com\/de\/wp-json\/wp\/v2\/media\/799143"}],"wp:attachment":[{"href":"https:\/\/lucacastelli.com\/de\/wp-json\/wp\/v2\/media?parent=638466"}],"wp:term":[{"taxonomy":"product_brand","embeddable":true,"href":"https:\/\/lucacastelli.com\/de\/wp-json\/wp\/v2\/product_brand?post=638466"},{"taxonomy":"product_cat","embeddable":true,"href":"https:\/\/lucacastelli.com\/de\/wp-json\/wp\/v2\/product_cat?post=638466"},{"taxonomy":"product_tag","embeddable":true,"href":"https:\/\/lucacastelli.com\/de\/wp-json\/wp\/v2\/product_tag?post=638466"}],"curies":[{"name":"wp","href":"https:\/\/api.w.org\/{rel}","templated":true}]}}