{"id":638425,"date":"2025-10-02T19:22:44","date_gmt":"2025-10-02T17:22:44","guid":{"rendered":"https:\/\/lucacastelli.com\/prodotto\/ortovox-seceda-softshell-hose\/"},"modified":"2026-04-01T01:51:40","modified_gmt":"2026-03-31T23:51:40","slug":"ortovox-seceda-softshell-hose","status":"publish","type":"product","link":"https:\/\/lucacastelli.com\/de\/produkt\/ortovox-seceda-softshell-hose\/","title":{"rendered":"ORTOVOX SECEDA SOFTSHELL HOSE"},"content":{"rendered":"<h2 id=\"toc-entry-target-1\" class=\"js-toc__title pds__detail-headline\">MAXIMALER KOMFORT UND ZUVERL\u00c4SSIGER SCHUTZ<\/h2>\n<h3>Vielseitige und funktionelle Softshell-Hose mit Merinowolle f\u00fcr die Berge<\/h3>\n<p>&nbsp;<\/p>\n<p>Schroffe Gipfel, kaltes Gestein, sonnige Grate: Agiles Bergwandern steht f\u00fcr abwechslungsreiches Gel\u00e4nde, wechselnde Wetterbedingungen und hohe Anspr\u00fcche an die Bekleidung.<\/p>\n<p>Das MERINO SHIELD TEC SOFT Material der SECEDA SOFTSHELL Linie ist winddicht, wasserabweisend, elastisch und robust. Das Innenfutter aus Merinowolle liegt weich auf der Haut und sorgt f\u00fcr eine optimale Thermoregulation. <\/p>\n<p>Maximaler Komfort und zuverl\u00e4ssiger Schutz. Die SECEDA SOFTSHELL HOSE ist mit einem weitenregulierbaren Bund und Saum, zwei Seitentaschen und einer Oberschenkeltasche ausgestattet. Der ergonomische Schnitt und das Stretchmaterial bieten maximale Bewegungsfreiheit bei anspruchsvollen alpinen Touren.  <\/p>\n<p>Die SECEDA SOFTSHELL HOSE ist in verschiedenen L\u00e4ngen erh\u00e4ltlich: KURZ (-5 cm), REGULAR und LANG (+5 cm).<\/p>\n<p>&nbsp;<\/p>\n<div id=\"pds__accordion-features-heading\" class=\"mb-4 mb-md-35\">\n<h3 class=\"pds__accordion-headline p-relative cursor-pointer p-0 m-0\"><span class=\"d-block p-0 accordion js-accordion-custom-toggle js-accordion-custom-toggle--hide-on-collapse\" role=\"button\" data-collapse=\"false\" data-target=\"#pds__accordion-features-wrapper\" data-multitarget-disabled-mobile=\"\" aria-expanded=\"true\" aria-controls=\"pds__accordion-features-wrapper\"><span class=\"d-flex justify-content-between align-items-center\"><span class=\"word-break-word\">Eigenschaften<\/span><i class=\"accordion__icon pds__accordion-icon icon\"><\/i><\/span><\/span><\/h3>\n<\/div>\n<div class=\"pds__accordion-wrapper\">\n<div id=\"pds__accordion-features-wrapper\" class=\"pds__accordion-features-multi-target collapse show\" data-partial-multi-target=\"true\" data-parent=\"#pds__accordion-features\">\n<div class=\"pb-4\">\n<div class=\"overflow-hidden\">\n<div class=\"wysiwyg\">\n<ul>\n<li>Verstellbarer Saum<\/li>\n<li>2 Seitentaschen<\/li>\n<li>1 Oberschenkeltasche<\/li>\n<li>Haken f\u00fcr Schn\u00fcrsenkel<\/li>\n<li>Robuster Beinabschluss<\/li>\n<li>Verstellbarer Bund<\/li>\n<li>Regular Fit<\/li>\n<\/ul>\n<\/div>\n<div id=\"pds__accordion-material-properties-heading\" class=\"mb-4 mb-md-35\">\n<h3 class=\"pds__accordion-headline p-relative cursor-pointer p-0 m-0\"><span class=\"d-block p-0 accordion js-accordion-custom-toggle js-accordion-custom-toggle--hide-on-collapse\" role=\"button\" data-collapse=\"false\" data-target=\"#pds__accordion-material-properties-wrapper\" data-multitarget-disabled-mobile=\"\" aria-expanded=\"true\" aria-controls=\"pds__accordion-material-properties-wrapper\"><span class=\"d-flex justify-content-between align-items-center\"><span class=\"word-break-word\">Materialeigenschaften<\/span><i class=\"accordion__icon pds__accordion-icon icon\"><\/i><\/span><\/span><\/h3>\n<\/div>\n<div class=\"pds__accordion-wrapper\">\n<div id=\"pds__accordion-material-properties-wrapper\" class=\"pds__accordion-material-properties-multi-target collapse show\" data-partial-multi-target=\"true\" data-parent=\"#pds__accordion-material-properties\">\n<div class=\"pb-4\">\n<div class=\"overflow-hidden\">\n<div class=\"wysiwyg\">\n<ul>\n<li>MERINO SHIELD TEC SOFT: Merinowolle in Hautkontakt, Hohe Abriebfestigkeit: &gt;100.000 Abriebrunden im Martindale-Test, 4-Wege-Stretchgewebe, Wasserabweisend und windresistent<\/li>\n<li>SHIELD LIGHT: Strapazierf\u00e4hig (&gt; 80.000 Scheuerzyklen im Martindale-Test), maximale Bewegungsfreiheit, atmungsaktiv, schnell trocknend, wasserabweisend durch PFC-freie DWR-Behandlung, 4-Wege-Stretch-Material<\/li>\n<\/ul>\n<p>HAUPTMATERIAL: 83 % Polyamid + 10 % Elastan + 7 % Wolle (MERINO) INNEN: 91 % Polyamid + 9 % Elastan<\/p>\n<\/div>\n<\/div>\n<\/div>\n<\/div>\n<\/div>\n<\/div>\n<\/div>\n<\/div>\n<\/div>\n","protected":false},"excerpt":{"rendered":"<p>MAXIMALER KOMFORT UND ZUVERL\u00c4SSIGER SCHUTZ Vielseitige und funktionelle Softshell-Hose mit Merinowolle f\u00fcr die Berge &nbsp; Schroffe Gipfel, kaltes Gestein, sonnige<\/p>\n","protected":false},"featured_media":638435,"template":"","meta":{"_seopress_robots_primary_cat":"none","_seopress_titles_title":"","_seopress_titles_desc":"","_seopress_robots_index":""},"product_brand":[3280],"product_cat":[21,189,190],"product_tag":[],"class_list":{"0":"post-638425","1":"product","2":"type-product","3":"status-publish","4":"has-post-thumbnail","6":"product_brand-ortovox","7":"product_cat-abbigliamento","8":"product_cat-abbigliamento-per-il-tempo-libero","9":"product_cat-abbigliamento-da-uomo","10":"sws-gruppo-abb-libero-de","11":"sws-conto-ricavi-merci-rivendita-abbigliamento-de","12":"sws-gruppo-iva-iva81-de","14":"first","15":"instock","16":"shipping-taxable","17":"purchasable","18":"product-type-variable","19":"has-default-attributes"},"_links":{"self":[{"href":"https:\/\/lucacastelli.com\/de\/wp-json\/wp\/v2\/product\/638425","targetHints":{"allow":["GET"]}}],"collection":[{"href":"https:\/\/lucacastelli.com\/de\/wp-json\/wp\/v2\/product"}],"about":[{"href":"https:\/\/lucacastelli.com\/de\/wp-json\/wp\/v2\/types\/product"}],"wp:featuredmedia":[{"embeddable":true,"href":"https:\/\/lucacastelli.com\/de\/wp-json\/wp\/v2\/media\/638435"}],"wp:attachment":[{"href":"https:\/\/lucacastelli.com\/de\/wp-json\/wp\/v2\/media?parent=638425"}],"wp:term":[{"taxonomy":"product_brand","embeddable":true,"href":"https:\/\/lucacastelli.com\/de\/wp-json\/wp\/v2\/product_brand?post=638425"},{"taxonomy":"product_cat","embeddable":true,"href":"https:\/\/lucacastelli.com\/de\/wp-json\/wp\/v2\/product_cat?post=638425"},{"taxonomy":"product_tag","embeddable":true,"href":"https:\/\/lucacastelli.com\/de\/wp-json\/wp\/v2\/product_tag?post=638425"}],"curies":[{"name":"wp","href":"https:\/\/api.w.org\/{rel}","templated":true}]}}