{"id":638424,"date":"2025-10-03T07:27:17","date_gmt":"2025-10-03T05:27:17","guid":{"rendered":"https:\/\/lucacastelli.com\/prodotto\/ortovox-fleece-vest-m\/"},"modified":"2026-04-01T01:51:40","modified_gmt":"2026-03-31T23:51:40","slug":"ortovox-fleece-vest-m","status":"publish","type":"product","link":"https:\/\/lucacastelli.com\/de\/produkt\/ortovox-fleece-vest-m\/","title":{"rendered":"ORTOVOX FLEECE VEST M"},"content":{"rendered":"<h2 id=\"toc-entry-target-1\" class=\"js-toc__title pds__detail-headline\">Bereit f\u00fcr den Winter<\/h2>\n<h3>Warme Fleeceweste aus recyceltem Polyester und Merinowolle, konzipiert f\u00fcr k\u00fchle und niederschlagsfreie Tage<\/h3>\n<p>&nbsp;<\/p>\n<p>Die FLEECE VEST f\u00fcr Herren ist ein unverzichtbares Kleidungsst\u00fcck, das die Funktionalit\u00e4t, Bewegungsfreiheit und den nat\u00fcrlichen W\u00e4rmekomfort bietet, die in den Bergen an kalten Wintertagen unerl\u00e4sslich sind.<\/p>\n<p>Die Oberfl\u00e4chenoptik der neuen Verarbeitung dieses bew\u00e4hrten Fleece-Kleidungsst\u00fccks unterstreicht den schlichten und sportlichen Look. Die hochwertigen Verarbeitungsmaterialien sind zudem vollst\u00e4ndig nachhaltig. Die au\u00dfergew\u00f6hnliche Kombination aus weicher Merinowolle auf der Innenseite und recyceltem Polyester auf der Au\u00dfenseite macht es zu einem \u00e4u\u00dferst strapazierf\u00e4higen und atmungsaktiven Kleidungsst\u00fcck.  <\/p>\n<p>Da das MERINO FLEECE sehr elastisch ist, passt sich die FLEECE VEST f\u00fcr Herren optimal dem K\u00f6rper an und bietet maximale Bewegungsfreiheit. Die weiche Merinowolle, die auf nat\u00fcrliche Weise Feuchtigkeit und Temperatur reguliert, sorgt f\u00fcr eine optimale K\u00f6rpertemperatur und ist angenehm auf der Haut. <\/p>\n<p>Die beiden Seitentaschen mit traditionellem Loden der Firma STEINER halten die H\u00e4nde warm und bieten Platz f\u00fcr kleine, wichtige Gegenst\u00e4nde, die immer griffbereit sein m\u00fcssen. Dank der speziellen Verarbeitungstechnik schlie\u00dfen die Daumenschlaufen optimal und verhindern so einen W\u00e4rmeverlust. So ist unsere FLEECE VEST f\u00fcr Herren bereit f\u00fcr alle Ihre Winteraktivit\u00e4ten, sowohl in den Bergen als auch im Tal.  <\/p>\n<p>&nbsp;<\/p>\n<div id=\"pds__accordion-features-heading\" class=\"mb-4 mb-md-35\">\n<h3 class=\"pds__accordion-headline p-relative cursor-pointer p-0 m-0\"><span class=\"d-block p-0 accordion js-accordion-custom-toggle js-accordion-custom-toggle--hide-on-collapse\" role=\"button\" data-collapse=\"false\" data-target=\"#pds__accordion-features-wrapper\" data-multitarget-disabled-mobile=\"\" aria-expanded=\"true\" aria-controls=\"pds__accordion-features-wrapper\"><span class=\"d-flex justify-content-between align-items-center\"><span class=\"word-break-word\">Eigenschaften<\/span><i class=\"accordion__icon pds__accordion-icon icon\"><\/i><\/span><\/span><\/h3>\n<\/div>\n<div class=\"pds__accordion-wrapper\">\n<div id=\"pds__accordion-features-wrapper\" class=\"pds__accordion-features-multi-target collapse show\" data-partial-multi-target=\"true\" data-parent=\"#pds__accordion-features\">\n<div class=\"pb-4\">\n<div class=\"overflow-hidden\">\n<div class=\"wysiwyg\">\n<ul>\n<li>Schutzkragen<\/li>\n<li>2 Fronttaschen<\/li>\n<li>Regular Fit<\/li>\n<\/ul>\n<\/div>\n<div id=\"pds__accordion-material-properties-heading\" class=\"mb-4 mb-md-35\">\n<h3 class=\"pds__accordion-headline p-relative cursor-pointer p-0 m-0\"><span class=\"d-block p-0 accordion js-accordion-custom-toggle js-accordion-custom-toggle--hide-on-collapse\" role=\"button\" data-collapse=\"false\" data-target=\"#pds__accordion-material-properties-wrapper\" data-multitarget-disabled-mobile=\"\" aria-expanded=\"true\" aria-controls=\"pds__accordion-material-properties-wrapper\"><span class=\"d-flex justify-content-between align-items-center\"><span class=\"word-break-word\">Materialeigenschaften<\/span><i class=\"accordion__icon pds__accordion-icon icon\"><\/i><\/span><\/span><\/h3>\n<\/div>\n<div class=\"pds__accordion-wrapper\">\n<div id=\"pds__accordion-material-properties-wrapper\" class=\"pds__accordion-material-properties-multi-target collapse show\" data-partial-multi-target=\"true\" data-parent=\"#pds__accordion-material-properties\">\n<div class=\"pb-4\">\n<div class=\"overflow-hidden\">\n<div class=\"wysiwyg\">\n<ul>\n<li>Merinowolle auf der Haut<\/li>\n<li>Hohe Atmungsaktivit\u00e4t<\/li>\n<li>Sehr elastisch<\/li>\n<li>Langlebigkeit und Robustheit<\/li>\n<li>Trocknet schnell<\/li>\n<li>Hoher Tragekomfort<\/li>\n<\/ul>\n<p>HAUPTMATERIAL: 64 % Polyester (recycelt) + 30 % Schurwolle (OWP-Merino) + 6 % Elastan EINS\u00c4TZE: 100 % Schurwolle (OWP-MERINO)<\/p>\n<\/div>\n<\/div>\n<\/div>\n<\/div>\n<\/div>\n<\/div>\n<\/div>\n<\/div>\n<\/div>\n","protected":false},"excerpt":{"rendered":"<p>Bereit f\u00fcr den Winter Warme Fleeceweste aus recyceltem Polyester und Merinowolle, konzipiert f\u00fcr k\u00fchle und niederschlagsfreie Tage &nbsp; Die FLEECE<\/p>\n","protected":false},"featured_media":638429,"template":"","meta":{"_seopress_robots_primary_cat":"none","_seopress_titles_title":"","_seopress_titles_desc":"","_seopress_robots_index":""},"product_brand":[3280],"product_cat":[21,189,190],"product_tag":[],"class_list":{"0":"post-638424","1":"product","2":"type-product","3":"status-publish","4":"has-post-thumbnail","6":"product_brand-ortovox","7":"product_cat-abbigliamento","8":"product_cat-abbigliamento-per-il-tempo-libero","9":"product_cat-abbigliamento-da-uomo","10":"sws-gruppo-abb-libero-de","11":"sws-conto-ricavi-merci-rivendita-abbigliamento-de","12":"sws-gruppo-iva-iva81-de","14":"first","15":"instock","16":"shipping-taxable","17":"purchasable","18":"product-type-variable","19":"has-default-attributes"},"_links":{"self":[{"href":"https:\/\/lucacastelli.com\/de\/wp-json\/wp\/v2\/product\/638424","targetHints":{"allow":["GET"]}}],"collection":[{"href":"https:\/\/lucacastelli.com\/de\/wp-json\/wp\/v2\/product"}],"about":[{"href":"https:\/\/lucacastelli.com\/de\/wp-json\/wp\/v2\/types\/product"}],"wp:featuredmedia":[{"embeddable":true,"href":"https:\/\/lucacastelli.com\/de\/wp-json\/wp\/v2\/media\/638429"}],"wp:attachment":[{"href":"https:\/\/lucacastelli.com\/de\/wp-json\/wp\/v2\/media?parent=638424"}],"wp:term":[{"taxonomy":"product_brand","embeddable":true,"href":"https:\/\/lucacastelli.com\/de\/wp-json\/wp\/v2\/product_brand?post=638424"},{"taxonomy":"product_cat","embeddable":true,"href":"https:\/\/lucacastelli.com\/de\/wp-json\/wp\/v2\/product_cat?post=638424"},{"taxonomy":"product_tag","embeddable":true,"href":"https:\/\/lucacastelli.com\/de\/wp-json\/wp\/v2\/product_tag?post=638424"}],"curies":[{"name":"wp","href":"https:\/\/api.w.org\/{rel}","templated":true}]}}