{"id":638397,"date":"2025-10-21T14:29:24","date_gmt":"2025-10-21T12:29:24","guid":{"rendered":"https:\/\/lucacastelli.com\/prodotto\/echo-srm-420tesu\/"},"modified":"2025-10-21T14:29:24","modified_gmt":"2025-10-21T12:29:24","slug":"echo-srm-420tesu","status":"publish","type":"product","link":"https:\/\/lucacastelli.com\/de\/produkt\/echo-srm-420tesu\/","title":{"rendered":"ECHO SRM-420TESU"},"content":{"rendered":"<p>Dieses <strong>professionelle Freischneider<\/strong>-Modell der X Series garantiert dank des speziellen High-Torque-Winkelgetriebes hervorragende Schnittleistung und hohe Effizienz. Der praktische U-Griff bietet erh\u00f6hten Bedienkomfort bei der Arbeit auf gro\u00dfen Fl\u00e4chen. <\/p>\n<p>&nbsp;<\/p>\n<table>\n<tbody>\n<tr>\n<td>Hubraum (ccm)<\/td>\n<td>41,5<\/td>\n<\/tr>\n<tr>\n<td>Leistung* (kW (PS))<\/td>\n<td>1,8 (2,45)<\/td>\n<\/tr>\n<tr>\n<td>Trockengewicht*1 (kg)<\/td>\n<td>8,7<\/td>\n<\/tr>\n<tr>\n<td>L\u00e4nge ohne Schneidwerkzeug (mm)<\/td>\n<td>1852<\/td>\n<\/tr>\n<\/tbody>\n<\/table>\n","protected":false},"excerpt":{"rendered":"<p>Dieses professionelle Freischneider-Modell der X Series garantiert dank des speziellen High-Torque-Winkelgetriebes hervorragende Schnittleistung und hohe Effizienz. Der praktische U-Griff bietet<\/p>\n","protected":false},"featured_media":637820,"template":"","meta":{"_seopress_robots_primary_cat":"none","_seopress_titles_title":"","_seopress_titles_desc":"","_seopress_robots_index":""},"product_brand":[3622],"product_cat":[1581,169,1610],"product_tag":[],"class_list":{"0":"post-638397","1":"product","2":"type-product","3":"status-publish","4":"has-post-thumbnail","6":"product_brand-echo-de","7":"product_cat-freischneider-und-trimmer","8":"product_cat-maschinen","9":"product_cat-motorsensen-und-trimmer","10":"sws-gruppo-macchinari-de","11":"sws-conto-ricavi-merci-rivendita-macchinari-de","12":"sws-gruppo-iva-iva81-de","14":"first","15":"instock","16":"shipping-taxable","17":"purchasable","18":"product-type-simple"},"_links":{"self":[{"href":"https:\/\/lucacastelli.com\/de\/wp-json\/wp\/v2\/product\/638397","targetHints":{"allow":["GET"]}}],"collection":[{"href":"https:\/\/lucacastelli.com\/de\/wp-json\/wp\/v2\/product"}],"about":[{"href":"https:\/\/lucacastelli.com\/de\/wp-json\/wp\/v2\/types\/product"}],"wp:featuredmedia":[{"embeddable":true,"href":"https:\/\/lucacastelli.com\/de\/wp-json\/wp\/v2\/media\/637820"}],"wp:attachment":[{"href":"https:\/\/lucacastelli.com\/de\/wp-json\/wp\/v2\/media?parent=638397"}],"wp:term":[{"taxonomy":"product_brand","embeddable":true,"href":"https:\/\/lucacastelli.com\/de\/wp-json\/wp\/v2\/product_brand?post=638397"},{"taxonomy":"product_cat","embeddable":true,"href":"https:\/\/lucacastelli.com\/de\/wp-json\/wp\/v2\/product_cat?post=638397"},{"taxonomy":"product_tag","embeddable":true,"href":"https:\/\/lucacastelli.com\/de\/wp-json\/wp\/v2\/product_tag?post=638397"}],"curies":[{"name":"wp","href":"https:\/\/api.w.org\/{rel}","templated":true}]}}